{"id":87666,"date":"2026-04-09T13:02:12","date_gmt":"2026-04-09T11:02:12","guid":{"rendered":"https:\/\/toms-korallen.de\/?post_type=product&#038;p=87666"},"modified":"2026-04-09T13:07:40","modified_gmt":"2026-04-09T11:07:40","slug":"vds-litophyton-soft-orange","status":"publish","type":"product","link":"https:\/\/toms-korallen.de\/fr\/vds-litophyton-soft-orange\/","title":{"rendered":"VDS &#8211; Litophyton &#8216;Soft Orange&#8217;"},"content":{"rendered":"<div class=\"flex flex-col text-sm pb-25\">\n<section class=\"text-token-text-primary w-full focus:outline-none [--shadow-height:45px] has-data-writing-block:pointer-events-none has-data-writing-block:-mt-(--shadow-height) has-data-writing-block:pt-(--shadow-height) [&amp;:has([data-writing-block])&gt;*]:pointer-events-auto scroll-mt-[calc(var(--header-height)+min(200px,max(70px,20svh)))]\" dir=\"auto\" data-turn-id=\"request-WEB:a89fe8df-f7bc-4224-92ff-3dd203140239-1\" data-testid=\"conversation-turn-4\" data-scroll-anchor=\"true\" data-turn=\"assistant\">\n<div class=\"text-base my-auto mx-auto pb-10 [--thread-content-margin:var(--thread-content-margin-xs,calc(var(--spacing)*4))] @w-sm\/main:[--thread-content-margin:var(--thread-content-margin-sm,calc(var(--spacing)*6))] @w-lg\/main:[--thread-content-margin:var(--thread-content-margin-lg,calc(var(--spacing)*16))] px-(--thread-content-margin)\">\n<div class=\"[--thread-content-max-width:40rem] @w-lg\/main:[--thread-content-max-width:48rem] mx-auto max-w-(--thread-content-max-width) flex-1 group\/turn-messages focus-visible:outline-hidden relative flex w-full min-w-0 flex-col agent-turn\">\n<div class=\"flex max-w-full flex-col gap-4 grow\">\n<div class=\"min-h-8 text-message relative flex w-full flex-col items-end gap-2 text-start break-words whitespace-normal outline-none keyboard-focused:focus-ring [.text-message+&amp;]:mt-1\" dir=\"auto\" tabindex=\"0\" data-message-author-role=\"assistant\" data-message-id=\"ffb18fc1-e6e3-48aa-a217-1fe63d8e18ce\" data-message-model-slug=\"gpt-5-3\" data-turn-start-message=\"true\">\n<div class=\"flex w-full flex-col gap-1 empty:hidden\">\n<div class=\"markdown prose dark:prose-invert w-full wrap-break-word light markdown-new-styling\">\n<h1 data-start=\"0\" data-end=\"580\">Litophyton &#8216;Soft Orange&#8217;<\/h1>\n<p data-start=\"0\" data-end=\"580\">Die Weichkoralle <em data-start=\"17\" data-end=\"29\">Litophyton<\/em> \u201eSoft Orange\u201c geh\u00f6rt zur Gattung <em data-start=\"63\" data-end=\"75\">Litophyton<\/em> innerhalb der Familie Nephtheidae und ist eine beliebte, auff\u00e4llig gef\u00e4rbte Koralle f\u00fcr Meerwasseraquarien. Bei der Bezeichnung \u201eSoft Orange\u201c handelt es sich um einen Handelsnamen und nicht um eine exakt bestimmte Art, weshalb sie meist als <em data-start=\"317\" data-end=\"329\">Litophyton<\/em> sp. gef\u00fchrt wird. Diese Korallen stammen urspr\u00fcnglich aus dem Indopazifik, insbesondere aus Regionen wie Indonesien, dem Roten Meer oder den Fidschi-Inseln, wo sie in flachen, lichtdurchfluteten Riffzonen mit moderater bis starker Str\u00f6mung vorkommen.<\/p>\n<p data-start=\"582\" data-end=\"1198\">Charakteristisch f\u00fcr die Weichkoralle <em data-start=\"620\" data-end=\"632\">Litophyton<\/em> \u201eSoft Orange\u201c ist ihr baumartiger, buschiger Wuchs mit zahlreichen feinen Polypen, die sich bei guten Bedingungen vollst\u00e4ndig \u00f6ffnen und dem Tier ein weiches, lebendiges Erscheinungsbild verleihen. Die leuchtend orange F\u00e4rbung macht sie zu einem echten Blickfang im Riffaquarium, wobei die Farbintensit\u00e4t sowohl von der Beleuchtung als auch von der individuellen Herkunft abh\u00e4ngen kann. Anders als Steinkorallen besitzt diese Weichkoralle kein hartes Kalkskelett, sondern eine flexible Struktur, die durch kleine Kalknadeln, sogenannte Skleriten, stabilisiert wird.<\/p>\n<h2 data-start=\"1200\" data-end=\"1742\">Haltung<\/h2>\n<p data-start=\"1200\" data-end=\"1742\">F\u00fcr die erfolgreiche Haltung der <em data-start=\"1233\" data-end=\"1245\">Litophyton<\/em> \u201eSoft Orange\u201c im Meerwasseraquarium sind stabile Wasserwerte entscheidend. Die optimale Wassertemperatur liegt zwischen 24 und 27 Grad Celsius, w\u00e4hrend eine mittlere bis starke Beleuchtung sowie eine gute, nicht zu direkte Str\u00f6mung das Wachstum und die Polypen\u00f6ffnung f\u00f6rdern. Ein Aquarium ab etwa 100 Litern bietet ausreichend Platz, damit sich die Koralle entfalten kann. Besonders wichtig ist eine konstante Wasserqualit\u00e4t, da diese Weichkorallen empfindlich auf Schwankungen reagieren k\u00f6nnen.<\/p>\n<p data-start=\"1744\" data-end=\"2128\">Die Ern\u00e4hrung der Weichkoralle <em data-start=\"1775\" data-end=\"1787\">Litophyton<\/em> erfolgt \u00fcberwiegend \u00fcber symbiotische Zooxanthellen, die durch Photosynthese Energie liefern. Zus\u00e4tzlich kann sie feine Schwebstoffe wie Phyto- und Zooplankton aufnehmen, was insbesondere in n\u00e4hrstoffarmen Aquarien von Vorteil ist. Regelm\u00e4\u00dfige, gezielte F\u00fctterung mit geeignetem Staubfutter kann das Wachstum und die Vitalit\u00e4t unterst\u00fctzen.<\/p>\n<p data-start=\"2130\" data-end=\"2655\">Im Aquarium zeigt die <em data-start=\"2152\" data-end=\"2164\">Litophyton<\/em> \u201eSoft Orange\u201c typische Verhaltensweisen von Weichkorallen, wie das gelegentliche Absto\u00dfen einer Schleimschicht, die der Selbstreinigung dient. Zudem kann sie chemische Stoffe ins Wasser abgeben, um sich gegen\u00fcber anderen Korallen durchzusetzen, weshalb ausreichend Abstand zu empfindlichen Arten eingehalten werden sollte. Aufgrund ihrer spezifischen Anspr\u00fcche und der m\u00f6glichen Empfindlichkeit gegen\u00fcber instabilen Bedingungen gilt sie als eher f\u00fcr Aquarianer mit etwas Erfahrung geeignet.<\/p>\n<\/div>\n<\/div>\n<\/div>\n<\/div>\n<div class=\"z-0 flex min-h-[46px] justify-start\"><\/div>\n<div class=\"mt-3 w-full empty:hidden\">\n<div class=\"text-center\"><\/div>\n<\/div>\n<\/div>\n<\/div>\n<\/section>\n<\/div>\n<div class=\"pointer-events-none h-px w-px absolute bottom-0\" aria-hidden=\"true\" data-edge=\"true\"><\/div>\n","protected":false},"excerpt":{"rendered":"<h3>De la barre<\/h3>\n<p>Tu re\u00e7ois un rejeton comparable<\/p>","protected":false},"featured_media":87668,"comment_status":"open","ping_status":"closed","template":"","meta":{"_acf_changed":false},"origin":[],"product_brand":[],"product_cat":[93,132,150,311,385,410,413,448],"product_tag":[],"class_list":{"0":"post-87666","1":"product","2":"type-product","3":"status-publish","4":"has-post-thumbnail","6":"product_cat-korallen_kaufen","7":"product_cat-von-der-stange","8":"product_cat-sonstige","9":"product_cat-sonstige-von-der-stange","10":"product_cat-hart-im-nehmen","11":"product_cat-korallen-fuer-anfaenger","12":"product_cat-erste-korallen","13":"product_cat-b2b","14":"product_shipping_class-lebendtierversand","16":"first","17":"instock","18":"taxable","19":"shipping-taxable","20":"purchasable","21":"product-type-simple"},"acf":[],"jetpack_sharing_enabled":true,"_links":{"self":[{"href":"https:\/\/toms-korallen.de\/fr\/wp-json\/wp\/v2\/product\/87666","targetHints":{"allow":["GET"]}}],"collection":[{"href":"https:\/\/toms-korallen.de\/fr\/wp-json\/wp\/v2\/product"}],"about":[{"href":"https:\/\/toms-korallen.de\/fr\/wp-json\/wp\/v2\/types\/product"}],"replies":[{"embeddable":true,"href":"https:\/\/toms-korallen.de\/fr\/wp-json\/wp\/v2\/comments?post=87666"}],"version-history":[{"count":3,"href":"https:\/\/toms-korallen.de\/fr\/wp-json\/wp\/v2\/product\/87666\/revisions"}],"predecessor-version":[{"id":87671,"href":"https:\/\/toms-korallen.de\/fr\/wp-json\/wp\/v2\/product\/87666\/revisions\/87671"}],"wp:featuredmedia":[{"embeddable":true,"href":"https:\/\/toms-korallen.de\/fr\/wp-json\/wp\/v2\/media\/87668"}],"wp:attachment":[{"href":"https:\/\/toms-korallen.de\/fr\/wp-json\/wp\/v2\/media?parent=87666"}],"wp:term":[{"taxonomy":"origin","embeddable":true,"href":"https:\/\/toms-korallen.de\/fr\/wp-json\/wp\/v2\/origin?post=87666"},{"taxonomy":"product_brand","embeddable":true,"href":"https:\/\/toms-korallen.de\/fr\/wp-json\/wp\/v2\/product_brand?post=87666"},{"taxonomy":"product_cat","embeddable":true,"href":"https:\/\/toms-korallen.de\/fr\/wp-json\/wp\/v2\/product_cat?post=87666"},{"taxonomy":"product_tag","embeddable":true,"href":"https:\/\/toms-korallen.de\/fr\/wp-json\/wp\/v2\/product_tag?post=87666"}],"curies":[{"name":"wp","href":"https:\/\/api.w.org\/{rel}","templated":true}]}}