{"id":87469,"date":"2026-03-31T18:37:56","date_gmt":"2026-03-31T16:37:56","guid":{"rendered":"https:\/\/toms-korallen.de\/?post_type=product&#038;p=87469"},"modified":"2026-03-31T18:37:56","modified_gmt":"2026-03-31T16:37:56","slug":"acropora-tenuis-pastel-blue-8","status":"publish","type":"product","link":"https:\/\/toms-korallen.de\/fr\/acropora-tenuis-pastel-blue-8\/","title":{"rendered":"Acropora Tenuis \u2018Pastel Blue\u2019"},"content":{"rendered":"<h1>Acropora Tenuis \u2018Pastel Blue\u2019<\/h1>\n\n<h2><strong data-start=\"247\" data-end=\"263\">Coraux SPS<\/strong><\/h2>\n<p data-start=\"213\" data-end=\"674\">Coraux durs \u00e0 petits polypes, \u00e9galement appel\u00e9s <strong data-start=\"247\" data-end=\"263\">Coraux SPS<\/strong> sont l'un des groupes les plus populaires pour les aquariums r\u00e9cifaux. En particulier <strong data-start=\"336\" data-end=\"372\">Acropora, Montipora, Seriatopora<\/strong> et Stylopora fascinent les aquariophiles par leurs structures filigranes, leurs couleurs vives et le mouvement dynamique des polypes. Ces <strong data-start=\"499\" data-end=\"526\">coraux aux couleurs vives<\/strong> apportent structure et vie \u00e0 tout aquarium d'eau de mer et int\u00e9ressent aussi bien les amateurs de r\u00e9cifs exp\u00e9riment\u00e9s que les d\u00e9butants ambitieux.<\/p>\n<p data-start=\"676\" data-end=\"1111\">Les coraux SPS ont besoin d'un environnement stable, d'une eau propre et d'un \u00e9clairage suffisant pour cro\u00eetre sainement et d\u00e9ployer tout l'\u00e9clat de leurs couleurs. Un courant mod\u00e9r\u00e9 \u00e0 fort favorise l'apport de nutriments et stimule l'activit\u00e9 des polypes. Gr\u00e2ce \u00e0 une s\u00e9lection rigoureuse, une culture durable et des soins responsables, les coraux durs \u00e0 petits polypes peuvent prosp\u00e9rer de mani\u00e8re robuste et durable dans ton aquarium r\u00e9cifal.<\/p>\n<p data-start=\"1113\" data-end=\"1438\">Dans notre assortiment, tu trouveras un grand choix de <strong data-start=\"1167\" data-end=\"1190\">Coraux SPS en ligne<\/strong>, qui a \u00e9t\u00e9 cr\u00e9\u00e9e par <strong data-start=\"1200\" data-end=\"1226\">\u00e9levage durable<\/strong> et cultiv\u00e9s dans des conditions optimales. Chaque corail est <strong data-start=\"1302\" data-end=\"1339\">acclimat\u00e9 de mani\u00e8re responsable<\/strong> et atteint ton aquarium gr\u00e2ce \u00e0 une exp\u00e9dition s\u00fbre avec <strong data-start=\"1393\" data-end=\"1418\">Garantie d'arriv\u00e9e \u00e0 bon port<\/strong> en bonne sant\u00e9 et plein de vitalit\u00e9.<\/p>\n<p data-start=\"1440\" data-end=\"1679\">Parcourez d\u00e8s maintenant notre cat\u00e9gorie de coraux durs \u00e0 petits polypes et d\u00e9couvrez <strong data-start=\"1520\" data-end=\"1578\">Acropora, Montipora, Seriatopora et autres esp\u00e8ces SPS<\/strong>, Les poissons de l'eau de mer sont des animaux qui rendent ton aquarium d'eau de mer color\u00e9, vivant et structurellement vari\u00e9.<\/p>","protected":false},"excerpt":{"rendered":"<h3>WYSIWYG<\/h3>\n<p>Tu recevras l'animal repr\u00e9sent\u00e9 sur la photo.<\/p>","protected":false},"featured_media":87383,"comment_status":"open","ping_status":"closed","template":"","meta":{"_acf_changed":false},"origin":[306],"product_brand":[],"product_cat":[93,94,131],"product_tag":[],"class_list":{"0":"post-87469","1":"product","2":"type-product","3":"status-publish","4":"has-post-thumbnail","6":"origin-mariculture","7":"product_cat-korallen_kaufen","8":"product_cat-sps","9":"product_cat-wysiwyg","10":"product_shipping_class-lebendtierversand","12":"first","13":"instock","14":"taxable","15":"shipping-taxable","16":"purchasable","17":"product-type-simple"},"acf":[],"jetpack_sharing_enabled":true,"_links":{"self":[{"href":"https:\/\/toms-korallen.de\/fr\/wp-json\/wp\/v2\/product\/87469","targetHints":{"allow":["GET"]}}],"collection":[{"href":"https:\/\/toms-korallen.de\/fr\/wp-json\/wp\/v2\/product"}],"about":[{"href":"https:\/\/toms-korallen.de\/fr\/wp-json\/wp\/v2\/types\/product"}],"replies":[{"embeddable":true,"href":"https:\/\/toms-korallen.de\/fr\/wp-json\/wp\/v2\/comments?post=87469"}],"version-history":[{"count":2,"href":"https:\/\/toms-korallen.de\/fr\/wp-json\/wp\/v2\/product\/87469\/revisions"}],"predecessor-version":[{"id":87471,"href":"https:\/\/toms-korallen.de\/fr\/wp-json\/wp\/v2\/product\/87469\/revisions\/87471"}],"wp:featuredmedia":[{"embeddable":true,"href":"https:\/\/toms-korallen.de\/fr\/wp-json\/wp\/v2\/media\/87383"}],"wp:attachment":[{"href":"https:\/\/toms-korallen.de\/fr\/wp-json\/wp\/v2\/media?parent=87469"}],"wp:term":[{"taxonomy":"origin","embeddable":true,"href":"https:\/\/toms-korallen.de\/fr\/wp-json\/wp\/v2\/origin?post=87469"},{"taxonomy":"product_brand","embeddable":true,"href":"https:\/\/toms-korallen.de\/fr\/wp-json\/wp\/v2\/product_brand?post=87469"},{"taxonomy":"product_cat","embeddable":true,"href":"https:\/\/toms-korallen.de\/fr\/wp-json\/wp\/v2\/product_cat?post=87469"},{"taxonomy":"product_tag","embeddable":true,"href":"https:\/\/toms-korallen.de\/fr\/wp-json\/wp\/v2\/product_tag?post=87469"}],"curies":[{"name":"wp","href":"https:\/\/api.w.org\/{rel}","templated":true}]}}