{"id":86069,"date":"2026-02-18T11:59:55","date_gmt":"2026-02-18T10:59:55","guid":{"rendered":"https:\/\/toms-korallen.de\/?post_type=product&#038;p=86069"},"modified":"2026-03-04T09:15:54","modified_gmt":"2026-03-04T08:15:54","slug":"vds-pavona-malidiviensis","status":"publish","type":"product","link":"https:\/\/toms-korallen.de\/fr\/vds-pavona-malidiviensis\/","title":{"rendered":"VDS - Pavona Malidiviensis"},"content":{"rendered":"<p data-start=\"0\" data-end=\"72\"><strong data-start=\"0\" data-end=\"72\">Pavona maldivensis - Corail dur robuste pour aquariums r\u00e9cifaux vivants<\/strong><\/p>\n<p data-start=\"74\" data-end=\"412\">La Pavona maldivensis est un corail dur attrayant et relativement facile \u00e0 entretenir, qui convient parfaitement aux aquariums d'eau de mer. Avec ses structures de croissance caract\u00e9ristiques en forme de plaques ou de feuilles et sa coloration g\u00e9n\u00e9ralement verte \u00e0 brun\u00e2tre, elle assure un aspect r\u00e9cifal naturel et une structure captivante dans l'aquarium.<\/p>\n<p data-start=\"414\" data-end=\"758\">Ce corail de type LPS\/SPS est consid\u00e9r\u00e9 comme robuste et adaptable, ce qui le rend int\u00e9ressant aussi bien pour les d\u00e9butants avanc\u00e9s que pour les aquariophiles exp\u00e9riment\u00e9s. Dans une eau de bonne qualit\u00e9, avec un courant mod\u00e9r\u00e9 \u00e0 fort et un \u00e9clairage suffisant, le Pavona maldivensis pr\u00e9sente une croissance saine et un d\u00e9veloppement stable des couleurs.<\/p>\n<p data-start=\"760\" data-end=\"1001\">En tant que corail photosynth\u00e9tique, il vit en symbiose avec les zooxanthelles et a donc besoin avant tout d'une lumi\u00e8re appropri\u00e9e et de valeurs d'eau stables. Il contribue \u00e9galement \u00e0 la diversit\u00e9 biologique et \u00e0 l'\u00e9quilibre naturel de l'aquarium r\u00e9cifal.<\/p>\n<p data-start=\"1003\" data-end=\"1032\"><strong data-start=\"1003\" data-end=\"1032\">Les avantages en un coup d'\u0153il :<\/strong><\/p>\n<ul data-start=\"1033\" data-end=\"1255\">\n<li data-start=\"1033\" data-end=\"1078\">\n<p data-start=\"1035\" data-end=\"1078\">Corail dur robuste et adaptable<\/p>\n<\/li>\n<li data-start=\"1079\" data-end=\"1117\">\n<p data-start=\"1081\" data-end=\"1117\">Croissance d\u00e9corative et riche en structure<\/p>\n<\/li>\n<li data-start=\"1118\" data-end=\"1165\">\n<p data-start=\"1120\" data-end=\"1165\">Bon choix pour les d\u00e9butants &amp; les avanc\u00e9s<\/p>\n<\/li>\n<li data-start=\"1166\" data-end=\"1207\">\n<p data-start=\"1168\" data-end=\"1207\">Favorise la formation de r\u00e9cifs naturels<\/p>\n<\/li>\n<li data-start=\"1208\" data-end=\"1255\">\n<p data-start=\"1210\" data-end=\"1255\">Des couleurs attrayantes dans des conditions optimales<\/p>\n<\/li>\n<\/ul>","protected":false},"excerpt":{"rendered":"<h3>De la barre<\/h3>\n<p>Tu obtiens un rejeton similaire<\/p>","protected":false},"featured_media":86032,"comment_status":"open","ping_status":"closed","template":"","meta":{"_acf_changed":false},"origin":[],"product_brand":[],"product_cat":[93,95,132,135,385,414,445,448,450,452],"product_tag":[],"class_list":{"0":"post-86069","1":"product","2":"type-product","3":"status-publish","4":"has-post-thumbnail","6":"product_cat-korallen_kaufen","7":"product_cat-lps","8":"product_cat-von-der-stange","9":"product_cat-lps-von-der-stange","10":"product_cat-hart-im-nehmen","11":"product_cat-einsteiger-lps","12":"product_cat-daylight-beauties","13":"product_cat-b2b","14":"product_cat-sale","15":"product_cat-sale-10","16":"product_shipping_class-lebendtierversand","18":"first","19":"instock","20":"sale","21":"taxable","22":"shipping-taxable","23":"purchasable","24":"product-type-simple"},"acf":[],"jetpack_sharing_enabled":true,"_links":{"self":[{"href":"https:\/\/toms-korallen.de\/fr\/wp-json\/wp\/v2\/product\/86069","targetHints":{"allow":["GET"]}}],"collection":[{"href":"https:\/\/toms-korallen.de\/fr\/wp-json\/wp\/v2\/product"}],"about":[{"href":"https:\/\/toms-korallen.de\/fr\/wp-json\/wp\/v2\/types\/product"}],"replies":[{"embeddable":true,"href":"https:\/\/toms-korallen.de\/fr\/wp-json\/wp\/v2\/comments?post=86069"}],"version-history":[{"count":1,"href":"https:\/\/toms-korallen.de\/fr\/wp-json\/wp\/v2\/product\/86069\/revisions"}],"predecessor-version":[{"id":86410,"href":"https:\/\/toms-korallen.de\/fr\/wp-json\/wp\/v2\/product\/86069\/revisions\/86410"}],"wp:featuredmedia":[{"embeddable":true,"href":"https:\/\/toms-korallen.de\/fr\/wp-json\/wp\/v2\/media\/86032"}],"wp:attachment":[{"href":"https:\/\/toms-korallen.de\/fr\/wp-json\/wp\/v2\/media?parent=86069"}],"wp:term":[{"taxonomy":"origin","embeddable":true,"href":"https:\/\/toms-korallen.de\/fr\/wp-json\/wp\/v2\/origin?post=86069"},{"taxonomy":"product_brand","embeddable":true,"href":"https:\/\/toms-korallen.de\/fr\/wp-json\/wp\/v2\/product_brand?post=86069"},{"taxonomy":"product_cat","embeddable":true,"href":"https:\/\/toms-korallen.de\/fr\/wp-json\/wp\/v2\/product_cat?post=86069"},{"taxonomy":"product_tag","embeddable":true,"href":"https:\/\/toms-korallen.de\/fr\/wp-json\/wp\/v2\/product_tag?post=86069"}],"curies":[{"name":"wp","href":"https:\/\/api.w.org\/{rel}","templated":true}]}}