{"id":86066,"date":"2026-02-18T11:53:58","date_gmt":"2026-02-18T10:53:58","guid":{"rendered":"https:\/\/toms-korallen.de\/?post_type=product&#038;p=86066"},"modified":"2026-03-27T12:13:22","modified_gmt":"2026-03-27T11:13:22","slug":"bispira-ver-tubulaire","status":"publish","type":"product","link":"https:\/\/toms-korallen.de\/fr\/bispira-roehrenwurm\/","title":{"rendered":"Bispira - Ver tubulaire"},"content":{"rendered":"<h1 data-start=\"0\" data-end=\"76\"><strong data-start=\"0\" data-end=\"76\">Ver tubulaire Bispira - Un point de mire fascinant pour votre aquarium d'eau de mer<\/strong><\/h1>\n<p data-start=\"78\" data-end=\"341\">Le ver tubulaire Bispira est un habitant exceptionnellement d\u00e9coratif pour les aquariums marins et s\u00e9duit par son \u00e9l\u00e9gante couronne en forme d'\u00e9ventail. Avec ses tentacules aux couleurs vives, il apporte un mouvement vivant et une beaut\u00e9 naturelle \u00e0 tout aquarium r\u00e9cifal.<\/p>\n<p data-start=\"343\" data-end=\"685\">En tant qu'organisme filtrant, le ver tubulaire Bispira contribue activement \u00e0 la qualit\u00e9 de l'eau en filtrant les fines particules en suspension et les micro-organismes pr\u00e9sents dans l'eau. Il contribue ainsi de mani\u00e8re naturelle \u00e0 l'\u00e9quilibre biologique de l'aquarium. Sa maintenance est consid\u00e9r\u00e9e comme bien adapt\u00e9e aux aquariophiles disposant d'un syst\u00e8me d'eau de mer stable et bien rod\u00e9.<\/p>\n<p data-start=\"687\" data-end=\"973\">Le ver tubulaire vit prot\u00e9g\u00e9 dans son tube solide et d\u00e9ploie r\u00e9guli\u00e8rement son impressionnante couronne lorsque les conditions sont optimales - un spectacle fascinant pour tout amateur d'aquarium. Il est important que l'eau soit de bonne qualit\u00e9, que le courant soit mod\u00e9r\u00e9 et qu'il y ait suffisamment de fines particules de nourriture.<\/p>\n<p data-start=\"975\" data-end=\"1004\"><strong data-start=\"975\" data-end=\"1004\">Les avantages en un coup d'\u0153il :<\/strong><\/p>\n<ul data-start=\"1005\" data-end=\"1230\">\n<li data-start=\"1005\" data-end=\"1048\">\n<p data-start=\"1007\" data-end=\"1048\">Attractif et color\u00e9<\/p>\n<\/li>\n<li data-start=\"1049\" data-end=\"1096\">\n<p data-start=\"1051\" data-end=\"1096\">Favorise la filtration naturelle de l'eau<\/p>\n<\/li>\n<li data-start=\"1097\" data-end=\"1139\">\n<p data-start=\"1099\" data-end=\"1139\">Id\u00e9al pour les aquariums r\u00e9cifaux et d'eau de mer<\/p>\n<\/li>\n<li data-start=\"1140\" data-end=\"1181\">\n<p data-start=\"1142\" data-end=\"1181\">Habitant d'aquarium calme et paisible<\/p>\n<\/li>\n<li data-start=\"1182\" data-end=\"1230\">\n<p data-start=\"1184\" data-end=\"1230\">Un comportement passionnant et une esth\u00e9tique naturelle<\/p>\n<\/li>\n<\/ul>","protected":false},"excerpt":{"rendered":"<p>Bispira R\u00f6hrenwurm \u2013 Faszinierender Blickfang f\u00fcr Ihr Meerwasseraquarium Der Bispira R\u00f6hrenwurm ist ein au\u00dfergew\u00f6hnlich dekorativer Bewohner f\u00fcr Meerwasseraquarien und begeistert durch seine elegante, f\u00e4cherf\u00f6rmige Krone. Mit seinen farbenpr\u00e4chtigen Tentakeln bringt er lebendige Bewegung und nat\u00fcrliche Sch\u00f6nheit in jedes Riffaquarium. Als filtrierender Organismus tr\u00e4gt der Bispira R\u00f6hrenwurm aktiv zur Wasserqualit\u00e4t bei, indem er feine Schwebstoffe und [&hellip;]<\/p>\n","protected":false},"featured_media":86044,"comment_status":"open","ping_status":"closed","template":"","meta":{"_acf_changed":false},"origin":[],"product_brand":[],"product_cat":[483,498],"product_tag":[],"class_list":{"0":"post-86066","1":"product","2":"type-product","3":"status-publish","4":"has-post-thumbnail","6":"product_cat-wirbellose","7":"product_cat-sonstige-wirbellose","8":"product_shipping_class-lebendtierversand","10":"first","11":"instock","12":"taxable","13":"shipping-taxable","14":"purchasable","15":"product-type-simple"},"acf":[],"jetpack_sharing_enabled":true,"_links":{"self":[{"href":"https:\/\/toms-korallen.de\/fr\/wp-json\/wp\/v2\/product\/86066","targetHints":{"allow":["GET"]}}],"collection":[{"href":"https:\/\/toms-korallen.de\/fr\/wp-json\/wp\/v2\/product"}],"about":[{"href":"https:\/\/toms-korallen.de\/fr\/wp-json\/wp\/v2\/types\/product"}],"replies":[{"embeddable":true,"href":"https:\/\/toms-korallen.de\/fr\/wp-json\/wp\/v2\/comments?post=86066"}],"version-history":[{"count":1,"href":"https:\/\/toms-korallen.de\/fr\/wp-json\/wp\/v2\/product\/86066\/revisions"}],"predecessor-version":[{"id":86411,"href":"https:\/\/toms-korallen.de\/fr\/wp-json\/wp\/v2\/product\/86066\/revisions\/86411"}],"wp:featuredmedia":[{"embeddable":true,"href":"https:\/\/toms-korallen.de\/fr\/wp-json\/wp\/v2\/media\/86044"}],"wp:attachment":[{"href":"https:\/\/toms-korallen.de\/fr\/wp-json\/wp\/v2\/media?parent=86066"}],"wp:term":[{"taxonomy":"origin","embeddable":true,"href":"https:\/\/toms-korallen.de\/fr\/wp-json\/wp\/v2\/origin?post=86066"},{"taxonomy":"product_brand","embeddable":true,"href":"https:\/\/toms-korallen.de\/fr\/wp-json\/wp\/v2\/product_brand?post=86066"},{"taxonomy":"product_cat","embeddable":true,"href":"https:\/\/toms-korallen.de\/fr\/wp-json\/wp\/v2\/product_cat?post=86066"},{"taxonomy":"product_tag","embeddable":true,"href":"https:\/\/toms-korallen.de\/fr\/wp-json\/wp\/v2\/product_tag?post=86066"}],"curies":[{"name":"wp","href":"https:\/\/api.w.org\/{rel}","templated":true}]}}