{"id":84280,"date":"2026-02-18T10:32:09","date_gmt":"2026-02-18T09:32:09","guid":{"rendered":"https:\/\/toms-korallen.de\/?post_type=product&#038;p=84280"},"modified":"2026-02-27T16:28:32","modified_gmt":"2026-02-27T15:28:32","slug":"vds-goniopora-pourpre-arc-en-ciel","status":"publish","type":"product","link":"https:\/\/toms-korallen.de\/fr\/vds-goniopora-purple-rainbow\/","title":{"rendered":"VDS - Goniopora \u2018Purple Rainbow\u2019 (arc-en-ciel pourpre)\u2019"},"content":{"rendered":"<h1>VDS - Goniopora \u2018Purple Rainbow\u2019 (arc-en-ciel pourpre)\u2019<\/h1>\n\n<h2><strong data-start=\"247\" data-end=\"263\">Coraux LPS<\/strong><\/h2>\n<p data-start=\"174\" data-end=\"556\">Coraux LPS, \u00e9galement <strong data-start=\"193\" data-end=\"223\">Coraux durs \u00e0 grands polypes<\/strong> sont particuli\u00e8rement appr\u00e9ci\u00e9s dans les aquariums r\u00e9cifaux, car leurs polypes voyants, leurs couleurs vives et leurs formes structurelles donnent vie \u00e0 tout aquarium. Parmi les esp\u00e8ces les plus connues, on trouve <strong data-start=\"424\" data-end=\"471\">Euphyllia, Caulastrea, Favia, Trachyphyllia<\/strong> et bien d'autres qui raviront aussi bien les aquariophiles exp\u00e9riment\u00e9s que les d\u00e9butants.<\/p>\n<p data-start=\"558\" data-end=\"879\">Les coraux LPS sont g\u00e9n\u00e9ralement plus robustes que les coraux SPS, mais ils ont \u00e9galement besoin d'une eau propre, d'un \u00e9clairage ad\u00e9quat et d'un courant mod\u00e9r\u00e9 pour se d\u00e9velopper de mani\u00e8re optimale. Des soins attentifs et des conditions de base stables permettent aux polypes de rester en bonne sant\u00e9 et aux coraux de montrer toute l'intensit\u00e9 de leurs couleurs.<\/p>\n<p data-start=\"881\" data-end=\"1168\">Dans notre assortiment, tu trouveras un grand choix de <strong data-start=\"935\" data-end=\"958\">Coraux LPS en ligne<\/strong>, qui a \u00e9t\u00e9 cr\u00e9\u00e9e par <strong data-start=\"968\" data-end=\"994\">\u00e9levage durable<\/strong> proviennent et <strong data-start=\"1007\" data-end=\"1044\">acclimat\u00e9 de mani\u00e8re responsable<\/strong> \u00eatre mis en place. Chaque corail est soigneusement emball\u00e9 et arrive dans ton aquarium gr\u00e2ce \u00e0 <strong data-start=\"1123\" data-end=\"1148\">Garantie d'arriv\u00e9e \u00e0 bon port<\/strong> en bonne sant\u00e9 et plein de vitalit\u00e9.<\/p>\n<p data-start=\"1170\" data-end=\"1407\">Parcourez d\u00e8s maintenant notre cat\u00e9gorie de coraux LPS et d\u00e9couvrez <strong data-start=\"1235\" data-end=\"1306\">Euphyllia, Caulastrea, Favia et autres coraux durs \u00e0 grands polypes<\/strong>, Les poissons de l'eau de mer sont des animaux qui rendent ton aquarium d'eau de mer color\u00e9, vivant et structurellement vari\u00e9.<\/p>","protected":false},"excerpt":{"rendered":"<h3>De la barre<\/h3>\n<p>Tu re\u00e7ois un rejeton comparable<\/p>","protected":false},"featured_media":84243,"comment_status":"open","ping_status":"closed","template":"","meta":{"_acf_changed":false},"origin":[306],"product_brand":[],"product_cat":[93,95,131,132,135,445,450,452],"product_tag":[],"class_list":{"0":"post-84280","1":"product","2":"type-product","3":"status-publish","4":"has-post-thumbnail","6":"origin-mariculture","7":"product_cat-korallen_kaufen","8":"product_cat-lps","9":"product_cat-wysiwyg","10":"product_cat-von-der-stange","11":"product_cat-lps-von-der-stange","12":"product_cat-daylight-beauties","13":"product_cat-sale","14":"product_cat-sale-10","15":"product_shipping_class-lebendtierversand","17":"first","18":"outofstock","19":"sale","20":"taxable","21":"shipping-taxable","22":"purchasable","23":"product-type-simple"},"acf":[],"jetpack_sharing_enabled":true,"_links":{"self":[{"href":"https:\/\/toms-korallen.de\/fr\/wp-json\/wp\/v2\/product\/84280","targetHints":{"allow":["GET"]}}],"collection":[{"href":"https:\/\/toms-korallen.de\/fr\/wp-json\/wp\/v2\/product"}],"about":[{"href":"https:\/\/toms-korallen.de\/fr\/wp-json\/wp\/v2\/types\/product"}],"replies":[{"embeddable":true,"href":"https:\/\/toms-korallen.de\/fr\/wp-json\/wp\/v2\/comments?post=84280"}],"version-history":[{"count":0,"href":"https:\/\/toms-korallen.de\/fr\/wp-json\/wp\/v2\/product\/84280\/revisions"}],"wp:featuredmedia":[{"embeddable":true,"href":"https:\/\/toms-korallen.de\/fr\/wp-json\/wp\/v2\/media\/84243"}],"wp:attachment":[{"href":"https:\/\/toms-korallen.de\/fr\/wp-json\/wp\/v2\/media?parent=84280"}],"wp:term":[{"taxonomy":"origin","embeddable":true,"href":"https:\/\/toms-korallen.de\/fr\/wp-json\/wp\/v2\/origin?post=84280"},{"taxonomy":"product_brand","embeddable":true,"href":"https:\/\/toms-korallen.de\/fr\/wp-json\/wp\/v2\/product_brand?post=84280"},{"taxonomy":"product_cat","embeddable":true,"href":"https:\/\/toms-korallen.de\/fr\/wp-json\/wp\/v2\/product_cat?post=84280"},{"taxonomy":"product_tag","embeddable":true,"href":"https:\/\/toms-korallen.de\/fr\/wp-json\/wp\/v2\/product_tag?post=84280"}],"curies":[{"name":"wp","href":"https:\/\/api.w.org\/{rel}","templated":true}]}}