{"id":82794,"date":"2025-11-30T16:51:16","date_gmt":"2025-11-30T15:51:16","guid":{"rendered":"https:\/\/toms-korallen.de\/?post_type=product&#038;p=82794"},"modified":"2025-12-04T12:21:32","modified_gmt":"2025-12-04T11:21:32","slug":"ati-straton-flex-153","status":"publish","type":"product","link":"https:\/\/toms-korallen.de\/fr\/ati-straton-flex-153\/","title":{"rendered":"ATI Straton flex 153"},"content":{"rendered":"<h2>ATI Straton flex 153<\/h2>\n<p><span data-offset-key=\"3muv4-140-0\">Laissez-vous s\u00e9duire par la nouvelle lampe d'aquarium Straton Flex LED !<\/span><\/p>\n<p><span data-offset-key=\"3muv4-140-0\">Straton Flex offre une lumi\u00e8re unique pour tout aquarium d'eau de mer.<\/span><\/p>\n<p><span data-offset-key=\"3muv4-140-0\"><br \/>\nGr\u00e2ce \u00e0 la forme allong\u00e9e du Straton Flex, il est d\u00e9sormais possible de r\u00e9aliser un \u00e9clairage uniforme sur toute la longueur.<\/span><\/p>\n<p><span data-offset-key=\"3muv4-140-0\">et, en ajoutant d'autres luminaires, de r\u00e9pondre de mani\u00e8re flexible aux besoins des coraux entretenus.<\/span><\/p>\n<p><span data-offset-key=\"3muv4-140-0\">7 canaux de couleurs donnent la possibilit\u00e9 d'obtenir diff\u00e9rents spectres de couleurs et d'intensit\u00e9s.\u00a0<\/span><span data-offset-key=\"3muv4-140-0\">pour un bien-\u00eatre optimal<\/span><\/p>\n<p><span data-offset-key=\"3muv4-140-0\">de vos animaux.<\/span><\/p>\n<h4>Caract\u00e9ristiques de la Straton flex :<\/h4>\n<ul>\n<li>Corps enti\u00e8rement en aluminium pour une dissipation maximale de la chaleur<\/li>\n<li>Construction ultra-mince avec seulement 14 mm d'\u00e9paisseur<\/li>\n<li>Le guidage contr\u00f4l\u00e9 de la lumi\u00e8re par des r\u00e9flecteurs individuels pour chaque LED permet d'\u00e9viter l'\u00e9blouissement et d'augmenter l'efficacit\u00e9.<\/li>\n<li>La mesure int\u00e9gr\u00e9e du courant permet un contr\u00f4le \u00e9lev\u00e9 des consommations r\u00e9elles<\/li>\n<li>Gr\u00e2ce \u00e0 la multitude de LED de diff\u00e9rentes couleurs spectrales, il est possible de produire pratiquement n'importe quel spectre<\/li>\n<li>Puissance lumineuse plus \u00e9lev\u00e9e en cas de rayonnement \u00e0 charge bleue gr\u00e2ce \u00e0 une logique am\u00e9lior\u00e9e dans la commande<\/li>\n<li>Effet de couronne visible gr\u00e2ce \u00e0 l'utilisation de r\u00e9flecteurs dispos\u00e9s sur une grande surface<\/li>\n<\/ul>\n<p><b><strong>D\u00e9tails techniques :<\/strong><\/b><\/p>\n<ul>\n<li>Straton flex 153<\/li>\n<li>Dimensions de base : 1425x160x14mm<\/li>\n<li>Pour des longueurs d'aquarium de 145-170cm \/ \u00e9clairage en largeur jusqu'\u00e0 60cm<\/li>\n<li>consommation de courant max. : 220 VA<\/li>\n<li>153 LEDs<\/li>\n<li>3 sections<\/li>\n<li>\u00a0Couleur ext\u00e9rieure blanche (similaire \u00e0 RAL 9016) avec t\u00f4les lat\u00e9rales en acier inoxydable (V2A)<\/li>\n<li>Suspension par c\u00e2ble incluse<\/li>\n<\/ul>","protected":false},"excerpt":{"rendered":"<p>Malheureusement, nous n'avons pas d'informations actualis\u00e9es sur le d\u00e9lai de livraison.<br \/>\nN'h\u00e9site pas \u00e0 nous contacter si tu es int\u00e9ress\u00e9(e) par cette lampe.<br \/>\nEnsuite, nous nous renseignons sur le d\u00e9lai de livraison concret.<\/p>","protected":false},"featured_media":82820,"comment_status":"open","ping_status":"closed","template":"","meta":{"_acf_changed":false},"origin":[],"product_brand":[],"product_cat":[466,494],"product_tag":[],"class_list":{"0":"post-82794","1":"product","2":"type-product","3":"status-publish","4":"has-post-thumbnail","6":"product_cat-technik-zubehoer","7":"product_cat-ati-straton","9":"first","10":"instock","11":"sale","12":"featured","13":"taxable","14":"shipping-taxable","15":"purchasable","16":"product-type-simple"},"acf":[],"jetpack_sharing_enabled":true,"_links":{"self":[{"href":"https:\/\/toms-korallen.de\/fr\/wp-json\/wp\/v2\/product\/82794","targetHints":{"allow":["GET"]}}],"collection":[{"href":"https:\/\/toms-korallen.de\/fr\/wp-json\/wp\/v2\/product"}],"about":[{"href":"https:\/\/toms-korallen.de\/fr\/wp-json\/wp\/v2\/types\/product"}],"replies":[{"embeddable":true,"href":"https:\/\/toms-korallen.de\/fr\/wp-json\/wp\/v2\/comments?post=82794"}],"version-history":[{"count":0,"href":"https:\/\/toms-korallen.de\/fr\/wp-json\/wp\/v2\/product\/82794\/revisions"}],"wp:featuredmedia":[{"embeddable":true,"href":"https:\/\/toms-korallen.de\/fr\/wp-json\/wp\/v2\/media\/82820"}],"wp:attachment":[{"href":"https:\/\/toms-korallen.de\/fr\/wp-json\/wp\/v2\/media?parent=82794"}],"wp:term":[{"taxonomy":"origin","embeddable":true,"href":"https:\/\/toms-korallen.de\/fr\/wp-json\/wp\/v2\/origin?post=82794"},{"taxonomy":"product_brand","embeddable":true,"href":"https:\/\/toms-korallen.de\/fr\/wp-json\/wp\/v2\/product_brand?post=82794"},{"taxonomy":"product_cat","embeddable":true,"href":"https:\/\/toms-korallen.de\/fr\/wp-json\/wp\/v2\/product_cat?post=82794"},{"taxonomy":"product_tag","embeddable":true,"href":"https:\/\/toms-korallen.de\/fr\/wp-json\/wp\/v2\/product_tag?post=82794"}],"curies":[{"name":"wp","href":"https:\/\/api.w.org\/{rel}","templated":true}]}}