{"id":82154,"date":"2025-11-18T11:31:47","date_gmt":"2025-11-18T10:31:47","guid":{"rendered":"https:\/\/toms-korallen.de\/?post_type=product&#038;p=82154"},"modified":"2026-03-29T13:08:13","modified_gmt":"2026-03-29T11:08:13","slug":"conomurex-luhuanus","status":"publish","type":"product","link":"https:\/\/toms-korallen.de\/fr\/conomurex-luhuanus\/","title":{"rendered":"Conomurex luhuanus \u2018Escargot \u00e0 c\u00f4nes\u2019"},"content":{"rendered":"<h1 data-start=\"0\" data-end=\"85\">Conomurex luhuanus - L'escargot conique cyanophage pour l'aquarium marin<\/h1>\n<h2 data-start=\"87\" data-end=\"117\">Description et caract\u00e9ristiques<\/h2>\n<p data-start=\"118\" data-end=\"608\">Le site <strong data-start=\"122\" data-end=\"144\">Conomurex luhuanus<\/strong>, plus connu sous le nom de <strong data-start=\"165\" data-end=\"189\">Escargot conique<\/strong>, L'araign\u00e9e de mer est un habitant exceptionnel et tr\u00e8s utile pour l'aquarium marin. Sa coquille conique caract\u00e9ristique et ses larges pattes pro\u00e9minentes lui conf\u00e8rent un caract\u00e8re unique. <strong data-start=\"364\" data-end=\"384\">\u201edes yeux amusants\u201c<\/strong> font d'eux un v\u00e9ritable accroche-regard, tandis que leur comportement actif anime visiblement le bac r\u00e9cifal. Cette esp\u00e8ce d'escargot est robuste, pacifique et id\u00e9ale pour soutenir positivement les processus biologiques dans le substrat.<\/p>\n<h2 data-start=\"610\" data-end=\"660\">Caract\u00e9ristiques utiles dans l'aquarium d'eau de mer<\/h2>\n<p data-start=\"661\" data-end=\"1350\">L'escargot conique est l'une des esp\u00e8ces les plus pr\u00e9cieuses du monde. <strong data-start=\"712\" data-end=\"729\">Entretien des sols<\/strong> dans l'aquariophilie marine moderne. Elle est sp\u00e9cialis\u00e9e dans le broutage de <strong data-start=\"811\" data-end=\"827\">Scies \u00e0 cyanobact\u00e9ries<\/strong> et contribue ainsi efficacement au contr\u00f4le des d\u00e9p\u00f4ts ind\u00e9sirables sur le substrat du sol. En m\u00eame temps, elle mange avec une grande pers\u00e9v\u00e9rance <strong data-start=\"959\" data-end=\"974\">Diatom\u00e9es<\/strong>, Les poissons sont souvent confront\u00e9s \u00e0 des probl\u00e8mes d'eau qui apparaissent dans les bacs nouvellement am\u00e9nag\u00e9s ou riches en substances nutritives. Par son comportement de nettoyage continu, elle assure un fond propre et meuble et soutient l'\u00e9quilibre biologique de l'aquarium. Son regard curieux et ses p\u00e9doncules oculaires largement \u00e9tendus offrent une observation charmante et vivante au cours de la journ\u00e9e.<\/p>\n<h2 data-start=\"1352\" data-end=\"1375\">Maintien et soins<\/h2>\n<p data-start=\"1376\" data-end=\"1918\">Le Conomurex luhuanus pr\u00e9f\u00e8re un fond de sable \u00e0 grain fin ou moyen, sur lequel il peut se d\u00e9placer activement et chercher de la nourriture. Il est facile \u00e0 entretenir et peut \u00eatre maintenu sans probl\u00e8me dans des bacs r\u00e9cifaux mixtes, car il ne s'int\u00e9resse ni aux coraux ni aux invert\u00e9br\u00e9s. En plus de ses sources de nourriture naturelles, elle accepte \u00e9galement une alimentation compl\u00e9mentaire comme des feuilles d'algues ou de la nourriture congel\u00e9e fine lorsque l'offre dans l'aquarium se fait rare.<\/p>","protected":false},"excerpt":{"rendered":"<p>Conomurex luhuanus \u2013 Die Cyano-fressende Kegelfechterschnecke f\u00fcrs Meerwasseraquarium Beschreibung und Merkmale Die Conomurex luhuanus, besser bekannt als Kegelfechterschnecke, ist ein au\u00dfergew\u00f6hnlicher und \u00e4u\u00dferst n\u00fctzlicher Bewohner f\u00fcr das Meerwasseraquarium. Ihr markantes, kegelf\u00f6rmiges Geh\u00e4use und ihre charakteristischen, weit hervortretenden \u201elustigen Augen\u201c machen sie zu einem echten Hingucker, w\u00e4hrend ihr aktives Verhalten das Riffbecken sichtbar belebt. Diese Schneckenart [&hellip;]<\/p>\n","protected":false},"featured_media":82145,"comment_status":"open","ping_status":"closed","template":"","meta":{"_acf_changed":false},"origin":[],"product_brand":[],"product_cat":[483,484],"product_tag":[],"class_list":{"0":"post-82154","1":"product","2":"type-product","3":"status-publish","4":"has-post-thumbnail","6":"product_cat-wirbellose","7":"product_cat-schnecken","8":"product_shipping_class-lebendtierversand","10":"first","11":"instock","12":"taxable","13":"shipping-taxable","14":"purchasable","15":"product-type-simple"},"acf":[],"jetpack_sharing_enabled":true,"_links":{"self":[{"href":"https:\/\/toms-korallen.de\/fr\/wp-json\/wp\/v2\/product\/82154","targetHints":{"allow":["GET"]}}],"collection":[{"href":"https:\/\/toms-korallen.de\/fr\/wp-json\/wp\/v2\/product"}],"about":[{"href":"https:\/\/toms-korallen.de\/fr\/wp-json\/wp\/v2\/types\/product"}],"replies":[{"embeddable":true,"href":"https:\/\/toms-korallen.de\/fr\/wp-json\/wp\/v2\/comments?post=82154"}],"version-history":[{"count":0,"href":"https:\/\/toms-korallen.de\/fr\/wp-json\/wp\/v2\/product\/82154\/revisions"}],"wp:featuredmedia":[{"embeddable":true,"href":"https:\/\/toms-korallen.de\/fr\/wp-json\/wp\/v2\/media\/82145"}],"wp:attachment":[{"href":"https:\/\/toms-korallen.de\/fr\/wp-json\/wp\/v2\/media?parent=82154"}],"wp:term":[{"taxonomy":"origin","embeddable":true,"href":"https:\/\/toms-korallen.de\/fr\/wp-json\/wp\/v2\/origin?post=82154"},{"taxonomy":"product_brand","embeddable":true,"href":"https:\/\/toms-korallen.de\/fr\/wp-json\/wp\/v2\/product_brand?post=82154"},{"taxonomy":"product_cat","embeddable":true,"href":"https:\/\/toms-korallen.de\/fr\/wp-json\/wp\/v2\/product_cat?post=82154"},{"taxonomy":"product_tag","embeddable":true,"href":"https:\/\/toms-korallen.de\/fr\/wp-json\/wp\/v2\/product_tag?post=82154"}],"curies":[{"name":"wp","href":"https:\/\/api.w.org\/{rel}","templated":true}]}}