{"id":81682,"date":"2025-11-21T16:12:27","date_gmt":"2025-11-21T15:12:27","guid":{"rendered":"https:\/\/toms-korallen.de\/?post_type=product&#038;p=81682"},"modified":"2025-12-02T11:06:02","modified_gmt":"2025-12-02T10:06:02","slug":"4x-tampons-en-caoutchouc-tunze","status":"publish","type":"product","link":"https:\/\/toms-korallen.de\/fr\/4x-tunze-gummipuffer\/","title":{"rendered":"4x Tunze tampons en caoutchouc"},"content":{"rendered":"<h3>Description du produit<\/h3>\n<p>4 x Tunze amortisseurs en caoutchouc pour votre support de pompe OceanMotion<\/p>","protected":false},"excerpt":{"rendered":"<p>Le d\u00e9lai de livraison actuel peut aller jusqu'\u00e0 15 jours ouvrables pour certains produits OceanMotion, car ils sont fabriqu\u00e9s \u2018\u00e0 la demande\u2019.<\/p>","protected":false},"featured_media":82420,"comment_status":"open","ping_status":"closed","template":"","meta":{"_acf_changed":false},"origin":[],"product_brand":[],"product_cat":[474,470,469,468,467,466],"product_tag":[],"class_list":{"0":"post-81682","1":"product","2":"type-product","3":"status-publish","4":"has-post-thumbnail","6":"product_cat-zubehoer-ocean-motion","7":"product_cat-ocean-motion","8":"product_cat-stroemung","9":"product_cat-pumpen","10":"product_cat-technik","11":"product_cat-technik-zubehoer","12":"product_shipping_class-standardversand","14":"first","15":"instock","16":"taxable","17":"shipping-taxable","18":"purchasable","19":"product-type-simple"},"acf":[],"jetpack_sharing_enabled":true,"_links":{"self":[{"href":"https:\/\/toms-korallen.de\/fr\/wp-json\/wp\/v2\/product\/81682","targetHints":{"allow":["GET"]}}],"collection":[{"href":"https:\/\/toms-korallen.de\/fr\/wp-json\/wp\/v2\/product"}],"about":[{"href":"https:\/\/toms-korallen.de\/fr\/wp-json\/wp\/v2\/types\/product"}],"replies":[{"embeddable":true,"href":"https:\/\/toms-korallen.de\/fr\/wp-json\/wp\/v2\/comments?post=81682"}],"version-history":[{"count":0,"href":"https:\/\/toms-korallen.de\/fr\/wp-json\/wp\/v2\/product\/81682\/revisions"}],"wp:featuredmedia":[{"embeddable":true,"href":"https:\/\/toms-korallen.de\/fr\/wp-json\/wp\/v2\/media\/82420"}],"wp:attachment":[{"href":"https:\/\/toms-korallen.de\/fr\/wp-json\/wp\/v2\/media?parent=81682"}],"wp:term":[{"taxonomy":"origin","embeddable":true,"href":"https:\/\/toms-korallen.de\/fr\/wp-json\/wp\/v2\/origin?post=81682"},{"taxonomy":"product_brand","embeddable":true,"href":"https:\/\/toms-korallen.de\/fr\/wp-json\/wp\/v2\/product_brand?post=81682"},{"taxonomy":"product_cat","embeddable":true,"href":"https:\/\/toms-korallen.de\/fr\/wp-json\/wp\/v2\/product_cat?post=81682"},{"taxonomy":"product_tag","embeddable":true,"href":"https:\/\/toms-korallen.de\/fr\/wp-json\/wp\/v2\/product_tag?post=81682"}],"curies":[{"name":"wp","href":"https:\/\/api.w.org\/{rel}","templated":true}]}}