{"id":81673,"date":"2025-11-21T16:12:36","date_gmt":"2025-11-21T15:12:36","guid":{"rendered":"https:\/\/toms-korallen.de\/?post_type=product&#038;p=81673"},"modified":"2025-12-11T08:56:32","modified_gmt":"2025-12-11T07:56:32","slug":"support-de-pompe-tunze-nano","status":"publish","type":"product","link":"https:\/\/toms-korallen.de\/fr\/pumpenhalter-tunze-nano\/","title":{"rendered":"Support de pompe Tunze Nano"},"content":{"rendered":"<h3>Description du produit<\/h3>\n<p>Ce support de pupes OceanMotion est adapt\u00e9 \u00e0 tous les Tunze Turbelle nanostream.<\/p>\n<p>Les mod\u00e8les suivants sont couverts :<\/p>\n<ul>\n<li>Turbelle nanostream 6015<\/li>\n<li>Turbelle nanostream 6025<\/li>\n<li>Turbelle nanostream 6045<\/li>\n<li>Turbelle nanostream 6055<\/li>\n<li>Turbelle nanostream 6095<\/li>\n<\/ul>\n<p>Contenu g\u00e9n\u00e9ral de la livraison :<\/p>\n<ul>\n<li>tube en PVC de 20 cm inclus<\/li>\n<li>manchon double en PVC inclus<\/li>\n<li>adh\u00e9sif PVC inclus<\/li>\n<li>les tampons en caoutchouc ne sont pas inclus, il est possible d'utiliser ceux fournis par la pompe<\/li>\n<li>La pompe \u00e0 courant n'est pas comprise dans la livraison.<\/li>\n<\/ul>","protected":false},"excerpt":{"rendered":"<p>Le d\u00e9lai de livraison actuel peut aller jusqu'\u00e0 15 jours ouvrables pour certains produits OceanMotion, car ils sont fabriqu\u00e9s \u2018\u00e0 la demande\u2019.<\/p>","protected":false},"featured_media":83621,"comment_status":"open","ping_status":"closed","template":"","meta":{"_acf_changed":false},"origin":[],"product_brand":[],"product_cat":[466,467,468,469,470,473],"product_tag":[],"class_list":{"0":"post-81673","1":"product","2":"type-product","3":"status-publish","4":"has-post-thumbnail","6":"product_cat-technik-zubehoer","7":"product_cat-technik","8":"product_cat-pumpen","9":"product_cat-stroemung","10":"product_cat-ocean-motion","11":"product_cat-pumpenhalter","12":"product_shipping_class-standardversand","14":"first","15":"instock","16":"taxable","17":"shipping-taxable","18":"purchasable","19":"product-type-simple"},"acf":[],"jetpack_sharing_enabled":true,"_links":{"self":[{"href":"https:\/\/toms-korallen.de\/fr\/wp-json\/wp\/v2\/product\/81673","targetHints":{"allow":["GET"]}}],"collection":[{"href":"https:\/\/toms-korallen.de\/fr\/wp-json\/wp\/v2\/product"}],"about":[{"href":"https:\/\/toms-korallen.de\/fr\/wp-json\/wp\/v2\/types\/product"}],"replies":[{"embeddable":true,"href":"https:\/\/toms-korallen.de\/fr\/wp-json\/wp\/v2\/comments?post=81673"}],"version-history":[{"count":0,"href":"https:\/\/toms-korallen.de\/fr\/wp-json\/wp\/v2\/product\/81673\/revisions"}],"wp:featuredmedia":[{"embeddable":true,"href":"https:\/\/toms-korallen.de\/fr\/wp-json\/wp\/v2\/media\/83621"}],"wp:attachment":[{"href":"https:\/\/toms-korallen.de\/fr\/wp-json\/wp\/v2\/media?parent=81673"}],"wp:term":[{"taxonomy":"origin","embeddable":true,"href":"https:\/\/toms-korallen.de\/fr\/wp-json\/wp\/v2\/origin?post=81673"},{"taxonomy":"product_brand","embeddable":true,"href":"https:\/\/toms-korallen.de\/fr\/wp-json\/wp\/v2\/product_brand?post=81673"},{"taxonomy":"product_cat","embeddable":true,"href":"https:\/\/toms-korallen.de\/fr\/wp-json\/wp\/v2\/product_cat?post=81673"},{"taxonomy":"product_tag","embeddable":true,"href":"https:\/\/toms-korallen.de\/fr\/wp-json\/wp\/v2\/product_tag?post=81673"}],"curies":[{"name":"wp","href":"https:\/\/api.w.org\/{rel}","templated":true}]}}