{"id":81661,"date":"2025-11-21T16:12:51","date_gmt":"2025-11-21T15:12:51","guid":{"rendered":"https:\/\/toms-korallen.de\/?post_type=product&#038;p=81661"},"modified":"2025-12-02T11:05:41","modified_gmt":"2025-12-02T10:05:41","slug":"oceanmotion-unite-de-rotation","status":"publish","type":"product","link":"https:\/\/toms-korallen.de\/fr\/oceanmotion-dreheinheit\/","title":{"rendered":"Unit\u00e9 de rotation OceanMotion"},"content":{"rendered":"<h2>OceanMotion<\/h2>\n<p>Dans l'aquariophilie marine, le courant est l'un des sujets les plus discut\u00e9s, c'est pourquoi il est toujours difficile de l'ajuster de mani\u00e8re optimale aux besoins des animaux. Comme les pompes \u00e0 courant ont une certaine orientation, la direction du courant est fixe et peu vari\u00e9e. Gr\u00e2ce \u00e0 l'OceanMotion, il est possible d'imprimer aux pompes \u00e0 courant un mouvement de rotation librement r\u00e9glable.<\/p>\n<p>Le courant qui en r\u00e9sulte est tr\u00e8s vari\u00e9 et turbulent, ce qui imite tr\u00e8s bien les conditions naturelles du r\u00e9cif. Ainsi, avec moins de pompes ou une puissance r\u00e9duite, on assure un bien meilleur \u00e9coulement dans les aquariums r\u00e9cifaux, ce qui permet d'\u00e9viter les d\u00e9p\u00f4ts de d\u00e9tritus.<\/p>\n<h3>Description du produit<\/h3>\n<p>L'OceanMotion est une unit\u00e9 rotative sur laquelle on peut installer n'importe quelle pompe \u00e0 courant du commerce. La pompe est ainsi entra\u00een\u00e9e dans un mouvement de rotation, ce qui permet de cr\u00e9er un courant unique et vari\u00e9 dans l'aquarium. Le moteur de l'unit\u00e9 rotative est capable de couvrir un mouvement de 270\u00b0.<\/p>\n<p>Les r\u00e9glages de l'angle de rotation, de la vitesse de rotation, ainsi que les \u00e9ventuelles pauses d'alimentation et les arr\u00eats nocturnes peuvent \u00eatre r\u00e9gl\u00e9s tr\u00e8s facilement via une interface web reli\u00e9e au contr\u00f4leur OceanMotion.<\/p>\n<p>Pour chaque unit\u00e9 rotative OceanMotion, il faut un support adapt\u00e9 \u00e0 la pompe qui doit \u00eatre install\u00e9e sur l'unit\u00e9 rotative. Vous trouverez les supports appropri\u00e9s dans le menu \u201cSupports de pompe\u201d. Si le support de pompe souhait\u00e9 ne figure pas dans la liste, n'h\u00e9sitez pas \u00e0 nous envoyer un message et nous concevrons et construirons votre support individuel.<\/p>\n<p><a href=\"https:\/\/www.seawatersolutions.de\/pages\/ocean-motion-anleitung\" target=\"_blank\" rel=\"noopener nofollow\">Voici les instructions pour l'OceanMotion.<\/a><\/p>\n<h3>D\u00e9tails du produit :<\/h3>\n<ul>\n<li>Raccordement \u00e0 une prise de courant avec contact de protection ; tension de r\u00e9seau 100-240 V~ 50\/60 Hz<\/li>\n<li>Un contr\u00f4leur adapt\u00e9 est n\u00e9cessaire pour faire fonctionner les unit\u00e9s rotatives OceanMotion<\/li>\n<li>L'OceanMotion ne doit \u00eatre utilis\u00e9 qu'avec le contr\u00f4leur pr\u00e9vu \u00e0 cet effet.<\/li>\n<li>L'OceanMotion ne doit \u00eatre utilis\u00e9 qu'en dehors de l'eau. L'OceanMotion n'est pas \u00e9tanche, le bo\u00eetier ne prot\u00e8ge l'entra\u00eenement que des projections d'eau.<\/li>\n<\/ul>\n<h3>Contenu de la livraison :<\/h3>\n<ul>\n<li>1 x unit\u00e9 rotative OceanMotion<\/li>\n<li>1 x support individuel pour le bassin<\/li>\n<li>c\u00e2ble de raccordement fixe au contr\u00f4leur, longueur au choix : 2 ou 5 m\u00e8tres<\/li>\n<\/ul>\n<h3>D\u00e9tails techniques<\/h3>\n<p>Dimensions, support de bassin inclus :<\/p>\n<ul>\n<li>L = 85 mm<\/li>\n<li>B = 40 mm pour aquariums de type poola sans barre de verre<\/li>\n<li>B = 80 mm pour aquariums standard avec barre de verre<\/li>\n<li>B = 110 mm pour les aquariums avec couronne en bois<\/li>\n<li>H = 125 mm<\/li>\n<\/ul>","protected":false},"excerpt":{"rendered":"<p>Le d\u00e9lai de livraison actuel peut aller jusqu'\u00e0 15 jours ouvrables pour certains produits OceanMotion, car ils sont fabriqu\u00e9s \u2018\u00e0 la demande\u2019.<\/p>","protected":false},"featured_media":82417,"comment_status":"open","ping_status":"closed","template":"","meta":{"_acf_changed":false},"origin":[],"product_brand":[],"product_cat":[466,467,468,469,470,471],"product_tag":[],"class_list":{"0":"post-81661","1":"product","2":"type-product","3":"status-publish","4":"has-post-thumbnail","6":"product_cat-technik-zubehoer","7":"product_cat-technik","8":"product_cat-pumpen","9":"product_cat-stroemung","10":"product_cat-ocean-motion","11":"product_cat-dreheinheiten","12":"product_shipping_class-standardversand","14":"first","15":"instock","16":"taxable","17":"shipping-taxable","18":"purchasable","19":"product-type-variable"},"acf":[],"jetpack_sharing_enabled":true,"_links":{"self":[{"href":"https:\/\/toms-korallen.de\/fr\/wp-json\/wp\/v2\/product\/81661","targetHints":{"allow":["GET"]}}],"collection":[{"href":"https:\/\/toms-korallen.de\/fr\/wp-json\/wp\/v2\/product"}],"about":[{"href":"https:\/\/toms-korallen.de\/fr\/wp-json\/wp\/v2\/types\/product"}],"replies":[{"embeddable":true,"href":"https:\/\/toms-korallen.de\/fr\/wp-json\/wp\/v2\/comments?post=81661"}],"version-history":[{"count":0,"href":"https:\/\/toms-korallen.de\/fr\/wp-json\/wp\/v2\/product\/81661\/revisions"}],"wp:featuredmedia":[{"embeddable":true,"href":"https:\/\/toms-korallen.de\/fr\/wp-json\/wp\/v2\/media\/82417"}],"wp:attachment":[{"href":"https:\/\/toms-korallen.de\/fr\/wp-json\/wp\/v2\/media?parent=81661"}],"wp:term":[{"taxonomy":"origin","embeddable":true,"href":"https:\/\/toms-korallen.de\/fr\/wp-json\/wp\/v2\/origin?post=81661"},{"taxonomy":"product_brand","embeddable":true,"href":"https:\/\/toms-korallen.de\/fr\/wp-json\/wp\/v2\/product_brand?post=81661"},{"taxonomy":"product_cat","embeddable":true,"href":"https:\/\/toms-korallen.de\/fr\/wp-json\/wp\/v2\/product_cat?post=81661"},{"taxonomy":"product_tag","embeddable":true,"href":"https:\/\/toms-korallen.de\/fr\/wp-json\/wp\/v2\/product_tag?post=81661"}],"curies":[{"name":"wp","href":"https:\/\/api.w.org\/{rel}","templated":true}]}}