{"id":77331,"date":"2025-09-25T17:14:46","date_gmt":"2025-09-25T15:14:46","guid":{"rendered":"https:\/\/toms-korallen.de\/?post_type=product&#038;p=77331"},"modified":"2025-09-25T22:59:08","modified_gmt":"2025-09-25T20:59:08","slug":"acropora-tenuis-super-blue-2","status":"publish","type":"product","link":"https:\/\/toms-korallen.de\/fr\/acropora-tenuis-super-blue-2\/","title":{"rendered":"Acropora Tenuis \u2018Super Blue\u2019"},"content":{"rendered":"<!-- wp:heading -->\n<h2 class=\"wp-block-heading\">SPS - coraux durs \u00e0 petits polypes<\/h2>\n<!-- \/wp:heading -->\n\n<!-- wp:paragraph -->\n<p>Les SPS repr\u00e9sentent la classe royale dans l'aquariophilie r\u00e9cifale moderne. Maintenir ces animaux correctement pour qu'ils montrent toute leur beaut\u00e9 demande un certain effort. Cela implique des valeurs d'eau correctes, un courant turbulent et un \u00e9clairage adapt\u00e9.<\/p>\n<!-- \/wp:paragraph -->\n\n<!-- wp:paragraph -->\n<p>Mais ensuite, leur jeu de couleurs va des couleurs opaques d\u00e9licates \u00e0 vives jusqu'aux florescences n\u00e9on en cas de lumi\u00e8re bleue.<\/p>\n<!-- \/wp:paragraph -->","protected":false},"excerpt":{"rendered":"<h3>WYSIWYG<\/h3>\n<p>Tu recevras l'animal repr\u00e9sent\u00e9 sur la photo.<\/p>","protected":false},"featured_media":77170,"comment_status":"closed","ping_status":"closed","template":"","meta":{"_acf_changed":false},"origin":[306],"product_brand":[],"product_cat":[94,93,131,445],"product_tag":[],"class_list":{"0":"post-77331","1":"product","2":"type-product","3":"status-publish","4":"has-post-thumbnail","6":"origin-mariculture","7":"product_cat-sps","8":"product_cat-korallen_kaufen","9":"product_cat-wysiwyg","10":"product_cat-daylight-beauties","11":"product_shipping_class-lebendtierversand","13":"first","14":"outofstock","15":"taxable","16":"shipping-taxable","17":"purchasable","18":"product-type-simple"},"acf":[],"jetpack_sharing_enabled":true,"_links":{"self":[{"href":"https:\/\/toms-korallen.de\/fr\/wp-json\/wp\/v2\/product\/77331","targetHints":{"allow":["GET"]}}],"collection":[{"href":"https:\/\/toms-korallen.de\/fr\/wp-json\/wp\/v2\/product"}],"about":[{"href":"https:\/\/toms-korallen.de\/fr\/wp-json\/wp\/v2\/types\/product"}],"replies":[{"embeddable":true,"href":"https:\/\/toms-korallen.de\/fr\/wp-json\/wp\/v2\/comments?post=77331"}],"version-history":[{"count":0,"href":"https:\/\/toms-korallen.de\/fr\/wp-json\/wp\/v2\/product\/77331\/revisions"}],"wp:featuredmedia":[{"embeddable":true,"href":"https:\/\/toms-korallen.de\/fr\/wp-json\/wp\/v2\/media\/77170"}],"wp:attachment":[{"href":"https:\/\/toms-korallen.de\/fr\/wp-json\/wp\/v2\/media?parent=77331"}],"wp:term":[{"taxonomy":"origin","embeddable":true,"href":"https:\/\/toms-korallen.de\/fr\/wp-json\/wp\/v2\/origin?post=77331"},{"taxonomy":"product_brand","embeddable":true,"href":"https:\/\/toms-korallen.de\/fr\/wp-json\/wp\/v2\/product_brand?post=77331"},{"taxonomy":"product_cat","embeddable":true,"href":"https:\/\/toms-korallen.de\/fr\/wp-json\/wp\/v2\/product_cat?post=77331"},{"taxonomy":"product_tag","embeddable":true,"href":"https:\/\/toms-korallen.de\/fr\/wp-json\/wp\/v2\/product_tag?post=77331"}],"curies":[{"name":"wp","href":"https:\/\/api.w.org\/{rel}","templated":true}]}}