{"id":76393,"date":"2025-09-09T14:52:55","date_gmt":"2025-09-09T12:52:55","guid":{"rendered":"https:\/\/toms-korallen.de\/?post_type=product&#038;p=76393"},"modified":"2026-04-03T22:48:35","modified_gmt":"2026-04-03T20:48:35","slug":"montipora-chili-pepper","status":"publish","type":"product","link":"https:\/\/toms-korallen.de\/fr\/montipora-chili-pepper\/","title":{"rendered":"Montipora \u2018Chili Pepper\u2019"},"content":{"rendered":"<p><br \/>\n<!-- wp:heading -->\n<h2 class=\"wp-block-heading\">Ce corail est 'pr\u00eat \u00e0 l'emploi'.<\/h2>\n<!-- \/wp:heading -->\n\n<!-- wp:paragraph -->\n<p>Cela signifie qu'il ne s'agit pas d'un animal unique avec une photo originale. Tu re\u00e7ois un rejeton de la m\u00eame esp\u00e8ce que celle repr\u00e9sent\u00e9e sur la photo. Comme il s'agit d'animaux, la croissance et la couleur peuvent varier en fonction des param\u00e8tres de l'eau, de l'\u00e2ge ou de la lumi\u00e8re. Chez les zoas, le nombre de polypes peut aussi varier - mais la plupart du temps, il y a plut\u00f4t plus que moins de polypes sur les rejets qui sortent chez toi.<\/p>\n<!-- \/wp:paragraph --><\/p>","protected":false},"excerpt":{"rendered":"<h3>WYSIWYG<\/h3>\n<p>Tu recevras l'animal repr\u00e9sent\u00e9 sur la photo.<\/p>","protected":false},"featured_media":76349,"comment_status":"open","ping_status":"closed","template":"","meta":{"_acf_changed":false},"origin":[305],"product_brand":[],"product_cat":[93,94,132,134,385,445,448,450,452],"product_tag":[],"class_list":{"0":"post-76393","1":"product","2":"type-product","3":"status-publish","4":"has-post-thumbnail","6":"origin-farm","7":"product_cat-korallen_kaufen","8":"product_cat-sps","9":"product_cat-von-der-stange","10":"product_cat-sps-von-der-stange","11":"product_cat-hart-im-nehmen","12":"product_cat-daylight-beauties","13":"product_cat-b2b","14":"product_cat-sale","15":"product_cat-sale-10","16":"product_shipping_class-lebendtierversand","18":"first","19":"instock","20":"sale","21":"taxable","22":"shipping-taxable","23":"purchasable","24":"product-type-simple"},"acf":[],"jetpack_sharing_enabled":true,"_links":{"self":[{"href":"https:\/\/toms-korallen.de\/fr\/wp-json\/wp\/v2\/product\/76393","targetHints":{"allow":["GET"]}}],"collection":[{"href":"https:\/\/toms-korallen.de\/fr\/wp-json\/wp\/v2\/product"}],"about":[{"href":"https:\/\/toms-korallen.de\/fr\/wp-json\/wp\/v2\/types\/product"}],"replies":[{"embeddable":true,"href":"https:\/\/toms-korallen.de\/fr\/wp-json\/wp\/v2\/comments?post=76393"}],"version-history":[{"count":0,"href":"https:\/\/toms-korallen.de\/fr\/wp-json\/wp\/v2\/product\/76393\/revisions"}],"wp:featuredmedia":[{"embeddable":true,"href":"https:\/\/toms-korallen.de\/fr\/wp-json\/wp\/v2\/media\/76349"}],"wp:attachment":[{"href":"https:\/\/toms-korallen.de\/fr\/wp-json\/wp\/v2\/media?parent=76393"}],"wp:term":[{"taxonomy":"origin","embeddable":true,"href":"https:\/\/toms-korallen.de\/fr\/wp-json\/wp\/v2\/origin?post=76393"},{"taxonomy":"product_brand","embeddable":true,"href":"https:\/\/toms-korallen.de\/fr\/wp-json\/wp\/v2\/product_brand?post=76393"},{"taxonomy":"product_cat","embeddable":true,"href":"https:\/\/toms-korallen.de\/fr\/wp-json\/wp\/v2\/product_cat?post=76393"},{"taxonomy":"product_tag","embeddable":true,"href":"https:\/\/toms-korallen.de\/fr\/wp-json\/wp\/v2\/product_tag?post=76393"}],"curies":[{"name":"wp","href":"https:\/\/api.w.org\/{rel}","templated":true}]}}