{"id":71820,"date":"2025-05-28T13:18:39","date_gmt":"2025-05-28T11:18:39","guid":{"rendered":"https:\/\/toms-korallen.de\/?post_type=product&#038;p=71820"},"modified":"2025-07-31T09:55:37","modified_gmt":"2025-07-31T07:55:37","slug":"micromussa-lordensis-acan-3","status":"publish","type":"product","link":"https:\/\/toms-korallen.de\/fr\/micromussa-lordensis-acan-3\/","title":{"rendered":"Micromussa Lordensis \u2018Acan\u2019"},"content":{"rendered":"<!-- wp:heading {\"level\":3} -->\n<h3 class=\"wp-block-heading\">Coraux durs \u00e0 grands polypes<\/h3>\n<!-- \/wp:heading -->\n\n<!-- wp:paragraph -->\n<p>Comme leur nom l'indique, les polypes des LPS sont un peu plus grands que ceux de leurs cong\u00e9n\u00e8res \u00e0 petits polypes. Les LPS se pr\u00e9sentent sous de nombreuses formes et couleurs.<\/p>\n<!-- \/wp:paragraph -->\n\n<!-- wp:paragraph -->\n<p>Ils ont cependant en commun le fait qu'ils sont moins exigeants que les coraux durs \u00e0 petits polypes en ce qui concerne les valeurs de l'eau et l'\u00e9clairage. Ainsi, les LPS s'accommodent de valeurs nutritives nettement plus \u00e9lev\u00e9es que les acropores, par exemple.<\/p>\n<!-- \/wp:paragraph -->\n\n<!-- wp:paragraph -->\n<p>En raison de la taille des polypes, les LPS peuvent aussi \u00eatre nourris. Il faut veiller \u00e0 ce que la nourriture soit adapt\u00e9e \u00e0 la taille de la bouche - et il ne faut pas non plus suralimenter les animaux. Mais ils te remercient d'un repas par semaine par des couleurs riches et une belle expansion.<\/p>\n<!-- \/wp:paragraph -->","protected":false},"excerpt":{"rendered":"<h3>WYSIWYG<\/h3>\n<p>Tu recevras l'animal repr\u00e9sent\u00e9 sur la photo.<\/p>","protected":false},"featured_media":71784,"comment_status":"closed","ping_status":"closed","template":"","meta":{"_acf_changed":false},"origin":[305],"product_brand":[],"product_cat":[93,95,131],"product_tag":[],"class_list":{"0":"post-71820","1":"product","2":"type-product","3":"status-publish","4":"has-post-thumbnail","6":"origin-farm","7":"product_cat-korallen_kaufen","8":"product_cat-lps","9":"product_cat-wysiwyg","10":"product_shipping_class-lebendtierversand","12":"first","13":"outofstock","14":"sale","15":"taxable","16":"shipping-taxable","17":"purchasable","18":"product-type-simple"},"acf":[],"jetpack_sharing_enabled":true,"_links":{"self":[{"href":"https:\/\/toms-korallen.de\/fr\/wp-json\/wp\/v2\/product\/71820","targetHints":{"allow":["GET"]}}],"collection":[{"href":"https:\/\/toms-korallen.de\/fr\/wp-json\/wp\/v2\/product"}],"about":[{"href":"https:\/\/toms-korallen.de\/fr\/wp-json\/wp\/v2\/types\/product"}],"replies":[{"embeddable":true,"href":"https:\/\/toms-korallen.de\/fr\/wp-json\/wp\/v2\/comments?post=71820"}],"version-history":[{"count":0,"href":"https:\/\/toms-korallen.de\/fr\/wp-json\/wp\/v2\/product\/71820\/revisions"}],"wp:featuredmedia":[{"embeddable":true,"href":"https:\/\/toms-korallen.de\/fr\/wp-json\/wp\/v2\/media\/71784"}],"wp:attachment":[{"href":"https:\/\/toms-korallen.de\/fr\/wp-json\/wp\/v2\/media?parent=71820"}],"wp:term":[{"taxonomy":"origin","embeddable":true,"href":"https:\/\/toms-korallen.de\/fr\/wp-json\/wp\/v2\/origin?post=71820"},{"taxonomy":"product_brand","embeddable":true,"href":"https:\/\/toms-korallen.de\/fr\/wp-json\/wp\/v2\/product_brand?post=71820"},{"taxonomy":"product_cat","embeddable":true,"href":"https:\/\/toms-korallen.de\/fr\/wp-json\/wp\/v2\/product_cat?post=71820"},{"taxonomy":"product_tag","embeddable":true,"href":"https:\/\/toms-korallen.de\/fr\/wp-json\/wp\/v2\/product_tag?post=71820"}],"curies":[{"name":"wp","href":"https:\/\/api.w.org\/{rel}","templated":true}]}}