{"id":66053,"date":"2025-02-15T22:35:14","date_gmt":"2025-02-15T21:35:14","guid":{"rendered":"https:\/\/server.toms-korallen.de\/?post_type=product&#038;p=66053"},"modified":"2025-10-26T22:18:30","modified_gmt":"2025-10-26T21:18:30","slug":"cto-pinnigorgia-gorgone","status":"publish","type":"product","link":"https:\/\/toms-korallen.de\/fr\/cto-pinnigorgia-gorgonie\/","title":{"rendered":"CTO - Pinnigorgia, gorgone, env. 12cm"},"content":{"rendered":"<p>&nbsp;<\/p>\n<!-- wp:paragraph -->\n<p><strong>D\u00e9riv\u00e9 des coraux Signature, fragment\u00e9 juste pour toi.<\/strong><\/p>\n<!-- \/wp:paragraph -->\n\n<!-- wp:columns -->\n<div class=\"wp-block-columns\"><!-- wp:column -->\n<div class=\"wp-block-column\"><!-- wp:paragraph -->\n<p><strong>Cut to Order\" signifie que lorsque tu passes commande, nous fabriquons sp\u00e9cialement pour toi un rejeton de ce corail. Au bout de deux semaines, le rejeton sera suffisamment cicatris\u00e9 pour que nous puissions te l'envoyer.&nbsp;<\/strong><\/p>\n<!-- \/wp:paragraph -->\n\n<!-- wp:paragraph -->\n<p>Les rejetons sont coll\u00e9s sur un plug avec de la colle chaude. Nous avons constat\u00e9 que c'est la m\u00e9thode la plus douce pour fixer les rejets sur le plug. Apr\u00e8s deux semaines, le corail est suffisamment gu\u00e9ri pour que nous puissions l'envoyer. Cependant, certaines esp\u00e8ces ne formeront pas encore de disque basal pendant cette p\u00e9riode, mais seront tout de m\u00eame pr\u00eates \u00e0 \u00eatre exp\u00e9di\u00e9es.<\/p>\n<!-- \/wp:paragraph --><\/div>\n<!-- \/wp:column -->\n\n<!-- wp:column -->\n<div class=\"wp-block-column\"><!-- wp:paragraph -->\n<p><strong>Pourquoi les d\u00e9riv\u00e9s de CTO sont-ils plus chers que les frags normaux ?<\/strong><\/p>\n<!-- \/wp:paragraph -->\n\n<!-- wp:paragraph -->\n<p>Nous mettons en place les d\u00e9riv\u00e9s CTO sp\u00e9cialement pour toi et t'envoyons une photo du corail avant l'envoi. Tu b\u00e9n\u00e9ficies ainsi d'un service plus personnalis\u00e9 qu'avec les autres vari\u00e9t\u00e9s et, dans la plupart des cas, tu as un acc\u00e8s direct aux coraux et tu n'as pas besoin de faire la queue dans les mises \u00e0 jour de la boutique pour obtenir ton corail signature. Mais cela signifie aussi plus d'efforts pour nous et c'est pourquoi ces produits sont plus chers que les produits r\u00e9guliers.<\/p>\n<!-- \/wp:paragraph -->\n\n<!-- wp:paragraph -->\n<p>Le conseil de Tom : \"Regarde d'abord si des rejets normaux sont disponibles. C'est l\u00e0 que tu peux faire des \u00e9conomies\".<\/p>\n<!-- \/wp:paragraph --><\/div>\n<!-- \/wp:column -->\n\n<!-- wp:column -->\n<div class=\"wp-block-column\"><!-- wp:heading {\"level\":3} -->\n<h3 class=\"wp-block-heading\">D\u00e9roulement Cut-to Order<\/h3>\n<!-- \/wp:heading -->\n\n<!-- wp:list {\"ordered\":true} -->\n<ol><!-- wp:list-item -->\n<li>Tu commandes un corail de la cat\u00e9gorie 'Cut-to-Order'.<\/li>\n<!-- \/wp:list-item -->\n\n<!-- wp:list-item -->\n<li><strong>Nous faisons un rejeton<\/strong> du corail et red\u00e9finir la date de livraison. Tu recevras ensuite un e-mail t'informant que tes rejetons ont \u00e9t\u00e9 mis en place. <\/li>\n<!-- \/wp:list-item -->\n\n<!-- wp:list-item -->\n<li>A partir d'ici, le corail doit <strong>deux semaines de gu\u00e9rison<\/strong>. C'est pourquoi nous red\u00e9finissons la date de livraison. Tu recevras un e-mail avec la <strong>nouvelle date de livraison<\/strong>. Fais-nous savoir si tu ne peux pas accepter les coraux ce jour-l\u00e0. <\/li>\n<!-- \/wp:list-item -->\n\n<!-- wp:list-item -->\n<li>Tu recevras un <strong>Photo de ta branche 'Cut-to-Order<\/strong>. Pour cela, tu recevras un e-mail de notification t'informant que les photos peuvent \u00eatre consult\u00e9es dans ton compte chez Toms Korallen.<\/li>\n<!-- \/wp:list-item -->\n\n<!-- wp:list-item -->\n<li>Nous t'envoyons les coraux<\/li>\n<!-- \/wp:list-item --><\/ol>\n<!-- \/wp:list --><\/div>\n<!-- \/wp:column --><\/div>\n<!-- \/wp:columns -->","protected":false},"excerpt":{"rendered":"<p><!-- wp:image {\"width\":\"200px\"} --><\/p>\n<figure class=\"wp-block-image is-resized\"><img decoding=\"async\" src=\"https:\/\/server.toms-korallen.de\/http:\/\/server.toms-korallen.de\/wp-content\/uploads\/2019\/10\/Frag-900x790.jpg\" alt=\"\" style=\"width:200px\" title=\"\"\/><\/figure>\n<p><!-- \/wp:image --><\/p>\n<p><!-- wp:heading {\"level\":3} --><\/p>\n<h3 class=\"wp-block-heading\">CTO - Cut to Order<\/h3>\n<p><!-- \/wp:heading --><\/p>\n<p><!-- wp:paragraph --><\/p>\n<p><span class=\"cto\">Si tu commandes ce corail, la livraison sera retard\u00e9e de 2 semaines. <\/span><\/p>\n<p><!-- \/wp:paragraph --><\/p>\n<p><!-- wp:paragraph --><\/p>\n<p>Tu re\u00e7ois un rejeton de la souche m\u00e8re,<br \/>que nous r\u00e9digerons pour toi.<\/p>\n<p><!-- \/wp:paragraph --><\/p>\n<p><!-- wp:paragraph --><\/p>\n<p>Les photos sont des exemples d'animaux<br \/>de cette esp\u00e8ce de notre \u00e9levage.<\/p>\n<p><!-- \/wp:paragraph --><\/p>\n<p><!-- wp:paragraph --><\/p>\n<p>Il faut g\u00e9n\u00e9ralement deux semaines pour que les boutures soient pr\u00eates \u00e0 \u00eatre envoy\u00e9es. Si la bouture se d\u00e9sagr\u00e8ge pendant ce temps, nous cr\u00e9ons une nouvelle bouture si la souche m\u00e8re le permet. Si ce n'est pas le cas, nous te remboursons le montant de ton achat.<\/p>\n<p><!-- \/wp:paragraph --><\/p>","protected":false},"featured_media":66040,"comment_status":"open","ping_status":"closed","template":"","meta":{"_acf_changed":false},"origin":[],"product_brand":[],"product_cat":[93,150,316,385,410,413],"product_tag":[],"class_list":{"0":"post-66053","1":"product","2":"type-product","3":"status-publish","4":"has-post-thumbnail","6":"product_cat-korallen_kaufen","7":"product_cat-sonstige","8":"product_cat-cto-cut-to-order","9":"product_cat-hart-im-nehmen","10":"product_cat-korallen-fuer-anfaenger","11":"product_cat-erste-korallen","12":"product_shipping_class-lebendtierversand","14":"first","15":"instock","16":"taxable","17":"shipping-taxable","18":"purchasable","19":"product-type-simple"},"acf":[],"jetpack_sharing_enabled":true,"_links":{"self":[{"href":"https:\/\/toms-korallen.de\/fr\/wp-json\/wp\/v2\/product\/66053","targetHints":{"allow":["GET"]}}],"collection":[{"href":"https:\/\/toms-korallen.de\/fr\/wp-json\/wp\/v2\/product"}],"about":[{"href":"https:\/\/toms-korallen.de\/fr\/wp-json\/wp\/v2\/types\/product"}],"replies":[{"embeddable":true,"href":"https:\/\/toms-korallen.de\/fr\/wp-json\/wp\/v2\/comments?post=66053"}],"version-history":[{"count":0,"href":"https:\/\/toms-korallen.de\/fr\/wp-json\/wp\/v2\/product\/66053\/revisions"}],"wp:featuredmedia":[{"embeddable":true,"href":"https:\/\/toms-korallen.de\/fr\/wp-json\/wp\/v2\/media\/66040"}],"wp:attachment":[{"href":"https:\/\/toms-korallen.de\/fr\/wp-json\/wp\/v2\/media?parent=66053"}],"wp:term":[{"taxonomy":"origin","embeddable":true,"href":"https:\/\/toms-korallen.de\/fr\/wp-json\/wp\/v2\/origin?post=66053"},{"taxonomy":"product_brand","embeddable":true,"href":"https:\/\/toms-korallen.de\/fr\/wp-json\/wp\/v2\/product_brand?post=66053"},{"taxonomy":"product_cat","embeddable":true,"href":"https:\/\/toms-korallen.de\/fr\/wp-json\/wp\/v2\/product_cat?post=66053"},{"taxonomy":"product_tag","embeddable":true,"href":"https:\/\/toms-korallen.de\/fr\/wp-json\/wp\/v2\/product_tag?post=66053"}],"curies":[{"name":"wp","href":"https:\/\/api.w.org\/{rel}","templated":true}]}}