{"id":56213,"date":"2024-06-05T14:03:20","date_gmt":"2024-06-05T12:03:20","guid":{"rendered":"https:\/\/server.toms-korallen.de\/?post_type=product&#038;p=56213"},"modified":"2025-07-10T22:17:27","modified_gmt":"2025-07-10T20:17:27","slug":"hygger-hg-925-chauffage-avec-controleur","status":"publish","type":"product","link":"https:\/\/toms-korallen.de\/fr\/hygger-hg-925-heizung-mit-controller\/","title":{"rendered":"Hygger HG-925 chauffage avec contr\u00f4leur"},"content":{"rendered":"<p>Pour les caract\u00e9ristiques techniques et les dimensions, contacte le fabricant.<\/p>","protected":false},"excerpt":{"rendered":"<h4>Cet article est d'occasion et en tr\u00e8s bon \u00e9tat<\/h4>\n<h3>Sur ordre du client<\/h3>\n<ul>\n<li>Nous publions cet article <strong>Au nom d'un client<\/strong>.<\/li>\n<li>Toms Korallen agit en tant qu'interm\u00e9diaire et non en tant que partie contractante.<br \/>\nLe contrat de vente est conclu entre notre client et l'acheteur.<\/li>\n<li>Ainsi, il y a <strong>pas de garantie<\/strong> sur l'article.<\/li>\n<li>Cet article est uniquement destin\u00e9 \u00e0 <strong>A prendre soi-m\u00eame<\/strong> et donc exclu de l'envoi.<\/li>\n<li>Il est possible d'inspecter l'article lors du retrait.<\/li>\n<li>Paiement en <strong>En esp\u00e8ces ou par carte EC<\/strong><\/li>\n<\/ul>\n<p>Les heures de ramassage sont le lundi de 17h \u00e0 18h et le mercredi de 17h \u00e0 18h avec r\u00e9servation pr\u00e9alable par e-mail ou Whatsapp : 0176 24058129.<\/p>","protected":false},"featured_media":56175,"comment_status":"closed","ping_status":"closed","template":"","meta":{"_acf_changed":false},"origin":[],"product_brand":[],"product_cat":[439],"product_tag":[],"class_list":{"0":"post-56213","1":"product","2":"type-product","3":"status-publish","4":"has-post-thumbnail","6":"product_cat-im-kundenauftrag","8":"first","9":"instock","10":"sale","11":"virtual","12":"taxable","13":"purchasable","14":"product-type-simple"},"acf":[],"jetpack_sharing_enabled":true,"_links":{"self":[{"href":"https:\/\/toms-korallen.de\/fr\/wp-json\/wp\/v2\/product\/56213","targetHints":{"allow":["GET"]}}],"collection":[{"href":"https:\/\/toms-korallen.de\/fr\/wp-json\/wp\/v2\/product"}],"about":[{"href":"https:\/\/toms-korallen.de\/fr\/wp-json\/wp\/v2\/types\/product"}],"replies":[{"embeddable":true,"href":"https:\/\/toms-korallen.de\/fr\/wp-json\/wp\/v2\/comments?post=56213"}],"version-history":[{"count":0,"href":"https:\/\/toms-korallen.de\/fr\/wp-json\/wp\/v2\/product\/56213\/revisions"}],"wp:featuredmedia":[{"embeddable":true,"href":"https:\/\/toms-korallen.de\/fr\/wp-json\/wp\/v2\/media\/56175"}],"wp:attachment":[{"href":"https:\/\/toms-korallen.de\/fr\/wp-json\/wp\/v2\/media?parent=56213"}],"wp:term":[{"taxonomy":"origin","embeddable":true,"href":"https:\/\/toms-korallen.de\/fr\/wp-json\/wp\/v2\/origin?post=56213"},{"taxonomy":"product_brand","embeddable":true,"href":"https:\/\/toms-korallen.de\/fr\/wp-json\/wp\/v2\/product_brand?post=56213"},{"taxonomy":"product_cat","embeddable":true,"href":"https:\/\/toms-korallen.de\/fr\/wp-json\/wp\/v2\/product_cat?post=56213"},{"taxonomy":"product_tag","embeddable":true,"href":"https:\/\/toms-korallen.de\/fr\/wp-json\/wp\/v2\/product_tag?post=56213"}],"curies":[{"name":"wp","href":"https:\/\/api.w.org\/{rel}","templated":true}]}}