{"id":49834,"date":"2023-12-13T14:41:28","date_gmt":"2023-12-13T13:41:28","guid":{"rendered":"https:\/\/server.toms-korallen.de\/?post_type=product&#038;p=49834"},"modified":"2025-07-10T22:17:32","modified_gmt":"2025-07-10T20:17:32","slug":"bon-20e-a-imprimer-soi-meme","status":"publish","type":"product","link":"https:\/\/toms-korallen.de\/fr\/gutschein-20e-zum-selbstausdrucken\/","title":{"rendered":"Bon cadeau 20\u20ac \u2018\u00e0 imprimer soi-m\u00eame\u2019"},"content":{"rendered":"<p>Fais plaisir \u00e0 tes amis avec un bon d'achat de Toms Korallen !<\/p>\n<p>Ce bon est \u00e0 imprimer soi-m\u00eame.<\/p>","protected":false},"excerpt":{"rendered":"<h1>Bon \u00e0 imprimer soi-m\u00eame<\/h1>\n<p>Une fois l'achat termin\u00e9, tu recevras un e-mail avec le code du bon.<\/p>\n<p>Celui-ci peut ensuite \u00eatre cr\u00e9dit\u00e9 dans le panier d'achat lors d'une commande.<\/p>\n<p>L'envoi de l'email se fait manuellement, c'est pourquoi cela peut prendre 1 \u00e0 2 jours ouvrables.<\/p>\n<ul>\n<li>La validit\u00e9 du bon est de 3 ans<\/li>\n<li>La valeur du bon ou les \u00e9ventuels montants restants ne peuvent pas \u00eatre rembours\u00e9s.<\/li>\n<li>Le bon est utilisable uniquement dans la boutique sur www.toms-korallen.de<\/li>\n<\/ul>","protected":false},"featured_media":49829,"comment_status":"closed","ping_status":"closed","template":"","meta":{"_acf_changed":false},"origin":[],"product_brand":[],"product_cat":[404],"product_tag":[],"class_list":{"0":"post-49834","1":"product","2":"type-product","3":"status-publish","4":"has-post-thumbnail","6":"product_cat-gutscheine","8":"first","9":"instock","10":"downloadable","11":"virtual","12":"purchasable","13":"product-type-simple"},"acf":[],"jetpack_sharing_enabled":true,"_links":{"self":[{"href":"https:\/\/toms-korallen.de\/fr\/wp-json\/wp\/v2\/product\/49834","targetHints":{"allow":["GET"]}}],"collection":[{"href":"https:\/\/toms-korallen.de\/fr\/wp-json\/wp\/v2\/product"}],"about":[{"href":"https:\/\/toms-korallen.de\/fr\/wp-json\/wp\/v2\/types\/product"}],"replies":[{"embeddable":true,"href":"https:\/\/toms-korallen.de\/fr\/wp-json\/wp\/v2\/comments?post=49834"}],"version-history":[{"count":0,"href":"https:\/\/toms-korallen.de\/fr\/wp-json\/wp\/v2\/product\/49834\/revisions"}],"wp:featuredmedia":[{"embeddable":true,"href":"https:\/\/toms-korallen.de\/fr\/wp-json\/wp\/v2\/media\/49829"}],"wp:attachment":[{"href":"https:\/\/toms-korallen.de\/fr\/wp-json\/wp\/v2\/media?parent=49834"}],"wp:term":[{"taxonomy":"origin","embeddable":true,"href":"https:\/\/toms-korallen.de\/fr\/wp-json\/wp\/v2\/origin?post=49834"},{"taxonomy":"product_brand","embeddable":true,"href":"https:\/\/toms-korallen.de\/fr\/wp-json\/wp\/v2\/product_brand?post=49834"},{"taxonomy":"product_cat","embeddable":true,"href":"https:\/\/toms-korallen.de\/fr\/wp-json\/wp\/v2\/product_cat?post=49834"},{"taxonomy":"product_tag","embeddable":true,"href":"https:\/\/toms-korallen.de\/fr\/wp-json\/wp\/v2\/product_tag?post=49834"}],"curies":[{"name":"wp","href":"https:\/\/api.w.org\/{rel}","templated":true}]}}