{"id":42957,"date":"2023-08-11T11:40:24","date_gmt":"2023-08-11T09:40:24","guid":{"rendered":"https:\/\/server.toms-korallen.de\/?post_type=product&#038;p=42957"},"modified":"2025-11-21T09:31:49","modified_gmt":"2025-11-21T08:31:49","slug":"muricea-gorgone-pourpre","status":"publish","type":"product","link":"https:\/\/toms-korallen.de\/fr\/muricea-gorgonie-purple\/","title":{"rendered":"VDS - Muricea Gorgonie \u2018Purple\u2019 - une portion"},"content":{"rendered":"<h2 data-start=\"71\" data-end=\"101\">Description et caract\u00e9ristiques<\/h2>\n<p data-start=\"102\" data-end=\"576\">Le site <strong data-start=\"106\" data-end=\"126\">Gorgone de Muricea<\/strong> est un corail corn\u00e9 impressionnant, qui pousse en forme d'arbre ou d'\u00e9ventail et qui attire imm\u00e9diatement l'attention par ses branches robustes et ses polypes vivants. Gr\u00e2ce \u00e0 sa structure ramifi\u00e9e caract\u00e9ristique, il assure une structure, des zones d'ombre et un jeu de courant harmonieux dans l'aquarium d'eau de mer.<\/p>\n<h2 data-start=\"578\" data-end=\"601\">Maintien et soins<\/h2>\n<p data-start=\"602\" data-end=\"1164\" data-is-last-node=\"\" data-is-only-node=\"\">Muricea compte parmi les <strong data-start=\"623\" data-end=\"652\">des esp\u00e8ces de gorgones plus robustes<\/strong>, Les poissons sont des animaux qui se d\u00e9veloppent de mani\u00e8re fiable lorsque les nutriments sont disponibles en quantit\u00e9 suffisante et que le courant est bon. Elle pr\u00e9f\u00e8re un courant moyen \u00e0 fort pour \u00e9tendre ses polypes de mani\u00e8re optimale et filtrer efficacement la nourriture. En tant que filtreurs actifs, les esp\u00e8ces Muricea absorbent les nutriments dissous, le plancton et les fines poussi\u00e8res, ce qui en fait un pr\u00e9cieux soutien de l'\u00e9quilibre biologique dans l'aquarium. Elle se maintient bien dans des bacs r\u00e9cifaux mixtes et s'harmonise sans probl\u00e8me avec les poissons, les invert\u00e9br\u00e9s et les autres coraux mous.<\/p>\n<!-- wp:heading -->\n<h2 class=\"wp-block-heading\">Ce corail est 'pr\u00eat \u00e0 l'emploi'.<\/h2>\n<!-- \/wp:heading -->\n\n<!-- wp:paragraph -->\n<p>Cela signifie qu'il ne s'agit pas d'un animal unique avec une photo originale. Tu re\u00e7ois un rejeton de la m\u00eame esp\u00e8ce que celle repr\u00e9sent\u00e9e sur la photo. Comme il s'agit d'animaux, la croissance et la couleur peuvent varier en fonction des param\u00e8tres de l'eau, de l'\u00e2ge ou de la lumi\u00e8re. Chez les zoas, le nombre de polypes peut aussi varier - mais la plupart du temps, il y a plut\u00f4t plus que moins de polypes sur les rejets qui sortent chez toi.<\/p>\n<!-- \/wp:paragraph -->","protected":false},"excerpt":{"rendered":"<h3>Un parmi tant d'autres<\/h3>\n<p>Tu recevras une branche de ce corail.<\/p>","protected":false},"featured_media":42954,"comment_status":"open","ping_status":"closed","template":"","meta":{"_acf_changed":false},"origin":[305],"product_brand":[],"product_cat":[93,94,132,311,385,413,448],"product_tag":[],"class_list":{"0":"post-42957","1":"product","2":"type-product","3":"status-publish","4":"has-post-thumbnail","6":"origin-farm","7":"product_cat-korallen_kaufen","8":"product_cat-sps","9":"product_cat-von-der-stange","10":"product_cat-sonstige-von-der-stange","11":"product_cat-hart-im-nehmen","12":"product_cat-erste-korallen","13":"product_cat-b2b","14":"product_shipping_class-lebendtierversand","16":"first","17":"instock","18":"taxable","19":"shipping-taxable","20":"purchasable","21":"product-type-simple"},"acf":[],"jetpack_sharing_enabled":true,"_links":{"self":[{"href":"https:\/\/toms-korallen.de\/fr\/wp-json\/wp\/v2\/product\/42957","targetHints":{"allow":["GET"]}}],"collection":[{"href":"https:\/\/toms-korallen.de\/fr\/wp-json\/wp\/v2\/product"}],"about":[{"href":"https:\/\/toms-korallen.de\/fr\/wp-json\/wp\/v2\/types\/product"}],"replies":[{"embeddable":true,"href":"https:\/\/toms-korallen.de\/fr\/wp-json\/wp\/v2\/comments?post=42957"}],"version-history":[{"count":0,"href":"https:\/\/toms-korallen.de\/fr\/wp-json\/wp\/v2\/product\/42957\/revisions"}],"wp:featuredmedia":[{"embeddable":true,"href":"https:\/\/toms-korallen.de\/fr\/wp-json\/wp\/v2\/media\/42954"}],"wp:attachment":[{"href":"https:\/\/toms-korallen.de\/fr\/wp-json\/wp\/v2\/media?parent=42957"}],"wp:term":[{"taxonomy":"origin","embeddable":true,"href":"https:\/\/toms-korallen.de\/fr\/wp-json\/wp\/v2\/origin?post=42957"},{"taxonomy":"product_brand","embeddable":true,"href":"https:\/\/toms-korallen.de\/fr\/wp-json\/wp\/v2\/product_brand?post=42957"},{"taxonomy":"product_cat","embeddable":true,"href":"https:\/\/toms-korallen.de\/fr\/wp-json\/wp\/v2\/product_cat?post=42957"},{"taxonomy":"product_tag","embeddable":true,"href":"https:\/\/toms-korallen.de\/fr\/wp-json\/wp\/v2\/product_tag?post=42957"}],"curies":[{"name":"wp","href":"https:\/\/api.w.org\/{rel}","templated":true}]}}