{"id":37791,"date":"2023-05-07T11:22:40","date_gmt":"2023-05-07T09:22:40","guid":{"rendered":"https:\/\/server.toms-korallen.de\/?post_type=product&#038;p=37791"},"modified":"2025-09-25T16:17:56","modified_gmt":"2025-09-25T14:17:56","slug":"cto-tk-citrus-fruit","status":"publish","type":"product","link":"https:\/\/toms-korallen.de\/fr\/cto-tk-citrus-fruit\/","title":{"rendered":"CTO - TK Citrus Fruit"},"content":{"rendered":"","protected":false},"excerpt":{"rendered":"<p><!-- wp:image {\"width\":\"200px\"} --><\/p>\n<figure class=\"wp-block-image is-resized\"><img decoding=\"async\" src=\"https:\/\/server.toms-korallen.de\/http:\/\/server.toms-korallen.de\/wp-content\/uploads\/2019\/10\/Frag-900x790.jpg\" alt=\"\" style=\"width:200px\" title=\"\"\/><\/figure>\n<p><!-- \/wp:image --><\/p>\n<p><!-- wp:heading {\"level\":3} --><\/p>\n<h3 class=\"wp-block-heading\">CTO - Cut to Order<\/h3>\n<p><!-- \/wp:heading --><\/p>\n<p><!-- wp:paragraph --><\/p>\n<p><span class=\"cto\">Si tu commandes ce corail, la livraison sera retard\u00e9e de 2 semaines. <\/span><\/p>\n<p><!-- \/wp:paragraph --><\/p>\n<p><!-- wp:paragraph --><\/p>\n<p>Tu re\u00e7ois un rejeton de la souche m\u00e8re,<br \/>que nous r\u00e9digerons pour toi.<\/p>\n<p><!-- \/wp:paragraph --><\/p>\n<p><!-- wp:paragraph --><\/p>\n<p>Les photos sont des exemples d'animaux<br \/>de cette esp\u00e8ce de notre \u00e9levage.<\/p>\n<p><!-- \/wp:paragraph --><\/p>\n<p><!-- wp:paragraph --><\/p>\n<p>Il faut g\u00e9n\u00e9ralement deux semaines pour que les boutures soient pr\u00eates \u00e0 \u00eatre envoy\u00e9es. Si la bouture se d\u00e9sagr\u00e8ge pendant ce temps, nous cr\u00e9ons une nouvelle bouture si la souche m\u00e8re le permet. Si ce n'est pas le cas, nous te remboursons le montant de ton achat.<\/p>\n<p><!-- \/wp:paragraph --><\/p>","protected":false},"featured_media":38321,"comment_status":"closed","ping_status":"closed","template":"","meta":{"_acf_changed":false},"origin":[305,406],"product_brand":[],"product_cat":[93,316,445],"product_tag":[],"class_list":{"0":"post-37791","1":"product","2":"type-product","3":"status-publish","4":"has-post-thumbnail","6":"origin-farm","7":"origin-signature-korallen","8":"product_cat-korallen_kaufen","9":"product_cat-cto-cut-to-order","10":"product_cat-daylight-beauties","11":"product_shipping_class-lebendtierversand","13":"first","14":"outofstock","15":"taxable","16":"shipping-taxable","17":"purchasable","18":"product-type-simple"},"acf":[],"jetpack_sharing_enabled":true,"_links":{"self":[{"href":"https:\/\/toms-korallen.de\/fr\/wp-json\/wp\/v2\/product\/37791","targetHints":{"allow":["GET"]}}],"collection":[{"href":"https:\/\/toms-korallen.de\/fr\/wp-json\/wp\/v2\/product"}],"about":[{"href":"https:\/\/toms-korallen.de\/fr\/wp-json\/wp\/v2\/types\/product"}],"replies":[{"embeddable":true,"href":"https:\/\/toms-korallen.de\/fr\/wp-json\/wp\/v2\/comments?post=37791"}],"version-history":[{"count":0,"href":"https:\/\/toms-korallen.de\/fr\/wp-json\/wp\/v2\/product\/37791\/revisions"}],"wp:featuredmedia":[{"embeddable":true,"href":"https:\/\/toms-korallen.de\/fr\/wp-json\/wp\/v2\/media\/38321"}],"wp:attachment":[{"href":"https:\/\/toms-korallen.de\/fr\/wp-json\/wp\/v2\/media?parent=37791"}],"wp:term":[{"taxonomy":"origin","embeddable":true,"href":"https:\/\/toms-korallen.de\/fr\/wp-json\/wp\/v2\/origin?post=37791"},{"taxonomy":"product_brand","embeddable":true,"href":"https:\/\/toms-korallen.de\/fr\/wp-json\/wp\/v2\/product_brand?post=37791"},{"taxonomy":"product_cat","embeddable":true,"href":"https:\/\/toms-korallen.de\/fr\/wp-json\/wp\/v2\/product_cat?post=37791"},{"taxonomy":"product_tag","embeddable":true,"href":"https:\/\/toms-korallen.de\/fr\/wp-json\/wp\/v2\/product_tag?post=37791"}],"curies":[{"name":"wp","href":"https:\/\/api.w.org\/{rel}","templated":true}]}}