{"id":22628,"date":"2022-03-15T09:32:11","date_gmt":"2022-03-15T08:32:11","guid":{"rendered":"https:\/\/server.toms-korallen.de\/?post_type=product&#038;p=22628"},"modified":"2026-03-25T09:23:21","modified_gmt":"2026-03-25T08:23:21","slug":"6x-lps-starter-pack","status":"publish","type":"product","link":"https:\/\/toms-korallen.de\/fr\/6x-lps-starter-pack\/","title":{"rendered":"6x LPS Starter Pack"},"content":{"rendered":"","protected":false},"excerpt":{"rendered":"<h3>Le pack de 6 boutures de coraux durs \u00e0 gros polypes<\/h3>\n<p>Le \u201c6x LPS Starter Pack\u201d se compose d'une s\u00e9lection de 6 coraux diff\u00e9rents.<br \/>\nNous s\u00e9lectionnons 6 rejets parmi les esp\u00e8ces de coraux suivantes :<\/p>\n<ul>\n<li>Euphyllia Bicolor<\/li>\n<li>Acanthastrea Echinata<\/li>\n<li>Acanthastrea Lordensis<\/li>\n<li>Chalice Golden Eye<\/li>\n<li>Oeil de momie de Chalice<\/li>\n<li>Caulastrea Green<\/li>\n<li>Favia<\/li>\n<li>Alveopora Green<\/li>\n<li>Tubinaria<\/li>\n<\/ul>\n<p>Dans le champ de remarques sur la page de la caisse, tu peux aussi exprimer des souhaits concernant les coraux qui ne doivent pas \u00eatre inclus parce que tu les as d\u00e9j\u00e0 dans ton aquarium. Nous essaierons de les satisfaire. Malheureusement, nous ne pouvons pas promettre 100%, car toutes les esp\u00e8ces ne sont pas toujours disponibles sous forme de rejets.<\/p>\n<p>Les photos sont des exemples d'images d\u00e9riv\u00e9es et non des images WYSIWYG.<\/p>","protected":false},"featured_media":22630,"comment_status":"open","ping_status":"closed","template":"","meta":{"_acf_changed":false},"origin":[],"product_brand":[],"product_cat":[153],"product_tag":[],"class_list":{"0":"post-22628","1":"product","2":"type-product","3":"status-publish","4":"has-post-thumbnail","6":"product_cat-korallen-packs","7":"product_shipping_class-lebendtierversand","9":"first","10":"instock","11":"taxable","12":"shipping-taxable","13":"purchasable","14":"product-type-simple"},"acf":[],"jetpack_sharing_enabled":true,"_links":{"self":[{"href":"https:\/\/toms-korallen.de\/fr\/wp-json\/wp\/v2\/product\/22628","targetHints":{"allow":["GET"]}}],"collection":[{"href":"https:\/\/toms-korallen.de\/fr\/wp-json\/wp\/v2\/product"}],"about":[{"href":"https:\/\/toms-korallen.de\/fr\/wp-json\/wp\/v2\/types\/product"}],"replies":[{"embeddable":true,"href":"https:\/\/toms-korallen.de\/fr\/wp-json\/wp\/v2\/comments?post=22628"}],"version-history":[{"count":0,"href":"https:\/\/toms-korallen.de\/fr\/wp-json\/wp\/v2\/product\/22628\/revisions"}],"wp:featuredmedia":[{"embeddable":true,"href":"https:\/\/toms-korallen.de\/fr\/wp-json\/wp\/v2\/media\/22630"}],"wp:attachment":[{"href":"https:\/\/toms-korallen.de\/fr\/wp-json\/wp\/v2\/media?parent=22628"}],"wp:term":[{"taxonomy":"origin","embeddable":true,"href":"https:\/\/toms-korallen.de\/fr\/wp-json\/wp\/v2\/origin?post=22628"},{"taxonomy":"product_brand","embeddable":true,"href":"https:\/\/toms-korallen.de\/fr\/wp-json\/wp\/v2\/product_brand?post=22628"},{"taxonomy":"product_cat","embeddable":true,"href":"https:\/\/toms-korallen.de\/fr\/wp-json\/wp\/v2\/product_cat?post=22628"},{"taxonomy":"product_tag","embeddable":true,"href":"https:\/\/toms-korallen.de\/fr\/wp-json\/wp\/v2\/product_tag?post=22628"}],"curies":[{"name":"wp","href":"https:\/\/api.w.org\/{rel}","templated":true}]}}