{"id":22616,"date":"2022-03-15T08:53:16","date_gmt":"2022-03-15T07:53:16","guid":{"rendered":"https:\/\/server.toms-korallen.de\/?post_type=product&#038;p=22616"},"modified":"2026-04-15T12:00:36","modified_gmt":"2026-04-15T10:00:36","slug":"6x-sps-starter-pack-2","status":"publish","type":"product","link":"https:\/\/toms-korallen.de\/fr\/6x-sps-starter-pack-2\/","title":{"rendered":"6x Pack de d\u00e9marrage API"},"content":{"rendered":"","protected":false},"excerpt":{"rendered":"<h3>Le pack de d\u00e9marrage pour commencer \u00e0 \u00e9lever des coraux durs \u00e0 petits polypes<\/h3>\n<p>Le \u201c6x SPS Starter Pack\u201d se compose d'une s\u00e9lection de 6 coraux diff\u00e9rents.<br \/>\nNous s\u00e9lectionnons 6 rejets parmi les esp\u00e8ces de coraux suivantes :<\/p>\n<ul>\n<li>Seriatropora Hystrix<\/li>\n<li>Seriatropora Calliendrum rose<\/li>\n<li>Seriatropora calliendrum vert<\/li>\n<li>Seriatropora Bird of Paradise<\/li>\n<li>Stylopora Milka<\/li>\n<li>Stylopora Green<\/li>\n<li>Montipora Saramensis \u201cBubble Gum\u201d (gomme \u00e0 bulle)\u201d<\/li>\n<li>Montipora Digitata Red<\/li>\n<li>Montipora Mollis<\/li>\n<li>Acropora Austera<\/li>\n<li>Acropora Blue Stag<\/li>\n<li>Acropora Papa Bear<\/li>\n<li>Acropora vert m\u00e9tallique<\/li>\n<\/ul>\n<p>Dans le champ de remarques sur la page de la caisse, tu peux aussi exprimer des souhaits concernant les coraux qui ne doivent pas \u00eatre inclus parce que tu les as d\u00e9j\u00e0 dans ton aquarium. Nous essaierons de les satisfaire. Malheureusement, nous ne pouvons pas promettre 100%, car toutes les esp\u00e8ces ne sont pas toujours disponibles sous forme de rejets.<\/p>\n<p>Les photos sont des exemples d'images d\u00e9riv\u00e9es et non des images WYSIWYG.<\/p>","protected":false},"featured_media":22618,"comment_status":"open","ping_status":"closed","template":"","meta":{"_acf_changed":false},"origin":[],"product_brand":[],"product_cat":[153,93,385,410,411,445],"product_tag":[],"class_list":{"0":"post-22616","1":"product","2":"type-product","3":"status-publish","4":"has-post-thumbnail","6":"product_cat-korallen-packs","7":"product_cat-korallen_kaufen","8":"product_cat-hart-im-nehmen","9":"product_cat-korallen-fuer-anfaenger","10":"product_cat-einsteiger-sps","11":"product_cat-daylight-beauties","12":"product_shipping_class-lebendtierversand","14":"first","15":"instock","16":"taxable","17":"shipping-taxable","18":"purchasable","19":"product-type-simple"},"acf":[],"jetpack_sharing_enabled":true,"_links":{"self":[{"href":"https:\/\/toms-korallen.de\/fr\/wp-json\/wp\/v2\/product\/22616","targetHints":{"allow":["GET"]}}],"collection":[{"href":"https:\/\/toms-korallen.de\/fr\/wp-json\/wp\/v2\/product"}],"about":[{"href":"https:\/\/toms-korallen.de\/fr\/wp-json\/wp\/v2\/types\/product"}],"replies":[{"embeddable":true,"href":"https:\/\/toms-korallen.de\/fr\/wp-json\/wp\/v2\/comments?post=22616"}],"version-history":[{"count":0,"href":"https:\/\/toms-korallen.de\/fr\/wp-json\/wp\/v2\/product\/22616\/revisions"}],"wp:featuredmedia":[{"embeddable":true,"href":"https:\/\/toms-korallen.de\/fr\/wp-json\/wp\/v2\/media\/22618"}],"wp:attachment":[{"href":"https:\/\/toms-korallen.de\/fr\/wp-json\/wp\/v2\/media?parent=22616"}],"wp:term":[{"taxonomy":"origin","embeddable":true,"href":"https:\/\/toms-korallen.de\/fr\/wp-json\/wp\/v2\/origin?post=22616"},{"taxonomy":"product_brand","embeddable":true,"href":"https:\/\/toms-korallen.de\/fr\/wp-json\/wp\/v2\/product_brand?post=22616"},{"taxonomy":"product_cat","embeddable":true,"href":"https:\/\/toms-korallen.de\/fr\/wp-json\/wp\/v2\/product_cat?post=22616"},{"taxonomy":"product_tag","embeddable":true,"href":"https:\/\/toms-korallen.de\/fr\/wp-json\/wp\/v2\/product_tag?post=22616"}],"curies":[{"name":"wp","href":"https:\/\/api.w.org\/{rel}","templated":true}]}}