{"id":85,"date":"2019-03-27T09:05:42","date_gmt":"2019-03-27T08:05:42","guid":{"rendered":"http:\/\/shop.toms-korallen.de\/?page_id=85"},"modified":"2025-07-23T08:42:24","modified_gmt":"2025-07-23T06:42:24","slug":"agbs","status":"publish","type":"page","link":"https:\/\/toms-korallen.de\/fr\/agbs\/","title":{"rendered":"Conditions g\u00e9n\u00e9rales de vente"},"content":{"rendered":"<div data-elementor-type=\"wp-page\" data-elementor-id=\"85\" class=\"elementor elementor-85\" data-elementor-post-type=\"page\">\n\t\t\t\t\t\t<section class=\"elementor-section elementor-top-section elementor-element elementor-element-1989d735 elementor-section-boxed elementor-section-height-default elementor-section-height-default\" data-id=\"1989d735\" data-element_type=\"section\" data-e-type=\"section\">\n\t\t\t\t\t\t<div class=\"elementor-container elementor-column-gap-default\">\n\t\t\t\t\t<div class=\"elementor-column elementor-col-100 elementor-top-column elementor-element elementor-element-152129\" data-id=\"152129\" data-element_type=\"column\" data-e-type=\"column\">\n\t\t\t<div class=\"elementor-widget-wrap elementor-element-populated\">\n\t\t\t\t\t\t<div class=\"elementor-element elementor-element-156ba32f elementor-widget elementor-widget-text-editor\" data-id=\"156ba32f\" data-element_type=\"widget\" data-e-type=\"widget\" data-widget_type=\"text-editor.default\">\n\t\t\t\t<div class=\"elementor-widget-container\">\n\t\t\t\t\t\t\t\t\t<p><\/p>\n<h2 class=\"wp-block-heading\">Conditions g\u00e9n\u00e9rales de vente<br \/>de l'offre en ligne de Toms Korallen<\/h2>\n<h4>- Pour les consommateurs B2C -<\/h4>\n<ol>\n<li>G\u00e9n\u00e9ralit\u00e9s\n<p>Tous les services fournis par la boutique en ligne au client sont exclusivement bas\u00e9s sur les conditions g\u00e9n\u00e9rales de vente suivantes. Les dispositions divergentes ne sont valables que si elles ont \u00e9t\u00e9 convenues individuellement entre la boutique en ligne et le client.<\/p>\n<p>2. conclusion du contrat<\/p>\n<p>2.1 Les offres de la boutique en ligne sur Internet constituent une invitation non contraignante pour le client \u00e0 commander des marchandises dans la boutique en ligne.<\/p>\n<p>2.2 En commandant les marchandises souhait\u00e9es sur Internet, le client fait une offre ferme pour la conclusion d'un contrat d'achat.<\/p>\n<p>2.3 La boutique en ligne confirme la r\u00e9ception de la commande imm\u00e9diatement apr\u00e8s la r\u00e9ception de la commande. La confirmation de commande ainsi que la r\u00e9ception d'une commande par t\u00e9l\u00e9phone ne constituent pas encore une acceptation juridique de notre part. Nous n'acceptons l'offre qu'au moment o\u00f9 nous t'envoyons la marchandise. Tu recevras une confirmation d'exp\u00e9dition \u00e9crite par e-mail.<\/p>\n<p>2.4 L'objet du contrat est la marchandise command\u00e9e par le client. En ce qui concerne la qualit\u00e9, c'est la description de l'offre qui s'applique, pour le reste, c'est le \u00a7 434 alin\u00e9a 1 phrase 3 du BGB qui s'applique.<\/p>\n<h4>3. information sur la r\u00e9vocation<\/h4>\n<h4><span style=\"font-weight: var( --e-global-typography-text-font-weight ); color: #545454;\"><a href=\"https:\/\/server.toms-korallen.de\/widerrufsbelehrung\/\">Tu trouveras la d\u00e9claration de r\u00e9tractation ici<\/a><br \/><\/span><\/h4>\n<h4>4\u00e8me livraison<\/h4>\n<p>4.1 Tous les articles sont livr\u00e9s imm\u00e9diatement, dans la mesure o\u00f9 ils sont disponibles en stock.<br \/>La livraison se fait aussi bien en Allemagne que dans les pays de l'UE.<\/p>\n<p>4.2 Le d\u00e9lai de livraison en Allemagne est de 5 jours ouvrables maximum, sauf indication contraire dans l'offre. La livraison a donc lieu au plus tard dans les 2 jours ouvrables (du lundi au vendredi, \u00e0 l'exception des jours f\u00e9ri\u00e9s) apr\u00e8s avoir donn\u00e9 l'ordre de paiement \u00e0 l'institut de cr\u00e9dit qui a effectu\u00e9 le virement (en cas de paiement anticip\u00e9) ou apr\u00e8s la conclusion du contrat (en cas de paiement contre remboursement ou d'achat sur facture). Les produits indiqu\u00e9s sont envoy\u00e9s directement par les fabricants. Il peut y avoir des retards dus \u00e0 la fabrication.\u00a0<\/p>\n<p>Pour les livraisons \u00e0 l'\u00e9tranger, le d\u00e9lai de livraison est de 14 jours ouvrables maximum, sauf indication contraire dans l'offre. La livraison a donc lieu au plus tard dans les 2 jours ouvrables (du lundi au vendredi, \u00e0 l'exception des jours f\u00e9ri\u00e9s) apr\u00e8s avoir donn\u00e9 l'ordre de paiement \u00e0 l'institut de cr\u00e9dit qui a effectu\u00e9 le virement (en cas de paiement anticip\u00e9) ou apr\u00e8s la conclusion du contrat (en cas de paiement contre remboursement ou d'achat sur facture).<\/p>\n<p>4.3 Si un article n'est pas disponible \u00e0 court terme, nous t'informerons par e-mail du d\u00e9lai de livraison pr\u00e9vu, \u00e0 condition que nous disposions d'une adresse de ta part.<\/p>\n<p>4.4 Nous excluons express\u00e9ment de nos conditions d'exp\u00e9dition la r\u00e9ception de colis dans le voisinage, la redirection de colis et les contrats de garage avec le service de livraison. Si l'acheteur y a recours, nous ne pouvons pas garantir la livraison.<\/p>\n<p>4.5 Les clients de Suisse et de tous les autres pays hors de l'Union europ\u00e9enne doivent savoir que des droits de douane sp\u00e9cifiques au pays peuvent encore \u00eatre pr\u00e9lev\u00e9s sur les commandes. Renseigne-toi aupr\u00e8s de ton bureau de douane principal pour conna\u00eetre les frais de douane \u00e0 pr\u00e9voir.<\/p>\n<p>Tes droits l\u00e9gaux ne sont pas affect\u00e9s.<\/p>\n<h4>5. frais d'emballage et d'exp\u00e9dition<\/h4>\n<p>5.1 Nous proposons les modes de livraison suivants : Envoi d'animaux vivants avec GO !, UPS et autres produits via DHL.<br \/>5.2 Pour la livraison en Allemagne et les frais d'emballage, nous facturons le prix d'exp\u00e9dition d\u00e9fini dans l'offre. Pour chaque commande, les frais d'exp\u00e9dition sont indiqu\u00e9s et communiqu\u00e9s s\u00e9par\u00e9ment.<\/p>\n<p>5.3 Des emp\u00eachements de livraison impr\u00e9vus nous donnent le droit de nous retirer enti\u00e8rement ou partiellement de l'obligation de livraison. La responsabilit\u00e9 pour les dommages caus\u00e9s par un retard de livraison est exclue. La livraison \u00e0 l'\u00e9tranger se fait uniquement contre paiement anticip\u00e9 ou Paypal. Dans les pays de l'UE, la TVA en vigueur en Allemagne est incluse si nous n'avons pas de num\u00e9ro de TVA. Dans tous les autres pays, nous livrons sans TVA.<\/p>\n<p>Pour les livraisons \u00e0 l'\u00e9tranger, il n'existe pas de dispositions relatives aux frais d'exp\u00e9dition gratuits.<\/p>\n<h4>6. paiement, r\u00e9serve de propri\u00e9t\u00e9<\/h4>\n<p>6.1 Tous les prix indiqu\u00e9s sont des prix bruts en euros, qui incluent la TVA l\u00e9gale, actuellement de 19 % ou 7 %. Les prix applicables sont ceux en vigueur le jour de la commande.<\/p>\n<p>6.2 Pour les livraisons en Allemagne, les modes de paiement suivants sont possibles :<\/p>\n<p>par Paypal (notre adresse \u00e0 cet effet est : info@toms-korallen.de) merci d'indiquer ici aussi le num\u00e9ro de commande et ton nom comme motif de paiement.<\/p>\n<p>par paiement anticip\u00e9,<br \/>(Le client est tenu de payer le prix d'achat apr\u00e8s la conclusion du contrat par virement sur notre compte).<\/p>\n<p>6.3 Les marchandises livr\u00e9es restent notre propri\u00e9t\u00e9 jusqu'au paiement int\u00e9gral (r\u00e9serve de propri\u00e9t\u00e9 selon les \u00a7\u00a7158, 449 BGB). Le client doit nous informer imm\u00e9diatement des mesures d'ex\u00e9cution forc\u00e9e prises par des tiers sur la marchandise sous r\u00e9serve de propri\u00e9t\u00e9 et nous remettre les documents n\u00e9cessaires \u00e0 une intervention ; ceci vaut \u00e9galement pour les atteintes de toute autre nature. Ind\u00e9pendamment de cela, le client doit informer \u00e0 l'avance les tiers des droits existants sur la marchandise.<\/p>\n<h4>7. garantie<\/h4>\n<p>Si l'ex\u00e9cution ult\u00e9rieure a lieu sous forme de livraison de remplacement, l'acheteur est tenu de nous renvoyer la premi\u00e8re marchandise livr\u00e9e dans un d\u00e9lai de 30 jours, \u00e0 nos frais. Le renvoi de la marchandise d\u00e9fectueuse doit se faire conform\u00e9ment aux dispositions l\u00e9gales. Nous nous r\u00e9servons le droit de r\u00e9clamer des dommages et int\u00e9r\u00eats dans les conditions pr\u00e9vues par la loi.<\/p>\n<h4>8. responsabilit\u00e9 des d\u00e9fauts<\/h4>\n<p>Information sur la garantie des vices cach\u00e9s : la garantie l\u00e9gale des vices cach\u00e9s s'applique.<\/p>\n<h4>9. protection des donn\u00e9es<\/h4>\n<p>Notre politique de confidentialit\u00e9 est disponible dans la rubrique Protection des donn\u00e9es.<\/p>\n<h4>10. droit d'auteur<\/h4>\n<p>Les contenus et les \u0153uvres cr\u00e9\u00e9s par les exploitants de ces pages sont soumis au droit d'auteur allemand. La reproduction, le traitement, la diffusion et toute forme d'exploitation en dehors des limites du droit d'auteur n\u00e9cessitent l'accord \u00e9crit de l'auteur ou du cr\u00e9ateur concern\u00e9. Les t\u00e9l\u00e9chargements et les copies de ce site ne sont autoris\u00e9s que pour un usage priv\u00e9 et non commercial. Si le contenu de cette page n'a pas \u00e9t\u00e9 cr\u00e9\u00e9 par l'exploitant, les droits d'auteur de tiers sont respect\u00e9s. En particulier, les contenus de tiers sont marqu\u00e9s comme tels. Si tu constates malgr\u00e9 tout une violation des droits d'auteur, nous te prions de nous en informer. D\u00e8s que nous aurons connaissance d'une violation de la loi, nous supprimerons imm\u00e9diatement le contenu en question.<\/p>\n<h4>11. contenu et liens sur nos pages<\/h4>\n<p>Le contenu de nos pages a \u00e9t\u00e9 \u00e9labor\u00e9 avec le plus grand soin. Cependant, nous ne pouvons pas garantir l'exactitude, l'exhaustivit\u00e9 et l'actualit\u00e9 des contenus. En tant que fournisseur de services, nous sommes responsables de nos propres contenus sur ces pages conform\u00e9ment au \u00a7 7 alin\u00e9a 1 de la loi allemande sur les m\u00e9dias \u00e9lectroniques (TMG), selon les lois g\u00e9n\u00e9rales. Selon les \u00a7\u00a7 8 \u00e0 10 de la TMG, nous ne sommes toutefois pas tenus, en tant que fournisseur de services, de surveiller les informations externes transmises ou enregistr\u00e9es ou de rechercher des circonstances indiquant une activit\u00e9 ill\u00e9gale. Les obligations de supprimer ou de bloquer l'utilisation d'informations conform\u00e9ment aux lois g\u00e9n\u00e9rales ne sont pas affect\u00e9es par cette disposition. Une responsabilit\u00e9 \u00e0 cet \u00e9gard n'est toutefois possible qu'\u00e0 partir du moment o\u00f9 une violation concr\u00e8te du droit est connue. Si nous sommes inform\u00e9s d'une telle violation, nous supprimerons imm\u00e9diatement le contenu en question.<\/p>\n<p>Notre offre contient des liens vers des sites web externes de tiers sur lesquels nous n'avons aucune influence.<\/p>\n<p>Nous ne pouvons donc pas nous porter garants de ces contenus externes. Le fournisseur ou l'exploitant des pages li\u00e9es est toujours responsable du contenu de ces pages.<\/p>\n<p>Les pages li\u00e9es ont \u00e9t\u00e9 contr\u00f4l\u00e9es au moment de la cr\u00e9ation du lien afin de v\u00e9rifier qu'elles n'enfreignaient pas la loi. Aucun contenu ill\u00e9gal n'a \u00e9t\u00e9 identifi\u00e9 au moment de la cr\u00e9ation du lien. Un contr\u00f4le permanent du contenu des pages li\u00e9es n'est cependant pas exigible sans indices concrets d'une violation de la loi. Si nous sommes inform\u00e9s d'une violation de la loi, nous supprimerons imm\u00e9diatement de tels liens.<\/p>\n<h4>12. dispositions finales<\/h4>\n<p>L'application de la Convention des Nations Unies sur les contrats de vente internationale de marchandises est exclue, c'est le droit allemand qui s'applique. Une commande implique l'acceptation des conditions g\u00e9n\u00e9rales de vente de la boutique en ligne.<\/p>\n<p>Si le client n'a pas de juridiction g\u00e9n\u00e9rale en Allemagne ou dans un autre \u00c9tat membre de l'UE, le seul tribunal comp\u00e9tent pour tous les litiges d\u00e9coulant de ce contrat est celui de notre si\u00e8ge social.<\/p>\n<p>Le corail de Tom<br \/>21, chemin Anna-Mackenroth<br \/>12205 Berlin<\/p>\n<\/li>\n<\/ol>\n<p><\/p>\t\t\t\t\t\t\t\t<\/div>\n\t\t\t\t<\/div>\n\t\t\t\t\t<\/div>\n\t\t<\/div>\n\t\t\t\t\t<\/div>\n\t\t<\/section>\n\t\t\t\t<\/div>","protected":false},"excerpt":{"rendered":"<p>Allgemeine Gesch\u00e4ftsbedingungendes Onlineangebotes von Toms Korallen &#8211; F\u00fcr Verbraucher B2C &#8211; Allgemeines Alle Leistungen, die vom Onlineshop f\u00fcr den Kunden erbracht werden, erfolgen ausschlie\u00dflich auf der Grundlage der nachfolgenden Allgemeinen Gesch\u00e4ftsbedingungen. Abweichende Regelungen haben nur dann Geltung, wenn sie zwischen Onlineshop und Kunde individuell vereinbart wurden. 2. Vertragsschluss 2.1 Die Angebote des Onlineshops im Internet [&hellip;]<\/p>\n","protected":false},"author":145,"featured_media":0,"parent":0,"menu_order":0,"comment_status":"closed","ping_status":"closed","template":"elementor_header_footer","meta":{"_acf_changed":false,"footnotes":""},"class_list":["post-85","page","type-page","status-publish","hentry"],"acf":[],"jetpack_sharing_enabled":true,"_links":{"self":[{"href":"https:\/\/toms-korallen.de\/fr\/wp-json\/wp\/v2\/pages\/85","targetHints":{"allow":["GET"]}}],"collection":[{"href":"https:\/\/toms-korallen.de\/fr\/wp-json\/wp\/v2\/pages"}],"about":[{"href":"https:\/\/toms-korallen.de\/fr\/wp-json\/wp\/v2\/types\/page"}],"author":[{"embeddable":true,"href":"https:\/\/toms-korallen.de\/fr\/wp-json\/wp\/v2\/users\/145"}],"replies":[{"embeddable":true,"href":"https:\/\/toms-korallen.de\/fr\/wp-json\/wp\/v2\/comments?post=85"}],"version-history":[{"count":0,"href":"https:\/\/toms-korallen.de\/fr\/wp-json\/wp\/v2\/pages\/85\/revisions"}],"wp:attachment":[{"href":"https:\/\/toms-korallen.de\/fr\/wp-json\/wp\/v2\/media?parent=85"}],"curies":[{"name":"wp","href":"https:\/\/api.w.org\/{rel}","templated":true}]}}