{"id":372,"date":"2019-10-09T11:57:17","date_gmt":"2019-10-09T09:57:17","guid":{"rendered":"http:\/\/shop.toms-korallen.de\/?page_id=372"},"modified":"2024-01-27T10:18:17","modified_gmt":"2024-01-27T09:18:17","slug":"derive","status":"publish","type":"page","link":"https:\/\/toms-korallen.de\/fr\/ableger\/","title":{"rendered":"Germe de corail"},"content":{"rendered":"<div data-elementor-type=\"wp-page\" data-elementor-id=\"372\" class=\"elementor elementor-372\">\n\t\t\t\t\t\t<section class=\"elementor-section elementor-top-section elementor-element elementor-element-8f3baff elementor-section-boxed elementor-section-height-default elementor-section-height-default\" data-id=\"8f3baff\" data-element_type=\"section\" data-e-type=\"section\">\n\t\t\t\t\t\t<div class=\"elementor-container elementor-column-gap-default\">\n\t\t\t\t\t<div class=\"elementor-column elementor-col-100 elementor-top-column elementor-element elementor-element-594330e\" data-id=\"594330e\" data-element_type=\"column\" data-e-type=\"column\">\n\t\t\t<div class=\"elementor-widget-wrap elementor-element-populated\">\n\t\t\t\t\t\t<div class=\"elementor-element elementor-element-47a4292 elementor-widget elementor-widget-text-editor\" data-id=\"47a4292\" data-element_type=\"widget\" data-e-type=\"widget\" data-widget_type=\"text-editor.default\">\n\t\t\t\t<div class=\"elementor-widget-container\">\n\t\t\t\t\t\t\t\t\t<h1>D'o\u00f9 viennent les animaux des coraux de Tom ?<\/h1><h3>Mon c\u0153ur bat pour la collection et l'\u00e9levage de coraux exceptionnels. La cr\u00e9ation de \u2018Toms Korallen\u2019 est la concr\u00e9tisation d'un petit r\u00eave, car elle me permet d'acc\u00e9der \u00e0 des sources particuli\u00e8rement int\u00e9ressantes d'animaux import\u00e9s afin d'\u00e9largir mon propre stock d'\u00e9levage.<\/h3><p>Il y a essentiellement deux types d'origine des animaux que je propose \u00e0 la vente. D'une part, bien s\u00fbr, les coraux issus de mon propre \u00e9levage. Ce sont des animaux qui sont parfaitement adapt\u00e9s aux conditions d'\u00e9levage dans l'aquarium. Ils sont donc g\u00e9n\u00e9ralement plus stables que leurs cong\u00e9n\u00e8res fra\u00eechement import\u00e9s - mais il y a aussi moins de surprises en ce qui concerne la croissance et la coloration que pour les animaux qui doivent encore s'acclimater \u00e0 leur nouvel habitat.<\/p><p>Ensuite, je propose des coraux provenant de la mer. Bien s\u00fbr, tous les coraux proviennent de la mer, mais ceux qui portent l'abr\u00e9viation \u2018AM\u2019 sont des coraux acclimat\u00e9s issus de la mariculture. Cela signifie que les coraux ont \u00e9t\u00e9 cultiv\u00e9s dans des fermes proches des c\u00f4tes en Indon\u00e9sie &amp; Co et qu'ils sont ensuite arriv\u00e9s chez moi par importation et par des interm\u00e9diaires. J'ach\u00e8te ces coraux d'une part pour \u00e9largir mon \u00e9levage. Car pour vous offrir un choix int\u00e9ressant, il faut de temps en temps de nouvelles couleurs ou de nouvelles formes de croissance (en outre, je suis moi-m\u00eame chasseur-cueilleur ;)) - et puis il y a aussi des coraux, comme des euphylles particuli\u00e8res, qui poussent simplement plus vite dans la mer.<\/p><p>Mais ces animaux sauvages \u00e9lev\u00e9s dans des fermes ne sont pas directement mis en vente, ils sont d'abord acclimat\u00e9s. Cela signifie qu'ils restent dans mon installation jusqu'\u00e0 ce qu'ils se soient familiaris\u00e9s avec leur nouvel habitat et que je puisse vous les donner en toute confiance. Cela signifie moins de risques pour vous et je peux en prendre un peu et mettre un morceau des plus beaux coraux dans la culture.<\/p>\t\t\t\t\t\t\t\t<\/div>\n\t\t\t\t<\/div>\n\t\t\t\t\t<\/div>\n\t\t<\/div>\n\t\t\t\t\t<\/div>\n\t\t<\/section>\n\t\t<div class=\"elementor-element elementor-element-0946a55 e-flex e-con-boxed e-con e-parent\" data-id=\"0946a55\" data-element_type=\"container\" data-e-type=\"container\">\n\t\t\t\t\t<div class=\"e-con-inner\">\n\t\t<div class=\"elementor-element elementor-element-49280cf e-con-full e-flex e-con e-child\" data-id=\"49280cf\" data-element_type=\"container\" data-e-type=\"container\">\n\t\t\t\t<div class=\"elementor-element elementor-element-b280ada elementor-widget elementor-widget-image\" data-id=\"b280ada\" data-element_type=\"widget\" data-e-type=\"widget\" data-widget_type=\"image.default\">\n\t\t\t\t<div class=\"elementor-widget-container\">\n\t\t\t\t\t\t\t\t\t\t\t\t\t\t\t<img decoding=\"async\" src=\"https:\/\/www.toms-korallen.de\/OriginMariculture.png\" title=\"\" alt=\"\" loading=\"lazy\">\t\t\t\t\t\t\t\t\t\t\t\t\t\t\t<\/div>\n\t\t\t\t<\/div>\n\t\t\t\t<div class=\"elementor-element elementor-element-ed8af0d elementor-widget elementor-widget-text-editor\" data-id=\"ed8af0d\" data-element_type=\"widget\" data-e-type=\"widget\" data-widget_type=\"text-editor.default\">\n\t\t\t\t<div class=\"elementor-widget-container\">\n\t\t\t\t\t\t\t\t\t<p><strong>AM<\/strong> repr\u00e9sente un rejeton acclimat\u00e9 issu de la mariculture. La m\u00e8re a grandi dans la mer. Apr\u00e8s une p\u00e9riode d'acclimatation, un rejeton a \u00e9t\u00e9 fait et, lorsqu'il est en forme, il est mis en vente. Le temps d'acclimatation peut \u00eatre tr\u00e8s variable. Les millepores sont souvent stables apr\u00e8s quelques semaines, tandis que les Acropora Tenuis ont tendance \u00e0 prendre un peu plus de temps.<\/p>\t\t\t\t\t\t\t\t<\/div>\n\t\t\t\t<\/div>\n\t\t\t\t<\/div>\n\t\t<div class=\"elementor-element elementor-element-359ef2e e-con-full e-flex e-con e-child\" data-id=\"359ef2e\" data-element_type=\"container\" data-e-type=\"container\">\n\t\t\t\t<div class=\"elementor-element elementor-element-003a564 elementor-widget elementor-widget-image\" data-id=\"003a564\" data-element_type=\"widget\" data-e-type=\"widget\" data-widget_type=\"image.default\">\n\t\t\t\t<div class=\"elementor-widget-container\">\n\t\t\t\t\t\t\t\t\t\t\t\t\t\t\t<img decoding=\"async\" src=\"https:\/\/www.toms-korallen.de\/OriginFarm.png\" title=\"\" alt=\"\" loading=\"lazy\">\t\t\t\t\t\t\t\t\t\t\t\t\t\t\t<\/div>\n\t\t\t\t<\/div>\n\t\t\t\t<div class=\"elementor-element elementor-element-b2fbe90 elementor-widget elementor-widget-text-editor\" data-id=\"b2fbe90\" data-element_type=\"widget\" data-e-type=\"widget\" data-widget_type=\"text-editor.default\">\n\t\t\t\t<div class=\"elementor-widget-container\">\n\t\t\t\t\t\t\t\t\t<p><strong>DNZ<\/strong> signifie rejeton issu d'une reproduction allemande. Cela signifie que le rejet a \u00e9t\u00e9 enti\u00e8rement cultiv\u00e9 dans l'aquarium. En g\u00e9n\u00e9ral, on peut dire que les sp\u00e9cimens issus de l'\u00e9levage allemand ont une couleur un peu plus stable et sont moins fragiles que leurs cong\u00e9n\u00e8res marins.<\/p>\t\t\t\t\t\t\t\t<\/div>\n\t\t\t\t<\/div>\n\t\t\t\t<\/div>\n\t\t<div class=\"elementor-element elementor-element-7ab4cb2 e-con-full e-flex e-con e-child\" data-id=\"7ab4cb2\" data-element_type=\"container\" data-e-type=\"container\">\n\t\t\t\t<div class=\"elementor-element elementor-element-8e81f34 elementor-widget elementor-widget-image\" data-id=\"8e81f34\" data-element_type=\"widget\" data-e-type=\"widget\" data-widget_type=\"image.default\">\n\t\t\t\t<div class=\"elementor-widget-container\">\n\t\t\t\t\t\t\t\t\t\t\t\t\t\t\t<img decoding=\"async\" src=\"https:\/\/www.toms-korallen.de\/OriginSC.png\" title=\"\" alt=\"\" loading=\"lazy\">\t\t\t\t\t\t\t\t\t\t\t\t\t\t\t<\/div>\n\t\t\t\t<\/div>\n\t\t\t\t<div class=\"elementor-element elementor-element-1d7dedd elementor-widget elementor-widget-text-editor\" data-id=\"1d7dedd\" data-element_type=\"widget\" data-e-type=\"widget\" data-widget_type=\"text-editor.default\">\n\t\t\t\t<div class=\"elementor-widget-container\">\n\t\t\t\t\t\t\t\t\t<p><strong>SC<\/strong> signifie \u2018corail signature\u2019. Il s'agit de rejets issus de la reproduction allemande de coraux qui se sont particuli\u00e8rement distingu\u00e9s par leur couleur ou leur forme de croissance. Les coraux Signature sont toujours issus d'une m\u00e8re particuli\u00e8re et ne sont pas des 'look-alikes'.<\/p>\t\t\t\t\t\t\t\t<\/div>\n\t\t\t\t<\/div>\n\t\t\t\t<\/div>\n\t\t\t\t\t<\/div>\n\t\t\t\t<\/div>\n\t\t<div class=\"elementor-element elementor-element-bd3a90c e-flex e-con-boxed e-con e-parent\" data-id=\"bd3a90c\" data-element_type=\"container\" data-e-type=\"container\">\n\t\t\t\t\t<div class=\"e-con-inner\">\n\t\t\t\t<div class=\"elementor-element elementor-element-f8e66f8 elementor-widget elementor-widget-woocommerce-products\" data-id=\"f8e66f8\" data-element_type=\"widget\" data-e-type=\"widget\" data-widget_type=\"woocommerce-products.default\">\n\t\t\t\t<div class=\"elementor-widget-container\">\n\t\t\t\t\t \t\t\t\t<\/div>\n\t\t\t\t<\/div>\n\t\t\t\t<div class=\"elementor-element elementor-element-4ae42ad elementor-button-info elementor-align-center elementor-widget elementor-widget-button\" data-id=\"4ae42ad\" data-element_type=\"widget\" data-e-type=\"widget\" data-widget_type=\"button.default\">\n\t\t\t\t<div class=\"elementor-widget-container\">\n\t\t\t\t\t\t\t\t\t<div class=\"elementor-button-wrapper\">\n\t\t\t\t\t<a class=\"elementor-button elementor-button-link elementor-size-sm\" href=\"https:\/\/server.toms-korallen.de\/produkt-kategorie\/korallen\/\">\n\t\t\t\t\t\t<span class=\"elementor-button-content-wrapper\">\n\t\t\t\t\t\t\t\t\t<span class=\"elementor-button-text\">... D\u00e9couvre plus de coraux !<\/span>\n\t\t\t\t\t<\/span>\n\t\t\t\t\t<\/a>\n\t\t\t\t<\/div>\n\t\t\t\t\t\t\t\t<\/div>\n\t\t\t\t<\/div>\n\t\t\t\t<div class=\"elementor-element elementor-element-096df91 elementor-widget elementor-widget-text-editor\" data-id=\"096df91\" data-element_type=\"widget\" data-e-type=\"widget\" data-widget_type=\"text-editor.default\">\n\t\t\t\t<div class=\"elementor-widget-container\">\n\t\t\t\t\t\t\t\t\t<h2>La taille des rejets<\/h2><h3>Pourquoi les rejets sont-ils toujours si petits ?<\/h3><p>Il y a plusieurs raisons \u00e0 cela : au d\u00e9but, j'ai approvisionn\u00e9 la boutique presque exclusivement avec des boutures cultiv\u00e9es par mes soins. Il s'est av\u00e9r\u00e9 que les petits coraux sont beaucoup plus stables \u00e0 l'exp\u00e9dition que les grands b\u00e2tons. Gr\u00e2ce \u00e0 notre syst\u00e8me d'exp\u00e9dition, nous avons maintenant un taux d'\u00e9chec inf\u00e9rieur \u00e0 0,1% - et la taille des rejets joue \u00e9galement un r\u00f4le.<\/p><p>Pour nos coraux de culture, la raison est \u00e9vidente : si nous envoyions des rejets plus grands, il n'y aurait bient\u00f4t plus rien \ud83d\ude09 - ne consid\u00e8re pas les rejets de nos animaux de culture comme un arbre qui d\u00e9core imm\u00e9diatement ton jardin, mais plut\u00f4t comme un rejeton d'une vari\u00e9t\u00e9 particuli\u00e8rement belle qui grandit dans ton jardin pour devenir un bel arbre. Ainsi, le corail se d\u00e9veloppe de mani\u00e8re optimale en fonction des param\u00e8tres de son environnement et prend une forme naturelle.<\/p>\t\t\t\t\t\t\t\t<\/div>\n\t\t\t\t<\/div>\n\t\t\t\t\t<\/div>\n\t\t\t\t<\/div>\n\t\t\t\t<section class=\"elementor-section elementor-top-section elementor-element elementor-element-0dc92d8 elementor-section-boxed elementor-section-height-default elementor-section-height-default\" data-id=\"0dc92d8\" data-element_type=\"section\" data-e-type=\"section\">\n\t\t\t\t\t\t<div class=\"elementor-container elementor-column-gap-default\">\n\t\t\t\t\t<div class=\"elementor-column elementor-col-100 elementor-top-column elementor-element elementor-element-0fba171\" data-id=\"0fba171\" data-element_type=\"column\" data-e-type=\"column\">\n\t\t\t<div class=\"elementor-widget-wrap elementor-element-populated\">\n\t\t\t\t\t\t<section class=\"elementor-section elementor-inner-section elementor-element elementor-element-781dc8f elementor-section-boxed elementor-section-height-default elementor-section-height-default\" data-id=\"781dc8f\" data-element_type=\"section\" data-e-type=\"section\">\n\t\t\t\t\t\t<div class=\"elementor-container elementor-column-gap-default\">\n\t\t\t\t\t<div class=\"elementor-column elementor-col-50 elementor-inner-column elementor-element elementor-element-f25173b\" data-id=\"f25173b\" data-element_type=\"column\" data-e-type=\"column\">\n\t\t\t<div class=\"elementor-widget-wrap elementor-element-populated\">\n\t\t\t\t\t\t<div class=\"elementor-element elementor-element-97401d3 elementor-widget elementor-widget-text-editor\" data-id=\"97401d3\" data-element_type=\"widget\" data-e-type=\"widget\" data-widget_type=\"text-editor.default\">\n\t\t\t\t<div class=\"elementor-widget-container\">\n\t\t\t\t\t\t\t\t\t<h3 style=\"text-align: center;\">Question normale<\/h3>\t\t\t\t\t\t\t\t<\/div>\n\t\t\t\t<\/div>\n\t\t\t\t<div class=\"elementor-element elementor-element-0faf3c8 elementor-widget elementor-widget-image\" data-id=\"0faf3c8\" data-element_type=\"widget\" data-e-type=\"widget\" data-widget_type=\"image.default\">\n\t\t\t\t<div class=\"elementor-widget-container\">\n\t\t\t\t\t\t\t\t\t\t\t\t\t\t\t<img fetchpriority=\"high\" decoding=\"async\" width=\"900\" height=\"790\" src=\"https:\/\/toms-korallen.de\/wp-content\/uploads\/2019\/10\/Frag-jpg.webp\" class=\"attachment-large size-large wp-image-375\" alt=\"\" srcset=\"https:\/\/toms-korallen.de\/wp-content\/uploads\/2019\/10\/Frag-jpg.webp 903w, https:\/\/toms-korallen.de\/wp-content\/uploads\/2019\/10\/Frag-jpg-300x263.webp 300w, https:\/\/toms-korallen.de\/wp-content\/uploads\/2019\/10\/Frag-jpg-768x674.webp 768w\" sizes=\"(max-width: 900px) 100vw, 900px\">\t\t\t\t\t\t\t\t\t\t\t\t\t\t\t<\/div>\n\t\t\t\t<\/div>\n\t\t\t\t<div class=\"elementor-element elementor-element-9a7a43e elementor-widget elementor-widget-text-editor\" data-id=\"9a7a43e\" data-element_type=\"widget\" data-e-type=\"widget\" data-widget_type=\"text-editor.default\">\n\t\t\t\t<div class=\"elementor-widget-container\">\n\t\t\t\t\t\t\t\t\t<p>Les rejets normaux ont une taille de 2 \u00e0 3 cm. Un pied m\u00e8re doit grandir dans l'aquarium pendant environ un \u00e0 deux ans avant d'\u00eatre pr\u00eat \u00e0 faire r\u00e9guli\u00e8rement des rejets de cette taille. Les rejets forment alors un disque de pied en 2 \u00e0 4 semaines et sont pr\u00eats \u00e0 \u00eatre vendus.<\/p>\t\t\t\t\t\t\t\t<\/div>\n\t\t\t\t<\/div>\n\t\t\t\t\t<\/div>\n\t\t<\/div>\n\t\t\t\t<div class=\"elementor-column elementor-col-50 elementor-inner-column elementor-element elementor-element-b9ad9e3\" data-id=\"b9ad9e3\" data-element_type=\"column\" data-e-type=\"column\">\n\t\t\t<div class=\"elementor-widget-wrap elementor-element-populated\">\n\t\t\t\t\t\t<div class=\"elementor-element elementor-element-a70bb34 elementor-widget elementor-widget-text-editor\" data-id=\"a70bb34\" data-element_type=\"widget\" data-e-type=\"widget\" data-widget_type=\"text-editor.default\">\n\t\t\t\t<div class=\"elementor-widget-container\">\n\t\t\t\t\t\t\t\t\t<h3 style=\"text-align: center;\">S-Frag<\/h3>\t\t\t\t\t\t\t\t<\/div>\n\t\t\t\t<\/div>\n\t\t\t\t<div class=\"elementor-element elementor-element-5442167 elementor-widget elementor-widget-image\" data-id=\"5442167\" data-element_type=\"widget\" data-e-type=\"widget\" data-widget_type=\"image.default\">\n\t\t\t\t<div class=\"elementor-widget-container\">\n\t\t\t\t\t\t\t\t\t\t\t\t\t\t\t<img decoding=\"async\" width=\"900\" height=\"790\" src=\"https:\/\/toms-korallen.de\/wp-content\/uploads\/2019\/10\/Microfrag-jpg.webp\" class=\"attachment-large size-large wp-image-374\" alt=\"\" srcset=\"https:\/\/toms-korallen.de\/wp-content\/uploads\/2019\/10\/Microfrag-jpg.webp 903w, https:\/\/toms-korallen.de\/wp-content\/uploads\/2019\/10\/Microfrag-jpg-300x263.webp 300w, https:\/\/toms-korallen.de\/wp-content\/uploads\/2019\/10\/Microfrag-jpg-768x674.webp 768w\" sizes=\"(max-width: 900px) 100vw, 900px\">\t\t\t\t\t\t\t\t\t\t\t\t\t\t\t<\/div>\n\t\t\t\t<\/div>\n\t\t\t\t<div class=\"elementor-element elementor-element-977b176 elementor-widget elementor-widget-text-editor\" data-id=\"977b176\" data-element_type=\"widget\" data-e-type=\"widget\" data-widget_type=\"text-editor.default\">\n\t\t\t\t<div class=\"elementor-widget-container\">\n\t\t\t\t\t\t\t\t\t<p>Ces rejets sont plus petits et ont souvent des pointes qui se sont cass\u00e9es en manipulant ou en taillant des coraux. Les dragons en S sont toujours un bon moyen d'obtenir de superbes esp\u00e8ces \u00e0 bas prix.<\/p>\t\t\t\t\t\t\t\t<\/div>\n\t\t\t\t<\/div>\n\t\t\t\t\t<\/div>\n\t\t<\/div>\n\t\t\t\t\t<\/div>\n\t\t<\/section>\n\t\t\t\t\t<\/div>\n\t\t<\/div>\n\t\t\t\t\t<\/div>\n\t\t<\/section>\n\t\t\t\t<section class=\"elementor-section elementor-top-section elementor-element elementor-element-612a9e1 elementor-section-full_width elementor-section-height-default elementor-section-height-default\" data-id=\"612a9e1\" data-element_type=\"section\" data-e-type=\"section\">\n\t\t\t\t\t\t\t<div class=\"elementor-background-overlay\"><\/div>\n\t\t\t\t\t\t\t<div class=\"elementor-container elementor-column-gap-default\">\n\t\t\t\t\t<div class=\"elementor-column elementor-col-100 elementor-top-column elementor-element elementor-element-f952d5e\" data-id=\"f952d5e\" data-element_type=\"column\" data-e-type=\"column\">\n\t\t\t<div class=\"elementor-widget-wrap elementor-element-populated\">\n\t\t\t\t\t\t<section class=\"elementor-section elementor-inner-section elementor-element elementor-element-a03e4a7 elementor-section-content-middle elementor-section-boxed elementor-section-height-default elementor-section-height-default\" data-id=\"a03e4a7\" data-element_type=\"section\" data-e-type=\"section\" data-settings=\"{&quot;background_background&quot;:&quot;classic&quot;}\">\n\t\t\t\t\t\t\t<div class=\"elementor-background-overlay\"><\/div>\n\t\t\t\t\t\t\t<div class=\"elementor-container elementor-column-gap-default\">\n\t\t\t\t\t<div class=\"elementor-column elementor-col-50 elementor-inner-column elementor-element elementor-element-d607191\" data-id=\"d607191\" data-element_type=\"column\" data-e-type=\"column\">\n\t\t\t<div class=\"elementor-widget-wrap elementor-element-populated\">\n\t\t\t\t\t\t<div class=\"elementor-element elementor-element-e61cbd2 elementor-widget__width-initial elementor-widget elementor-widget-text-editor\" data-id=\"e61cbd2\" data-element_type=\"widget\" data-e-type=\"widget\" data-widget_type=\"text-editor.default\">\n\t\t\t\t<div class=\"elementor-widget-container\">\n\t\t\t\t\t\t\t\t\t<h1>Encore de la place dans l'aquarium ?<\/h1><h2>N'h\u00e9site pas \u00e0 parcourir notre gamme de produits !<\/h2>\t\t\t\t\t\t\t\t<\/div>\n\t\t\t\t<\/div>\n\t\t\t\t<div class=\"elementor-element elementor-element-0607966 elementor-button-info elementor-align-left elementor-widget elementor-widget-button\" data-id=\"0607966\" data-element_type=\"widget\" data-e-type=\"widget\" data-widget_type=\"button.default\">\n\t\t\t\t<div class=\"elementor-widget-container\">\n\t\t\t\t\t\t\t\t\t<div class=\"elementor-button-wrapper\">\n\t\t\t\t\t<a class=\"elementor-button elementor-button-link elementor-size-sm\" href=\"https:\/\/server.toms-korallen.de\/produkt-kategorie\/korallen\/\">\n\t\t\t\t\t\t<span class=\"elementor-button-content-wrapper\">\n\t\t\t\t\t\t\t\t\t<span class=\"elementor-button-text\">... continuer vers les coraux<\/span>\n\t\t\t\t\t<\/span>\n\t\t\t\t\t<\/a>\n\t\t\t\t<\/div>\n\t\t\t\t\t\t\t\t<\/div>\n\t\t\t\t<\/div>\n\t\t\t\t\t<\/div>\n\t\t<\/div>\n\t\t\t\t<div class=\"elementor-column elementor-col-50 elementor-inner-column elementor-element elementor-element-adec469\" data-id=\"adec469\" data-element_type=\"column\" data-e-type=\"column\">\n\t\t\t<div class=\"elementor-widget-wrap elementor-element-populated\">\n\t\t\t\t\t\t<div class=\"elementor-element elementor-element-a5b9f01 elementor-widget__width-initial elementor-widget elementor-widget-woocommerce-products\" data-id=\"a5b9f01\" data-element_type=\"widget\" data-e-type=\"widget\" data-widget_type=\"woocommerce-products.default\">\n\t\t\t\t<div class=\"elementor-widget-container\">\n\t\t\t\t\t \t\t\t\t<\/div>\n\t\t\t\t<\/div>\n\t\t\t\t\t<\/div>\n\t\t<\/div>\n\t\t\t\t\t<\/div>\n\t\t<\/section>\n\t\t\t\t\t<\/div>\n\t\t<\/div>\n\t\t\t\t\t<\/div>\n\t\t<\/section>\n\t\t\t\t<\/div>","protected":false},"excerpt":{"rendered":"<p>Woher stammen die Tiere bei Toms Korallen? Mein Herz schl\u00e4gt f\u00fcr das Sammeln und die Zucht von au\u00dfergew\u00f6hnlichen Korallen. Mit der Gr\u00fcndung von &#8216;Toms Korallen&#8217; ist ein kleiner Traum in Erf\u00fcllung gegangen, denn so habe ich Zugriff auf besonders interessante Quellen f\u00fcr Importtiere, um den eigenen Zuchtbestand zu erweitern. Im Wesentlichen gibt es zwei Arten [&hellip;]<\/p>\n","protected":false},"author":145,"featured_media":0,"parent":0,"menu_order":0,"comment_status":"closed","ping_status":"closed","template":"","meta":{"_acf_changed":false,"footnotes":""},"class_list":["post-372","page","type-page","status-publish","hentry"],"acf":[],"jetpack_sharing_enabled":true,"_links":{"self":[{"href":"https:\/\/toms-korallen.de\/fr\/wp-json\/wp\/v2\/pages\/372","targetHints":{"allow":["GET"]}}],"collection":[{"href":"https:\/\/toms-korallen.de\/fr\/wp-json\/wp\/v2\/pages"}],"about":[{"href":"https:\/\/toms-korallen.de\/fr\/wp-json\/wp\/v2\/types\/page"}],"author":[{"embeddable":true,"href":"https:\/\/toms-korallen.de\/fr\/wp-json\/wp\/v2\/users\/145"}],"replies":[{"embeddable":true,"href":"https:\/\/toms-korallen.de\/fr\/wp-json\/wp\/v2\/comments?post=372"}],"version-history":[{"count":0,"href":"https:\/\/toms-korallen.de\/fr\/wp-json\/wp\/v2\/pages\/372\/revisions"}],"wp:attachment":[{"href":"https:\/\/toms-korallen.de\/fr\/wp-json\/wp\/v2\/media?parent=372"}],"curies":[{"name":"wp","href":"https:\/\/api.w.org\/{rel}","templated":true}]}}