{"id":1330,"date":"2020-01-21T21:19:06","date_gmt":"2020-01-21T20:19:06","guid":{"rendered":"https:\/\/www.toms-korallen.de\/?page_id=1330"},"modified":"2020-01-21T21:24:33","modified_gmt":"2020-01-21T20:24:33","slug":"ton-droit-de-retractation","status":"publish","type":"page","link":"https:\/\/toms-korallen.de\/fr\/ihr-widerrufsrecht\/","title":{"rendered":"Ton droit de r\u00e9tractation"},"content":{"rendered":"<div data-elementor-type=\"wp-page\" data-elementor-id=\"1330\" class=\"elementor elementor-1330\" data-elementor-post-type=\"page\">\n\t\t\t\t\t\t<section class=\"elementor-section elementor-top-section elementor-element elementor-element-6264b91 elementor-section-boxed elementor-section-height-default elementor-section-height-default\" data-id=\"6264b91\" data-element_type=\"section\" data-e-type=\"section\">\n\t\t\t\t\t\t<div class=\"elementor-container elementor-column-gap-default\">\n\t\t\t\t\t<div class=\"elementor-column elementor-col-100 elementor-top-column elementor-element elementor-element-77b1ece\" data-id=\"77b1ece\" data-element_type=\"column\" data-e-type=\"column\">\n\t\t\t<div class=\"elementor-widget-wrap elementor-element-populated\">\n\t\t\t\t\t\t<div class=\"elementor-element elementor-element-031f202 elementor-widget elementor-widget-text-editor\" data-id=\"031f202\" data-element_type=\"widget\" data-e-type=\"widget\" data-widget_type=\"text-editor.default\">\n\t\t\t\t<div class=\"elementor-widget-container\">\n\t\t\t\t\t\t\t\t\t<p>Tu as le droit de te r\u00e9tracter de ce contrat dans un d\u00e9lai de quatorze jours sans donner de raisons.<\/p><p>Le d\u00e9lai de r\u00e9tractation est de quatorze jours \u00e0 compter de la date \u00e0 laquelle toi ou un tiers d\u00e9sign\u00e9 par toi et qui n'est pas le transporteur a pris possession du dernier envoi partiel ou de la derni\u00e8re pi\u00e8ce.<\/p><p>Pour exercer ton droit de r\u00e9tractation, tu dois nous informer de ta d\u00e9cision de te r\u00e9tracter du pr\u00e9sent contrat au moyen d'une d\u00e9claration claire (par ex. une lettre envoy\u00e9e par la poste, un fax ou un e-mail). Pour ce faire, tu peux utiliser le mod\u00e8le de formulaire de r\u00e9tractation ci-joint, qui n'est toutefois pas obligatoire.<\/p><p><strong>Cons\u00e9quences de la r\u00e9tractation<\/strong><\/p><p>Si tu r\u00e9voques ce contrat, nous te rembourserons tous les paiements que nous avons re\u00e7us de toi, y compris les frais de livraison (\u00e0 l'exception des frais suppl\u00e9mentaires r\u00e9sultant du fait que tu as choisi un mode de livraison autre que le mode de livraison standard le moins cher que nous proposons), sans d\u00e9lai et au plus tard dans les quatorze jours \u00e0 compter de la date \u00e0 laquelle nous avons re\u00e7u la communication de ta r\u00e9vocation de ce contrat. Pour ce remboursement, nous utilisons le m\u00eame moyen de paiement que celui que tu as utilis\u00e9 lors de la transaction initiale, \u00e0 moins qu'il n'en ait \u00e9t\u00e9 express\u00e9ment convenu autrement avec toi ; en aucun cas, des frais ne te seront factur\u00e9s pour ce remboursement. Nous pouvons refuser de te rembourser jusqu'\u00e0 ce que nous ayons r\u00e9cup\u00e9r\u00e9 les marchandises ou jusqu'\u00e0 ce que tu nous aies fourni la preuve que tu as renvoy\u00e9 les marchandises, la date retenue \u00e9tant la plus proche.<\/p><p>Tu dois nous renvoyer ou nous remettre les marchandises sans d\u00e9lai et, dans tous les cas, au plus tard dans les quatorze jours suivant la date \u00e0 laquelle tu nous as inform\u00e9s de la r\u00e9vocation de ce contrat. Le d\u00e9lai est respect\u00e9 si tu renvoies les marchandises avant l'expiration du d\u00e9lai de quatorze jours. Les frais directs de renvoi des marchandises sont \u00e0 ta charge.<\/p><p>Tu ne devras payer pour une \u00e9ventuelle perte de valeur des marchandises que si cette perte de valeur est due \u00e0 une manipulation non n\u00e9cessaire pour v\u00e9rifier les caract\u00e9ristiques, les propri\u00e9t\u00e9s et le fonctionnement des marchandises.<\/p><p>En cas de retour d'animaux, le remboursement ne sera effectu\u00e9 que si les animaux nous parviennent vivants.<\/p><p><strong>Mod\u00e8le de formulaire de r\u00e9tractation<\/strong><\/p><p>(Si tu veux annuler le contrat, remplis ce formulaire et renvoie-le).<\/p><p>- An Toms Korallen, Anna-Mackenroth Weg 21, 12205 Berlin<\/p><p>- Par la pr\u00e9sente, je\/nous (*) annule(ons) le contrat que j'ai\/nous avons (*) conclu pour l'achat des marchandises suivantes (*)\/.<br \/>\u00a0 la fourniture du service suivant (*)<\/p><p>- Command\u00e9 le (*)\/ re\u00e7u le (*)<\/p><p>- Nom du\/des consommateur(s)<br \/>- Adresse du\/des consommateur(s)<br \/>- Signature du\/des consommateur(s) (uniquement en cas de communication sur papier)<br \/>- Date<\/p><p>(*) Biffer la mention inutile.<\/p><p>\u00a0<\/p>\t\t\t\t\t\t\t\t<\/div>\n\t\t\t\t<\/div>\n\t\t\t\t\t<\/div>\n\t\t<\/div>\n\t\t\t\t\t<\/div>\n\t\t<\/section>\n\t\t\t\t<\/div>","protected":false},"excerpt":{"rendered":"<p>Sie haben das Recht, binnen vierzehn Tagen ohne Angabe von Gr\u00fcnden diesen Vertrag zu widerrufen. Die Widerrufsfrist betr\u00e4gt vierzehn Tage ab dem Tag, an dem sie oder ein von Ihnen benannter Dritter, der nicht der Bef\u00f6rderer ist, die letzte Teilsendung oder das letzte St\u00fcck in Besitz genommen haben bzw. hat. Um Ihr Widerrufsrecht auszu\u00fcben, m\u00fcssen [&hellip;]<\/p>\n","protected":false},"author":145,"featured_media":0,"parent":0,"menu_order":0,"comment_status":"closed","ping_status":"closed","template":"","meta":{"_acf_changed":false,"footnotes":""},"class_list":["post-1330","page","type-page","status-publish","hentry"],"acf":[],"jetpack_sharing_enabled":true,"_links":{"self":[{"href":"https:\/\/toms-korallen.de\/fr\/wp-json\/wp\/v2\/pages\/1330","targetHints":{"allow":["GET"]}}],"collection":[{"href":"https:\/\/toms-korallen.de\/fr\/wp-json\/wp\/v2\/pages"}],"about":[{"href":"https:\/\/toms-korallen.de\/fr\/wp-json\/wp\/v2\/types\/page"}],"author":[{"embeddable":true,"href":"https:\/\/toms-korallen.de\/fr\/wp-json\/wp\/v2\/users\/145"}],"replies":[{"embeddable":true,"href":"https:\/\/toms-korallen.de\/fr\/wp-json\/wp\/v2\/comments?post=1330"}],"version-history":[{"count":0,"href":"https:\/\/toms-korallen.de\/fr\/wp-json\/wp\/v2\/pages\/1330\/revisions"}],"wp:attachment":[{"href":"https:\/\/toms-korallen.de\/fr\/wp-json\/wp\/v2\/media?parent=1330"}],"curies":[{"name":"wp","href":"https:\/\/api.w.org\/{rel}","templated":true}]}}