{"id":86069,"date":"2026-02-18T11:59:55","date_gmt":"2026-02-18T10:59:55","guid":{"rendered":"https:\/\/toms-korallen.de\/?post_type=product&#038;p=86069"},"modified":"2026-03-04T09:15:54","modified_gmt":"2026-03-04T08:15:54","slug":"vds-pavona-malidiviensis","status":"publish","type":"product","link":"https:\/\/toms-korallen.de\/es\/vds-pavona-malidiviensis\/","title":{"rendered":"VDS - Pavona Malidiviensis"},"content":{"rendered":"<p data-start=\"0\" data-end=\"72\"><strong data-start=\"0\" data-end=\"72\">Pavona maldivensis - Robusto coral p\u00e9treo para acuarios de arrecife vivos<\/strong><\/p>\n<p data-start=\"74\" data-end=\"412\">Pavona maldivensis es un coral p\u00e9treo atractivo y relativamente f\u00e1cil de cuidar, ideal para acuarios de agua salada. Con sus caracter\u00edsticas estructuras de crecimiento planas o en forma de hoja y su coloraci\u00f3n entre verde y marr\u00f3n, crea un aspecto de arrecife natural y una estructura atractiva en el acuario.<\/p>\n<p data-start=\"414\" data-end=\"758\">Este coral parecido a los LPS\/SPS se considera robusto y adaptable, lo que lo hace interesante tanto para principiantes avanzados como para acuaristas experimentados. Con una buena calidad del agua, corrientes de moderadas a fuertes y una iluminaci\u00f3n suficiente, la Pavona maldivensis muestra un crecimiento sano y un desarrollo estable del color.<\/p>\n<p data-start=\"760\" data-end=\"1001\">Como coral fotosint\u00e9tico, vive en simbiosis con zooxantelas y, por tanto, requiere una luz adecuada y unos valores del agua estables. Tambi\u00e9n contribuye a la biodiversidad y al equilibrio natural en el acuario de arrecife.<\/p>\n<p data-start=\"1003\" data-end=\"1032\"><strong data-start=\"1003\" data-end=\"1032\">Las ventajas de un vistazo:<\/strong><\/p>\n<ul data-start=\"1033\" data-end=\"1255\">\n<li data-start=\"1033\" data-end=\"1078\">\n<p data-start=\"1035\" data-end=\"1078\">Coral p\u00e9treo robusto y adaptable<\/p>\n<\/li>\n<li data-start=\"1079\" data-end=\"1117\">\n<p data-start=\"1081\" data-end=\"1117\">Crecimiento decorativo y estructuralmente rico<\/p>\n<\/li>\n<li data-start=\"1118\" data-end=\"1165\">\n<p data-start=\"1120\" data-end=\"1165\">Buena elecci\u00f3n para usuarios principiantes y avanzados<\/p>\n<\/li>\n<li data-start=\"1166\" data-end=\"1207\">\n<p data-start=\"1168\" data-end=\"1207\">Favorece el dise\u00f1o natural de los arrecifes<\/p>\n<\/li>\n<li data-start=\"1208\" data-end=\"1255\">\n<p data-start=\"1210\" data-end=\"1255\">Colores atractivos en condiciones \u00f3ptimas<\/p>\n<\/li>\n<\/ul>","protected":false},"excerpt":{"rendered":"<h3>Fuera de juego<\/h3>\n<p>Recibir\u00e1 una rama similar<\/p>","protected":false},"featured_media":86032,"comment_status":"open","ping_status":"closed","template":"","meta":{"_acf_changed":false},"origin":[],"product_brand":[],"product_cat":[93,95,132,135,385,414,445,448,450,452],"product_tag":[],"class_list":{"0":"post-86069","1":"product","2":"type-product","3":"status-publish","4":"has-post-thumbnail","6":"product_cat-korallen_kaufen","7":"product_cat-lps","8":"product_cat-von-der-stange","9":"product_cat-lps-von-der-stange","10":"product_cat-hart-im-nehmen","11":"product_cat-einsteiger-lps","12":"product_cat-daylight-beauties","13":"product_cat-b2b","14":"product_cat-sale","15":"product_cat-sale-10","16":"product_shipping_class-lebendtierversand","18":"first","19":"instock","20":"sale","21":"taxable","22":"shipping-taxable","23":"purchasable","24":"product-type-simple"},"acf":[],"jetpack_sharing_enabled":true,"_links":{"self":[{"href":"https:\/\/toms-korallen.de\/es\/wp-json\/wp\/v2\/product\/86069","targetHints":{"allow":["GET"]}}],"collection":[{"href":"https:\/\/toms-korallen.de\/es\/wp-json\/wp\/v2\/product"}],"about":[{"href":"https:\/\/toms-korallen.de\/es\/wp-json\/wp\/v2\/types\/product"}],"replies":[{"embeddable":true,"href":"https:\/\/toms-korallen.de\/es\/wp-json\/wp\/v2\/comments?post=86069"}],"version-history":[{"count":1,"href":"https:\/\/toms-korallen.de\/es\/wp-json\/wp\/v2\/product\/86069\/revisions"}],"predecessor-version":[{"id":86410,"href":"https:\/\/toms-korallen.de\/es\/wp-json\/wp\/v2\/product\/86069\/revisions\/86410"}],"wp:featuredmedia":[{"embeddable":true,"href":"https:\/\/toms-korallen.de\/es\/wp-json\/wp\/v2\/media\/86032"}],"wp:attachment":[{"href":"https:\/\/toms-korallen.de\/es\/wp-json\/wp\/v2\/media?parent=86069"}],"wp:term":[{"taxonomy":"origin","embeddable":true,"href":"https:\/\/toms-korallen.de\/es\/wp-json\/wp\/v2\/origin?post=86069"},{"taxonomy":"product_brand","embeddable":true,"href":"https:\/\/toms-korallen.de\/es\/wp-json\/wp\/v2\/product_brand?post=86069"},{"taxonomy":"product_cat","embeddable":true,"href":"https:\/\/toms-korallen.de\/es\/wp-json\/wp\/v2\/product_cat?post=86069"},{"taxonomy":"product_tag","embeddable":true,"href":"https:\/\/toms-korallen.de\/es\/wp-json\/wp\/v2\/product_tag?post=86069"}],"curies":[{"name":"wp","href":"https:\/\/api.w.org\/{rel}","templated":true}]}}