{"id":86066,"date":"2026-02-18T11:53:58","date_gmt":"2026-02-18T10:53:58","guid":{"rendered":"https:\/\/toms-korallen.de\/?post_type=product&#038;p=86066"},"modified":"2026-03-27T12:13:22","modified_gmt":"2026-03-27T11:13:22","slug":"gusano-tubicola-bispira","status":"publish","type":"product","link":"https:\/\/toms-korallen.de\/es\/bispira-roehrenwurm\/","title":{"rendered":"Bispira - gusano tub\u00edcola"},"content":{"rendered":"<h1 data-start=\"0\" data-end=\"76\"><strong data-start=\"0\" data-end=\"76\">Gusano tub\u00edcola Bispira - Fascinante reclamo para su acuario marino<\/strong><\/h1>\n<p data-start=\"78\" data-end=\"341\">El gusano tub\u00edcola Bispira es un habitante excepcionalmente decorativo para acuarios marinos e impresiona con su elegante corona en forma de abanico. Con sus coloridos tent\u00e1culos, aporta movimiento y belleza natural a cualquier acuario de arrecife.<\/p>\n<p data-start=\"343\" data-end=\"685\">Como organismo filtrador, el gusano tub\u00edcola Bispira contribuye activamente a la calidad del agua filtrando part\u00edculas finas en suspensi\u00f3n y microorganismos del agua. De este modo, favorece de forma natural el equilibrio biol\u00f3gico del acuario. Se considera adecuado para acuaristas con sistemas de agua de mar estables y establecidos.<\/p>\n<p data-start=\"687\" data-end=\"973\">El gusano tub\u00edcola vive protegido en su s\u00f3lido tubo y despliega regularmente su impresionante corona en condiciones \u00f3ptimas: un espect\u00e1culo fascinante para todo aficionado a los acuarios. Son importantes una buena calidad del agua, una corriente moderada y suficientes part\u00edculas finas de alimento.<\/p>\n<p data-start=\"975\" data-end=\"1004\"><strong data-start=\"975\" data-end=\"1004\">Las ventajas de un vistazo:<\/strong><\/p>\n<ul data-start=\"1005\" data-end=\"1230\">\n<li data-start=\"1005\" data-end=\"1048\">\n<p data-start=\"1007\" data-end=\"1048\">Atractivo y colorido centro de atenci\u00f3n<\/p>\n<\/li>\n<li data-start=\"1049\" data-end=\"1096\">\n<p data-start=\"1051\" data-end=\"1096\">Favorece la filtraci\u00f3n natural del agua<\/p>\n<\/li>\n<li data-start=\"1097\" data-end=\"1139\">\n<p data-start=\"1099\" data-end=\"1139\">Ideal para acuarios marinos y de arrecife<\/p>\n<\/li>\n<li data-start=\"1140\" data-end=\"1181\">\n<p data-start=\"1142\" data-end=\"1181\">Acuario tranquilo y pac\u00edfico<\/p>\n<\/li>\n<li data-start=\"1182\" data-end=\"1230\">\n<p data-start=\"1184\" data-end=\"1230\">Comportamiento emocionante y est\u00e9tica natural<\/p>\n<\/li>\n<\/ul>","protected":false},"excerpt":{"rendered":"<p>Bispira R\u00f6hrenwurm \u2013 Faszinierender Blickfang f\u00fcr Ihr Meerwasseraquarium Der Bispira R\u00f6hrenwurm ist ein au\u00dfergew\u00f6hnlich dekorativer Bewohner f\u00fcr Meerwasseraquarien und begeistert durch seine elegante, f\u00e4cherf\u00f6rmige Krone. Mit seinen farbenpr\u00e4chtigen Tentakeln bringt er lebendige Bewegung und nat\u00fcrliche Sch\u00f6nheit in jedes Riffaquarium. Als filtrierender Organismus tr\u00e4gt der Bispira R\u00f6hrenwurm aktiv zur Wasserqualit\u00e4t bei, indem er feine Schwebstoffe und [&hellip;]<\/p>\n","protected":false},"featured_media":86044,"comment_status":"open","ping_status":"closed","template":"","meta":{"_acf_changed":false},"origin":[],"product_brand":[],"product_cat":[483,498],"product_tag":[],"class_list":{"0":"post-86066","1":"product","2":"type-product","3":"status-publish","4":"has-post-thumbnail","6":"product_cat-wirbellose","7":"product_cat-sonstige-wirbellose","8":"product_shipping_class-lebendtierversand","10":"first","11":"instock","12":"taxable","13":"shipping-taxable","14":"purchasable","15":"product-type-simple"},"acf":[],"jetpack_sharing_enabled":true,"_links":{"self":[{"href":"https:\/\/toms-korallen.de\/es\/wp-json\/wp\/v2\/product\/86066","targetHints":{"allow":["GET"]}}],"collection":[{"href":"https:\/\/toms-korallen.de\/es\/wp-json\/wp\/v2\/product"}],"about":[{"href":"https:\/\/toms-korallen.de\/es\/wp-json\/wp\/v2\/types\/product"}],"replies":[{"embeddable":true,"href":"https:\/\/toms-korallen.de\/es\/wp-json\/wp\/v2\/comments?post=86066"}],"version-history":[{"count":1,"href":"https:\/\/toms-korallen.de\/es\/wp-json\/wp\/v2\/product\/86066\/revisions"}],"predecessor-version":[{"id":86411,"href":"https:\/\/toms-korallen.de\/es\/wp-json\/wp\/v2\/product\/86066\/revisions\/86411"}],"wp:featuredmedia":[{"embeddable":true,"href":"https:\/\/toms-korallen.de\/es\/wp-json\/wp\/v2\/media\/86044"}],"wp:attachment":[{"href":"https:\/\/toms-korallen.de\/es\/wp-json\/wp\/v2\/media?parent=86066"}],"wp:term":[{"taxonomy":"origin","embeddable":true,"href":"https:\/\/toms-korallen.de\/es\/wp-json\/wp\/v2\/origin?post=86066"},{"taxonomy":"product_brand","embeddable":true,"href":"https:\/\/toms-korallen.de\/es\/wp-json\/wp\/v2\/product_brand?post=86066"},{"taxonomy":"product_cat","embeddable":true,"href":"https:\/\/toms-korallen.de\/es\/wp-json\/wp\/v2\/product_cat?post=86066"},{"taxonomy":"product_tag","embeddable":true,"href":"https:\/\/toms-korallen.de\/es\/wp-json\/wp\/v2\/product_tag?post=86066"}],"curies":[{"name":"wp","href":"https:\/\/api.w.org\/{rel}","templated":true}]}}