{"id":85664,"date":"2026-02-12T17:12:55","date_gmt":"2026-02-12T16:12:55","guid":{"rendered":"https:\/\/toms-korallen.de\/?post_type=product&#038;p=85664"},"modified":"2026-02-23T10:52:43","modified_gmt":"2026-02-23T09:52:43","slug":"tk-confetti-ultra-3","status":"publish","type":"product","link":"https:\/\/toms-korallen.de\/es\/tk-confetti-ultra-3\/","title":{"rendered":"TK Confetti Ultra"},"content":{"rendered":"<h1>TK Confetti Ultra<\/h1>\n\n<h2><strong data-start=\"247\" data-end=\"263\">Corales SPS<\/strong><\/h2>\n<p data-start=\"213\" data-end=\"674\">Los corales p\u00e9treos de p\u00f3lipo peque\u00f1o, tambi\u00e9n conocidos como <strong data-start=\"247\" data-end=\"263\">Corales SPS<\/strong> son uno de los grupos m\u00e1s populares para los acuarios de arrecife. Especialmente <strong data-start=\"336\" data-end=\"372\">Acropora, Montipora, Seriatopora<\/strong> y Stylopora fascinan a los acuaristas por sus delicadas estructuras, vibrantes colores y din\u00e1mico movimiento de los p\u00f3lipos. Estos <strong data-start=\"499\" data-end=\"526\">corales de colores<\/strong> aportan estructura y vida a cualquier acuario marino y son de inter\u00e9s tanto para los entusiastas experimentados de los arrecifes como para los principiantes ambiciosos.<\/p>\n<p data-start=\"676\" data-end=\"1111\">Los corales SPS necesitan un entorno estable, agua limpia y suficiente iluminaci\u00f3n para crecer sanos y desarrollar todo su brillo crom\u00e1tico. Una corriente de moderada a fuerte favorece el aporte de nutrientes y fomenta la actividad de los p\u00f3lipos. Con una selecci\u00f3n cuidadosa, una cr\u00eda sostenible y un cuidado responsable, los corales p\u00e9treos de p\u00f3lipo peque\u00f1o pueden prosperar en su acuario de arrecife de forma robusta y duradera.<\/p>\n<p data-start=\"1113\" data-end=\"1438\">En nuestra gama encontrar\u00e1 una gran selecci\u00f3n de <strong data-start=\"1167\" data-end=\"1190\">Corales SPS en l\u00ednea<\/strong>, que consiste en <strong data-start=\"1200\" data-end=\"1226\">cr\u00eda sostenible<\/strong> y mantenidos en condiciones \u00f3ptimas. Cada coral es <strong data-start=\"1302\" data-end=\"1339\">aclimatado responsablemente<\/strong> y llega a su acuario gracias al env\u00edo seguro con <strong data-start=\"1393\" data-end=\"1418\">Garant\u00eda de llegada en directo<\/strong> saludable y vital.<\/p>\n<p data-start=\"1440\" data-end=\"1679\">Navegue ahora por nuestra categor\u00eda de corales p\u00e9treos de p\u00f3lipo peque\u00f1o y descubra <strong data-start=\"1520\" data-end=\"1578\">Acropora, Montipora, Seriatopora y otras especies SPS<\/strong>, que hacen que su acuario marino sea colorido, vivo y estructuralmente variado.<\/p>","protected":false},"excerpt":{"rendered":"<h3>WYSIWYG<\/h3>\n<p>Recibir\u00e1s el animal que aparece en la foto.<\/p>","protected":false},"featured_media":85587,"comment_status":"open","ping_status":"closed","template":"","meta":{"_acf_changed":false},"origin":[406],"product_brand":[],"product_cat":[93,94,131,385],"product_tag":[],"class_list":{"0":"post-85664","1":"product","2":"type-product","3":"status-publish","4":"has-post-thumbnail","6":"origin-signature-korallen","7":"product_cat-korallen_kaufen","8":"product_cat-sps","9":"product_cat-wysiwyg","10":"product_cat-hart-im-nehmen","11":"product_shipping_class-lebendtierversand","13":"first","14":"outofstock","15":"taxable","16":"shipping-taxable","17":"purchasable","18":"product-type-simple"},"acf":[],"jetpack_sharing_enabled":true,"_links":{"self":[{"href":"https:\/\/toms-korallen.de\/es\/wp-json\/wp\/v2\/product\/85664","targetHints":{"allow":["GET"]}}],"collection":[{"href":"https:\/\/toms-korallen.de\/es\/wp-json\/wp\/v2\/product"}],"about":[{"href":"https:\/\/toms-korallen.de\/es\/wp-json\/wp\/v2\/types\/product"}],"replies":[{"embeddable":true,"href":"https:\/\/toms-korallen.de\/es\/wp-json\/wp\/v2\/comments?post=85664"}],"version-history":[{"count":0,"href":"https:\/\/toms-korallen.de\/es\/wp-json\/wp\/v2\/product\/85664\/revisions"}],"wp:featuredmedia":[{"embeddable":true,"href":"https:\/\/toms-korallen.de\/es\/wp-json\/wp\/v2\/media\/85587"}],"wp:attachment":[{"href":"https:\/\/toms-korallen.de\/es\/wp-json\/wp\/v2\/media?parent=85664"}],"wp:term":[{"taxonomy":"origin","embeddable":true,"href":"https:\/\/toms-korallen.de\/es\/wp-json\/wp\/v2\/origin?post=85664"},{"taxonomy":"product_brand","embeddable":true,"href":"https:\/\/toms-korallen.de\/es\/wp-json\/wp\/v2\/product_brand?post=85664"},{"taxonomy":"product_cat","embeddable":true,"href":"https:\/\/toms-korallen.de\/es\/wp-json\/wp\/v2\/product_cat?post=85664"},{"taxonomy":"product_tag","embeddable":true,"href":"https:\/\/toms-korallen.de\/es\/wp-json\/wp\/v2\/product_tag?post=85664"}],"curies":[{"name":"wp","href":"https:\/\/api.w.org\/{rel}","templated":true}]}}