{"id":82154,"date":"2025-11-18T11:31:47","date_gmt":"2025-11-18T10:31:47","guid":{"rendered":"https:\/\/toms-korallen.de\/?post_type=product&#038;p=82154"},"modified":"2026-03-29T13:08:13","modified_gmt":"2026-03-29T11:08:13","slug":"conomurex-luhuanus","status":"publish","type":"product","link":"https:\/\/toms-korallen.de\/es\/conomurex-luhuanus\/","title":{"rendered":"Conomurex luhuanus \u2018Caracol esgrimidor c\u00f3nico\u2019"},"content":{"rendered":"<h1 data-start=\"0\" data-end=\"85\">Conomurex luhuanus - El caracol cono devorador de ciano para el acuario marino<\/h1>\n<h2 data-start=\"87\" data-end=\"117\">Descripci\u00f3n y caracter\u00edsticas<\/h2>\n<p data-start=\"118\" data-end=\"608\">En <strong data-start=\"122\" data-end=\"144\">Conomurex luhuanus<\/strong>, m\u00e1s conocido como <strong data-start=\"165\" data-end=\"189\">Caracol de esgrima c\u00f3nico<\/strong>, es un habitante inusual y extremadamente \u00fatil del acuario marino. Su caracter\u00edstico caparaz\u00f3n en forma de cono y su caracter\u00edstica protuberancia <strong data-start=\"364\" data-end=\"384\">\u201eojos raros\u201c<\/strong> hacen de ellos un verdadero punto de atracci\u00f3n, mientras que su comportamiento activo anima visiblemente el acuario de arrecife. Esta especie de caracol es robusta, pac\u00edfica e ideal para apoyar positivamente los procesos biol\u00f3gicos en el sustrato.<\/p>\n<h2 data-start=\"610\" data-end=\"660\">Propiedades \u00fatiles en el acuario marino<\/h2>\n<p data-start=\"661\" data-end=\"1350\">El caracol cono de esgrima es uno de los m\u00e1s valiosos <strong data-start=\"712\" data-end=\"729\">Cuidadores de pisos<\/strong> en la acuariofilia marina moderna. Est\u00e1 especializado en el pastoreo de <strong data-start=\"811\" data-end=\"827\">Sierras Cyano<\/strong> por lo que contribuye eficazmente al control de recubrimientos indeseables en el sustrato del suelo. Al mismo tiempo, come con gran resistencia <strong data-start=\"959\" data-end=\"974\">Diatomeas<\/strong>, que suelen aparecer en acuarios reci\u00e9n instalados o ricos en nutrientes. Su comportamiento de limpieza continua garantiza un sustrato limpio y suelto y favorece el equilibrio biol\u00f3gico del acuario. Su mirada inquisitiva y sus oculares ampliamente estirados ofrecen una observaci\u00f3n encantadora y animada durante el transcurso del d\u00eda.<\/p>\n<h2 data-start=\"1352\" data-end=\"1375\">Conservaci\u00f3n y cuidados<\/h2>\n<p data-start=\"1376\" data-end=\"1918\">El Conomurex luhuanus prefiere un fondo arenoso de grano fino a medio en el que pueda moverse activamente y buscar alimento. Es f\u00e1cil de cuidar y puede mantenerse f\u00e1cilmente en acuarios de arrecife mixtos, ya que no muestra inter\u00e9s por los corales ni los invertebrados. Adem\u00e1s de sus fuentes naturales de alimento, tambi\u00e9n acepta alimentos suplementarios como hojas de algas o comida fina congelada cuando escasea el suministro en el acuario.<\/p>","protected":false},"excerpt":{"rendered":"<p>Conomurex luhuanus \u2013 Die Cyano-fressende Kegelfechterschnecke f\u00fcrs Meerwasseraquarium Beschreibung und Merkmale Die Conomurex luhuanus, besser bekannt als Kegelfechterschnecke, ist ein au\u00dfergew\u00f6hnlicher und \u00e4u\u00dferst n\u00fctzlicher Bewohner f\u00fcr das Meerwasseraquarium. Ihr markantes, kegelf\u00f6rmiges Geh\u00e4use und ihre charakteristischen, weit hervortretenden \u201elustigen Augen\u201c machen sie zu einem echten Hingucker, w\u00e4hrend ihr aktives Verhalten das Riffbecken sichtbar belebt. Diese Schneckenart [&hellip;]<\/p>\n","protected":false},"featured_media":82145,"comment_status":"open","ping_status":"closed","template":"","meta":{"_acf_changed":false},"origin":[],"product_brand":[],"product_cat":[483,484],"product_tag":[],"class_list":{"0":"post-82154","1":"product","2":"type-product","3":"status-publish","4":"has-post-thumbnail","6":"product_cat-wirbellose","7":"product_cat-schnecken","8":"product_shipping_class-lebendtierversand","10":"first","11":"instock","12":"taxable","13":"shipping-taxable","14":"purchasable","15":"product-type-simple"},"acf":[],"jetpack_sharing_enabled":true,"_links":{"self":[{"href":"https:\/\/toms-korallen.de\/es\/wp-json\/wp\/v2\/product\/82154","targetHints":{"allow":["GET"]}}],"collection":[{"href":"https:\/\/toms-korallen.de\/es\/wp-json\/wp\/v2\/product"}],"about":[{"href":"https:\/\/toms-korallen.de\/es\/wp-json\/wp\/v2\/types\/product"}],"replies":[{"embeddable":true,"href":"https:\/\/toms-korallen.de\/es\/wp-json\/wp\/v2\/comments?post=82154"}],"version-history":[{"count":0,"href":"https:\/\/toms-korallen.de\/es\/wp-json\/wp\/v2\/product\/82154\/revisions"}],"wp:featuredmedia":[{"embeddable":true,"href":"https:\/\/toms-korallen.de\/es\/wp-json\/wp\/v2\/media\/82145"}],"wp:attachment":[{"href":"https:\/\/toms-korallen.de\/es\/wp-json\/wp\/v2\/media?parent=82154"}],"wp:term":[{"taxonomy":"origin","embeddable":true,"href":"https:\/\/toms-korallen.de\/es\/wp-json\/wp\/v2\/origin?post=82154"},{"taxonomy":"product_brand","embeddable":true,"href":"https:\/\/toms-korallen.de\/es\/wp-json\/wp\/v2\/product_brand?post=82154"},{"taxonomy":"product_cat","embeddable":true,"href":"https:\/\/toms-korallen.de\/es\/wp-json\/wp\/v2\/product_cat?post=82154"},{"taxonomy":"product_tag","embeddable":true,"href":"https:\/\/toms-korallen.de\/es\/wp-json\/wp\/v2\/product_tag?post=82154"}],"curies":[{"name":"wp","href":"https:\/\/api.w.org\/{rel}","templated":true}]}}