{"id":81690,"date":"2025-11-21T16:12:16","date_gmt":"2025-11-21T15:12:16","guid":{"rendered":"https:\/\/toms-korallen.de\/?post_type=product&#038;p=81690"},"modified":"2025-12-02T11:06:11","modified_gmt":"2025-12-02T10:06:11","slug":"pack-doble-giradiscos-oceanmotion","status":"publish","type":"product","link":"https:\/\/toms-korallen.de\/es\/oceanmotion-dreheinheit-doppelpack\/","title":{"rendered":"Plataforma giratoria OceanMotion - paquete doble"},"content":{"rendered":"<h2>OceanMotion<\/h2>\n<p>En los acuarios marinos, la corriente es uno de los temas m\u00e1s discutidos, por lo que siempre es un reto optimizarla a las necesidades de los animales. Como las bombas de flujo tienen una orientaci\u00f3n espec\u00edfica, la direcci\u00f3n de la corriente es fija y poco variada. Con el OceanMotion, es posible ajustar las bombas de flujo a un movimiento de rotaci\u00f3n libremente ajustable.<\/p>\n<p>El patr\u00f3n de flujo resultante es muy variado y turbulento, imitando muy bien las condiciones naturales del arrecife. Esto garantiza un flujo significativamente mejor en acuarios de arrecife con menos bombas o bombas con salida reducida, lo que puede evitar los dep\u00f3sitos de detritus.<\/p>\n<h3>Descripci\u00f3n del producto<\/h3>\n<p>El OceanMotion es una unidad giratoria a la que se puede instalar cualquier bomba de flujo disponible en el mercado. Esto hace que la bomba gire, creando un patr\u00f3n de flujo \u00fanico y variado en el acuario. El motor de la unidad giratoria es capaz de cubrir un movimiento de 270\u00b0.<\/p>\n<p>La configuraci\u00f3n del \u00e1ngulo de rotaci\u00f3n, la velocidad de rotaci\u00f3n y las pausas de alimentaci\u00f3n y desconexiones nocturnas pueden ajustarse f\u00e1cilmente a trav\u00e9s de una interfaz web conectada al controlador OceanMotion.<\/p>\n<p>Cada plataforma giratoria OceanMotion requiere un soporte adecuado para la bomba que se va a instalar en la plataforma giratoria. Encontrar\u00e1 los soportes adecuados en la opci\u00f3n de men\u00fa \u201cSoportes para bombas\u201d. Si el soporte de bomba que necesita no aparece en la lista, env\u00edenos un mensaje y dise\u00f1aremos y fabricaremos su propio soporte personalizado.<\/p>\n<p><a href=\"https:\/\/www.seawatersolutions.de\/pages\/ocean-motion-anleitung\" target=\"_blank\" rel=\"noopener nofollow\">Haga clic aqu\u00ed para ver las instrucciones del OceanMotion.<\/a><\/p>\n<h3>Detalles del producto:<\/h3>\n<ul>\n<li>Conexi\u00f3n a toma de corriente con puesta a tierra; tensi\u00f3n de red 100-240 V~ 50\/60 Hz<\/li>\n<li>Para utilizar las plataformas giratorias OceanMotion se necesita un controlador adecuado.<\/li>\n<li>El OceanMotion s\u00f3lo puede utilizarse con el controlador previsto para ello<\/li>\n<li>El OceanMotion s\u00f3lo puede utilizarse fuera del agua. El OceanMotion no es impermeable, la carcasa s\u00f3lo protege el accionamiento de las salpicaduras de agua<\/li>\n<\/ul>\n<h3>Volumen de suministro:<\/h3>\n<ul>\n<li>2 x plataforma giratoria OceanMotion<\/li>\n<li>2 x soporte p\u00e9lvico individual<\/li>\n<li>2x cable de conexi\u00f3n permanente al controlador, disponible en longitudes de 2 \u00f3 5 metros<\/li>\n<\/ul>\n<h3>Ficha t\u00e9cnica<\/h3>\n<p>Dimensiones incl. soporte de lavabo:<\/p>\n<ul>\n<li>L = 85 mm<\/li>\n<li>B = 40 mm para acuarios de piscina sin puente de cristal<\/li>\n<li>B = 80 mm para acuarios est\u00e1ndar con puente de cristal<\/li>\n<li>B = 110 mm para acuarios con borde de madera<\/li>\n<li>H = 125 mm<\/li>\n<\/ul>","protected":false},"excerpt":{"rendered":"<p>El plazo de entrega actual de algunos productos OceanMotion es de hasta 15 d\u00edas laborables, ya que se fabrican \u2018bajo pedido\u2019.<\/p>","protected":false},"featured_media":82427,"comment_status":"open","ping_status":"closed","template":"","meta":{"_acf_changed":false},"origin":[],"product_brand":[],"product_cat":[471,470,469,468,467,466],"product_tag":[],"class_list":{"0":"post-81690","1":"product","2":"type-product","3":"status-publish","4":"has-post-thumbnail","6":"product_cat-dreheinheiten","7":"product_cat-ocean-motion","8":"product_cat-stroemung","9":"product_cat-pumpen","10":"product_cat-technik","11":"product_cat-technik-zubehoer","12":"product_shipping_class-standardversand","14":"first","15":"instock","16":"taxable","17":"shipping-taxable","18":"purchasable","19":"product-type-variable"},"acf":[],"jetpack_sharing_enabled":true,"_links":{"self":[{"href":"https:\/\/toms-korallen.de\/es\/wp-json\/wp\/v2\/product\/81690","targetHints":{"allow":["GET"]}}],"collection":[{"href":"https:\/\/toms-korallen.de\/es\/wp-json\/wp\/v2\/product"}],"about":[{"href":"https:\/\/toms-korallen.de\/es\/wp-json\/wp\/v2\/types\/product"}],"replies":[{"embeddable":true,"href":"https:\/\/toms-korallen.de\/es\/wp-json\/wp\/v2\/comments?post=81690"}],"version-history":[{"count":0,"href":"https:\/\/toms-korallen.de\/es\/wp-json\/wp\/v2\/product\/81690\/revisions"}],"wp:featuredmedia":[{"embeddable":true,"href":"https:\/\/toms-korallen.de\/es\/wp-json\/wp\/v2\/media\/82427"}],"wp:attachment":[{"href":"https:\/\/toms-korallen.de\/es\/wp-json\/wp\/v2\/media?parent=81690"}],"wp:term":[{"taxonomy":"origin","embeddable":true,"href":"https:\/\/toms-korallen.de\/es\/wp-json\/wp\/v2\/origin?post=81690"},{"taxonomy":"product_brand","embeddable":true,"href":"https:\/\/toms-korallen.de\/es\/wp-json\/wp\/v2\/product_brand?post=81690"},{"taxonomy":"product_cat","embeddable":true,"href":"https:\/\/toms-korallen.de\/es\/wp-json\/wp\/v2\/product_cat?post=81690"},{"taxonomy":"product_tag","embeddable":true,"href":"https:\/\/toms-korallen.de\/es\/wp-json\/wp\/v2\/product_tag?post=81690"}],"curies":[{"name":"wp","href":"https:\/\/api.w.org\/{rel}","templated":true}]}}