{"id":71889,"date":"2025-05-28T13:18:26","date_gmt":"2025-05-28T11:18:26","guid":{"rendered":"https:\/\/toms-korallen.de\/?post_type=product&#038;p=71889"},"modified":"2025-07-31T09:55:42","modified_gmt":"2025-07-31T07:55:42","slug":"acropora-millepora-erupcion-solar-8","status":"publish","type":"product","link":"https:\/\/toms-korallen.de\/es\/acropora-millepora-solar-flare-8\/","title":{"rendered":"Acropora Millepora \u2018Solar Flare\u2019 (Destello solar)\u2019"},"content":{"rendered":"<!-- wp:heading -->\n<h2 class=\"wp-block-heading\">SPS - corales p\u00e9treos de p\u00f3lipo peque\u00f1o<\/h2>\n<!-- \/wp:heading -->\n\n<!-- wp:paragraph -->\n<p>Los SPS representan la primera clase de la acuariofilia de arrecife moderna. Mantener estos animales adecuadamente para que muestren toda su belleza requiere cierto esfuerzo. Esto incluye los valores de agua adecuados, una corriente turbulenta y una iluminaci\u00f3n apropiada.<\/p>\n<!-- \/wp:paragraph -->\n\n<!-- wp:paragraph -->\n<p>Pero adem\u00e1s, su juego de colores va desde los delicados a los fuertes colores opacos, pasando por las florescencias de color ne\u00f3n bajo la luz azul.<\/p>\n<!-- \/wp:paragraph -->","protected":false},"excerpt":{"rendered":"<h3>WYSIWYG<\/h3>\n<p>Recibir\u00e1s el animal que aparece en la foto.<\/p>","protected":false},"featured_media":71737,"comment_status":"closed","ping_status":"closed","template":"","meta":{"_acf_changed":false},"origin":[306],"product_brand":[],"product_cat":[94,93,131],"product_tag":[],"class_list":{"0":"post-71889","1":"product","2":"type-product","3":"status-publish","4":"has-post-thumbnail","6":"origin-mariculture","7":"product_cat-sps","8":"product_cat-korallen_kaufen","9":"product_cat-wysiwyg","10":"product_shipping_class-lebendtierversand","12":"first","13":"outofstock","14":"sale","15":"taxable","16":"shipping-taxable","17":"purchasable","18":"product-type-simple"},"acf":[],"jetpack_sharing_enabled":true,"_links":{"self":[{"href":"https:\/\/toms-korallen.de\/es\/wp-json\/wp\/v2\/product\/71889","targetHints":{"allow":["GET"]}}],"collection":[{"href":"https:\/\/toms-korallen.de\/es\/wp-json\/wp\/v2\/product"}],"about":[{"href":"https:\/\/toms-korallen.de\/es\/wp-json\/wp\/v2\/types\/product"}],"replies":[{"embeddable":true,"href":"https:\/\/toms-korallen.de\/es\/wp-json\/wp\/v2\/comments?post=71889"}],"version-history":[{"count":0,"href":"https:\/\/toms-korallen.de\/es\/wp-json\/wp\/v2\/product\/71889\/revisions"}],"wp:featuredmedia":[{"embeddable":true,"href":"https:\/\/toms-korallen.de\/es\/wp-json\/wp\/v2\/media\/71737"}],"wp:attachment":[{"href":"https:\/\/toms-korallen.de\/es\/wp-json\/wp\/v2\/media?parent=71889"}],"wp:term":[{"taxonomy":"origin","embeddable":true,"href":"https:\/\/toms-korallen.de\/es\/wp-json\/wp\/v2\/origin?post=71889"},{"taxonomy":"product_brand","embeddable":true,"href":"https:\/\/toms-korallen.de\/es\/wp-json\/wp\/v2\/product_brand?post=71889"},{"taxonomy":"product_cat","embeddable":true,"href":"https:\/\/toms-korallen.de\/es\/wp-json\/wp\/v2\/product_cat?post=71889"},{"taxonomy":"product_tag","embeddable":true,"href":"https:\/\/toms-korallen.de\/es\/wp-json\/wp\/v2\/product_tag?post=71889"}],"curies":[{"name":"wp","href":"https:\/\/api.w.org\/{rel}","templated":true}]}}