{"id":71811,"date":"2025-05-28T13:18:40","date_gmt":"2025-05-28T11:18:40","guid":{"rendered":"https:\/\/toms-korallen.de\/?post_type=product&#038;p=71811"},"modified":"2025-07-31T09:55:36","modified_gmt":"2025-07-31T07:55:36","slug":"micromussa-lordensis-acan-6","status":"publish","type":"product","link":"https:\/\/toms-korallen.de\/es\/micromussa-lordensis-acan-6\/","title":{"rendered":"Micromussa Lordensis \u2018Acan\u2019"},"content":{"rendered":"<!-- wp:heading {\"level\":3} -->\n<h3 class=\"wp-block-heading\">Corales p\u00e9treos de p\u00f3lipo grande<\/h3>\n<!-- \/wp:heading -->\n\n<!-- wp:paragraph -->\n<p>Como su nombre indica, los p\u00f3lipos de las LPS son algo m\u00e1s grandes que los de sus cong\u00e9neres de p\u00f3lipo peque\u00f1o. Los LPS tienen muchas formas y colores.<\/p>\n<!-- \/wp:paragraph -->\n\n<!-- wp:paragraph -->\n<p>Lo que tienen en com\u00fan, sin embargo, es que sus requisitos en cuanto a valores del agua e iluminaci\u00f3n son menores que los de los corales p\u00e9treos de p\u00f3lipo peque\u00f1o. Los LPS pueden soportar valores de nutrientes mucho m\u00e1s elevados que las acroporas, por ejemplo.<\/p>\n<!-- \/wp:paragraph -->\n\n<!-- wp:paragraph -->\n<p>Debido al tama\u00f1o de los p\u00f3lipos, tambi\u00e9n se puede alimentar con LPS. Debe asegurarse de que la comida se adapta al tama\u00f1o de las bocas - y tampoco debe sobrealimentar a los animales. Pero le agradecer\u00e1n una comida a la semana con ricos colores y gran expansi\u00f3n.<\/p>\n<!-- \/wp:paragraph -->","protected":false},"excerpt":{"rendered":"<h3>WYSIWYG<\/h3>\n<p>Recibir\u00e1s el animal que aparece en la foto.<\/p>","protected":false},"featured_media":71787,"comment_status":"closed","ping_status":"closed","template":"","meta":{"_acf_changed":false},"origin":[305],"product_brand":[],"product_cat":[93,95,131],"product_tag":[],"class_list":{"0":"post-71811","1":"product","2":"type-product","3":"status-publish","4":"has-post-thumbnail","6":"origin-farm","7":"product_cat-korallen_kaufen","8":"product_cat-lps","9":"product_cat-wysiwyg","10":"product_shipping_class-lebendtierversand","12":"first","13":"outofstock","14":"sale","15":"taxable","16":"shipping-taxable","17":"purchasable","18":"product-type-simple"},"acf":[],"jetpack_sharing_enabled":true,"_links":{"self":[{"href":"https:\/\/toms-korallen.de\/es\/wp-json\/wp\/v2\/product\/71811","targetHints":{"allow":["GET"]}}],"collection":[{"href":"https:\/\/toms-korallen.de\/es\/wp-json\/wp\/v2\/product"}],"about":[{"href":"https:\/\/toms-korallen.de\/es\/wp-json\/wp\/v2\/types\/product"}],"replies":[{"embeddable":true,"href":"https:\/\/toms-korallen.de\/es\/wp-json\/wp\/v2\/comments?post=71811"}],"version-history":[{"count":0,"href":"https:\/\/toms-korallen.de\/es\/wp-json\/wp\/v2\/product\/71811\/revisions"}],"wp:featuredmedia":[{"embeddable":true,"href":"https:\/\/toms-korallen.de\/es\/wp-json\/wp\/v2\/media\/71787"}],"wp:attachment":[{"href":"https:\/\/toms-korallen.de\/es\/wp-json\/wp\/v2\/media?parent=71811"}],"wp:term":[{"taxonomy":"origin","embeddable":true,"href":"https:\/\/toms-korallen.de\/es\/wp-json\/wp\/v2\/origin?post=71811"},{"taxonomy":"product_brand","embeddable":true,"href":"https:\/\/toms-korallen.de\/es\/wp-json\/wp\/v2\/product_brand?post=71811"},{"taxonomy":"product_cat","embeddable":true,"href":"https:\/\/toms-korallen.de\/es\/wp-json\/wp\/v2\/product_cat?post=71811"},{"taxonomy":"product_tag","embeddable":true,"href":"https:\/\/toms-korallen.de\/es\/wp-json\/wp\/v2\/product_tag?post=71811"}],"curies":[{"name":"wp","href":"https:\/\/api.w.org\/{rel}","templated":true}]}}