{"id":68900,"date":"2025-03-24T12:05:30","date_gmt":"2025-03-24T11:05:30","guid":{"rendered":"https:\/\/toms-korallen.de\/?post_type=product&#038;p=68900"},"modified":"2025-07-10T22:17:16","modified_gmt":"2025-07-10T20:17:16","slug":"cita-de-consulta-nueva-luz-para-su-acuario","status":"publish","type":"product","link":"https:\/\/toms-korallen.de\/es\/beratungstermin-neues-licht-fuer-dein-aquarium\/","title":{"rendered":"Consejos: Luz para su acuario"},"content":{"rendered":"<h2><span style=\"font-weight: 400;\">\u00bfQu\u00e9 luz es la adecuada para sus corales?<\/span><\/h2>\n<p><span style=\"font-weight: 400;\">Estaremos encantados de ayudarle y hacerle sugerencias sobre c\u00f3mo puede optimizar la iluminaci\u00f3n de su acuario.<br \/>\n<\/span><span style=\"font-weight: 400;\">Tenemos en cuenta las dimensiones de su tanque y los requisitos de la poblaci\u00f3n de corales de su acuario.<\/span><\/p>\n<div id=\"attachment_68901\" style=\"width: 738px\" class=\"wp-caption alignnone\"><img fetchpriority=\"high\" decoding=\"async\" aria-describedby=\"caption-attachment-68901\" class=\"wp-image-68901 size-full\" src=\"https:\/\/toms-korallen.de\/wp-content\/uploads\/2025\/03\/Skizze.jpg\" alt=\"\" width=\"728\" height=\"728\" srcset=\"https:\/\/toms-korallen.de\/wp-content\/uploads\/2025\/03\/Skizze.jpg 728w, https:\/\/toms-korallen.de\/wp-content\/uploads\/2025\/03\/Skizze-300x300.jpg 300w, https:\/\/toms-korallen.de\/wp-content\/uploads\/2025\/03\/Skizze-150x150.jpg 150w, https:\/\/toms-korallen.de\/wp-content\/uploads\/2025\/03\/Skizze-12x12.jpg 12w, https:\/\/toms-korallen.de\/wp-content\/uploads\/2025\/03\/Skizze-350x350.jpg 350w, https:\/\/toms-korallen.de\/wp-content\/uploads\/2025\/03\/Skizze-100x100.jpg 100w\" sizes=\"(max-width: 728px) 100vw, 728px\" \/><p id=\"caption-attachment-68901\" class=\"wp-caption-text\">Esquema de ejemplo de dos posibles soluciones de iluminaci\u00f3n para un acuario de 210 cm x 80 cm x 80 cm<\/p><\/div>\n<h5>\u00bfQu\u00e9 obtiene de nosotros?<\/h5>\n<ul>\n<li>Asesoramiento personal para una iluminaci\u00f3n perfecta<\/li>\n<li>Sugerencias sobre l\u00e1mparas adecuadas y asesoramiento sobre las ventajas e inconvenientes de las l\u00e1mparas<\/li>\n<li>Esquemas de la posici\u00f3n ideal de las l\u00e1mparas para una iluminaci\u00f3n uniforme<\/li>\n<\/ul>\n<p><span style=\"font-weight: 400;\">Si decide encargarnos directamente las l\u00e1mparas recomendadas, le cobraremos unos honorarios de consulta de 1.000 euros. <\/span><b>49,90\u20ac<\/b><span style=\"font-weight: 400;\"> con su compra.<\/span><\/p>","protected":false},"excerpt":{"rendered":"<p>Introduzca las dimensiones de su acuario y la poblaci\u00f3n prevista o existente en la nota de pedido de la p\u00e1gina de pago.<\/p>\n<p>Si su acuario ya est\u00e1 en funcionamiento, d\u00edganos qu\u00e9 iluminaci\u00f3n utiliza actualmente.<\/p>\n<p><span style=\"font-weight: 400;\">Si decide encargarnos directamente las l\u00e1mparas recomendadas, le cobraremos unos honorarios de consulta de 1.000 euros. <\/span><b>49,90\u20ac<\/b><span style=\"font-weight: 400;\"> con su compra.<\/span><\/p>","protected":false},"featured_media":68906,"comment_status":"closed","ping_status":"closed","template":"","meta":{"_acf_changed":false},"origin":[],"product_brand":[],"product_cat":[446],"product_tag":[],"class_list":{"0":"post-68900","1":"product","2":"type-product","3":"status-publish","4":"has-post-thumbnail","6":"product_cat-beratung","8":"first","9":"instock","10":"taxable","11":"shipping-taxable","12":"purchasable","13":"product-type-simple"},"acf":[],"jetpack_sharing_enabled":true,"_links":{"self":[{"href":"https:\/\/toms-korallen.de\/es\/wp-json\/wp\/v2\/product\/68900","targetHints":{"allow":["GET"]}}],"collection":[{"href":"https:\/\/toms-korallen.de\/es\/wp-json\/wp\/v2\/product"}],"about":[{"href":"https:\/\/toms-korallen.de\/es\/wp-json\/wp\/v2\/types\/product"}],"replies":[{"embeddable":true,"href":"https:\/\/toms-korallen.de\/es\/wp-json\/wp\/v2\/comments?post=68900"}],"version-history":[{"count":0,"href":"https:\/\/toms-korallen.de\/es\/wp-json\/wp\/v2\/product\/68900\/revisions"}],"wp:featuredmedia":[{"embeddable":true,"href":"https:\/\/toms-korallen.de\/es\/wp-json\/wp\/v2\/media\/68906"}],"wp:attachment":[{"href":"https:\/\/toms-korallen.de\/es\/wp-json\/wp\/v2\/media?parent=68900"}],"wp:term":[{"taxonomy":"origin","embeddable":true,"href":"https:\/\/toms-korallen.de\/es\/wp-json\/wp\/v2\/origin?post=68900"},{"taxonomy":"product_brand","embeddable":true,"href":"https:\/\/toms-korallen.de\/es\/wp-json\/wp\/v2\/product_brand?post=68900"},{"taxonomy":"product_cat","embeddable":true,"href":"https:\/\/toms-korallen.de\/es\/wp-json\/wp\/v2\/product_cat?post=68900"},{"taxonomy":"product_tag","embeddable":true,"href":"https:\/\/toms-korallen.de\/es\/wp-json\/wp\/v2\/product_tag?post=68900"}],"curies":[{"name":"wp","href":"https:\/\/api.w.org\/{rel}","templated":true}]}}