{"id":51572,"date":"2024-01-14T15:52:55","date_gmt":"2024-01-14T14:52:55","guid":{"rendered":"https:\/\/server.toms-korallen.de\/?post_type=product&#038;p=51572"},"modified":"2025-07-10T22:17:31","modified_gmt":"2025-07-10T20:17:31","slug":"vale-100e-como-tarjeta","status":"publish","type":"product","link":"https:\/\/toms-korallen.de\/es\/gutschein-100e-als-karte\/","title":{"rendered":"Vale 100\u20ac \u2018Como una tarjeta\u2019"},"content":{"rendered":"<p>\u00a1Haz felices a tus amigos con un vale de Toms Korallen!<\/p>\n<p>Este cheque regalo est\u00e1 impreso en una tarjeta A5 con un sobre para que lo regales.<\/p>","protected":false},"excerpt":{"rendered":"<h1>Vale<\/h1>\n<p>Tras completar su compra, recibir\u00e1 un correo electr\u00f3nico con el c\u00f3digo del vale.<br \/>\nTambi\u00e9n recibir\u00e1 una tarjeta de vale A5 con un sobre para regalar.<\/p>\n<p>A continuaci\u00f3n, puede abonarse en la cesta de la compra al realizar el pedido.<\/p>\n<p>El correo electr\u00f3nico se env\u00eda a mano, por lo que puede tardar entre 1 y 2 d\u00edas laborables.<\/p>\n<ul>\n<li>El vale es v\u00e1lido durante 3 a\u00f1os<\/li>\n<li>El valor del vale o los importes restantes no pueden abonarse<\/li>\n<li>El vale s\u00f3lo puede canjearse en la tienda en www.toms-korallen.de.<\/li>\n<\/ul>","protected":false},"featured_media":49829,"comment_status":"closed","ping_status":"closed","template":"","meta":{"_acf_changed":false},"origin":[],"product_brand":[],"product_cat":[404],"product_tag":[],"class_list":{"0":"post-51572","1":"product","2":"type-product","3":"status-publish","4":"has-post-thumbnail","6":"product_cat-gutscheine","8":"first","9":"instock","10":"downloadable","11":"virtual","12":"purchasable","13":"product-type-simple"},"acf":[],"jetpack_sharing_enabled":true,"_links":{"self":[{"href":"https:\/\/toms-korallen.de\/es\/wp-json\/wp\/v2\/product\/51572","targetHints":{"allow":["GET"]}}],"collection":[{"href":"https:\/\/toms-korallen.de\/es\/wp-json\/wp\/v2\/product"}],"about":[{"href":"https:\/\/toms-korallen.de\/es\/wp-json\/wp\/v2\/types\/product"}],"replies":[{"embeddable":true,"href":"https:\/\/toms-korallen.de\/es\/wp-json\/wp\/v2\/comments?post=51572"}],"version-history":[{"count":0,"href":"https:\/\/toms-korallen.de\/es\/wp-json\/wp\/v2\/product\/51572\/revisions"}],"wp:featuredmedia":[{"embeddable":true,"href":"https:\/\/toms-korallen.de\/es\/wp-json\/wp\/v2\/media\/49829"}],"wp:attachment":[{"href":"https:\/\/toms-korallen.de\/es\/wp-json\/wp\/v2\/media?parent=51572"}],"wp:term":[{"taxonomy":"origin","embeddable":true,"href":"https:\/\/toms-korallen.de\/es\/wp-json\/wp\/v2\/origin?post=51572"},{"taxonomy":"product_brand","embeddable":true,"href":"https:\/\/toms-korallen.de\/es\/wp-json\/wp\/v2\/product_brand?post=51572"},{"taxonomy":"product_cat","embeddable":true,"href":"https:\/\/toms-korallen.de\/es\/wp-json\/wp\/v2\/product_cat?post=51572"},{"taxonomy":"product_tag","embeddable":true,"href":"https:\/\/toms-korallen.de\/es\/wp-json\/wp\/v2\/product_tag?post=51572"}],"curies":[{"name":"wp","href":"https:\/\/api.w.org\/{rel}","templated":true}]}}