{"id":47798,"date":"2023-11-08T20:15:12","date_gmt":"2023-11-08T19:15:12","guid":{"rendered":"https:\/\/server.toms-korallen.de\/?post_type=product&#038;p=47798"},"modified":"2025-07-10T22:17:33","modified_gmt":"2025-07-10T20:17:33","slug":"bono-digital-30e","status":"publish","type":"product","link":"https:\/\/toms-korallen.de\/es\/digitaler-gutschein-30e\/","title":{"rendered":"Vale digital 30"},"content":{"rendered":"","protected":false},"excerpt":{"rendered":"<p>Si compra este vale, se le enviar\u00e1 un c\u00f3digo de vale por correo electr\u00f3nico, que podr\u00e1 canjear en la cesta de la compra.<br \/>\nEl c\u00f3digo del vale es v\u00e1lido durante un a\u00f1o a partir de la fecha de env\u00edo y se genera manualmente.<\/p>\n<p>La entrega se realiza como muy tarde el siguiente d\u00eda laborable a la compra.<\/p>","protected":false},"featured_media":0,"comment_status":"closed","ping_status":"closed","template":"","meta":{"_acf_changed":false},"origin":[],"product_brand":[],"product_cat":[15],"product_tag":[],"class_list":{"0":"post-47798","1":"product","2":"type-product","3":"status-publish","5":"product_cat-unkategorisiert","7":"first","8":"instock","9":"virtual","10":"taxable","11":"purchasable","12":"product-type-simple"},"acf":[],"jetpack_sharing_enabled":true,"_links":{"self":[{"href":"https:\/\/toms-korallen.de\/es\/wp-json\/wp\/v2\/product\/47798","targetHints":{"allow":["GET"]}}],"collection":[{"href":"https:\/\/toms-korallen.de\/es\/wp-json\/wp\/v2\/product"}],"about":[{"href":"https:\/\/toms-korallen.de\/es\/wp-json\/wp\/v2\/types\/product"}],"replies":[{"embeddable":true,"href":"https:\/\/toms-korallen.de\/es\/wp-json\/wp\/v2\/comments?post=47798"}],"version-history":[{"count":0,"href":"https:\/\/toms-korallen.de\/es\/wp-json\/wp\/v2\/product\/47798\/revisions"}],"wp:attachment":[{"href":"https:\/\/toms-korallen.de\/es\/wp-json\/wp\/v2\/media?parent=47798"}],"wp:term":[{"taxonomy":"origin","embeddable":true,"href":"https:\/\/toms-korallen.de\/es\/wp-json\/wp\/v2\/origin?post=47798"},{"taxonomy":"product_brand","embeddable":true,"href":"https:\/\/toms-korallen.de\/es\/wp-json\/wp\/v2\/product_brand?post=47798"},{"taxonomy":"product_cat","embeddable":true,"href":"https:\/\/toms-korallen.de\/es\/wp-json\/wp\/v2\/product_cat?post=47798"},{"taxonomy":"product_tag","embeddable":true,"href":"https:\/\/toms-korallen.de\/es\/wp-json\/wp\/v2\/product_tag?post=47798"}],"curies":[{"name":"wp","href":"https:\/\/api.w.org\/{rel}","templated":true}]}}