{"id":42957,"date":"2023-08-11T11:40:24","date_gmt":"2023-08-11T09:40:24","guid":{"rendered":"https:\/\/server.toms-korallen.de\/?post_type=product&#038;p=42957"},"modified":"2025-11-21T09:31:49","modified_gmt":"2025-11-21T08:31:49","slug":"muricea-gorgonia-purpura","status":"publish","type":"product","link":"https:\/\/toms-korallen.de\/es\/muricea-gorgonie-purple\/","title":{"rendered":"VDS - Muricea gorgonia \u2018Purple\u2019 - una porci\u00f3n"},"content":{"rendered":"<h2 data-start=\"71\" data-end=\"101\">Descripci\u00f3n y caracter\u00edsticas<\/h2>\n<p data-start=\"102\" data-end=\"576\">En <strong data-start=\"106\" data-end=\"126\">Muricea gorgonia<\/strong> es un impresionante coral cuerno con forma de \u00e1rbol o abanico que llama inmediatamente la atenci\u00f3n por sus fuertes ramas y sus vivaces p\u00f3lipos. Gracias a su caracter\u00edstica estructura ramificada, proporciona estructura, zonas de sombra y un armonioso juego de corrientes en el acuario marino.<\/p>\n<h2 data-start=\"578\" data-end=\"601\">Conservaci\u00f3n y cuidados<\/h2>\n<p data-start=\"602\" data-end=\"1164\" data-is-last-node=\"\" data-is-only-node=\"\">Muricea es uno de los <strong data-start=\"623\" data-end=\"652\">especies de gorgonias m\u00e1s robustas<\/strong>, que crecen de forma fiable con suficiente disponibilidad de nutrientes y una buena corriente. Prefiere corrientes de medias a fuertes para extender sus p\u00f3lipos de forma \u00f3ptima y filtrar el alimento de forma eficaz. Como filtradores activos, las especies de Muricea absorben nutrientes disueltos, plancton y alimentos finos y polvorientos, lo que las convierte en valiosos defensores del equilibrio biol\u00f3gico del acuario. Puede mantenerse bien en acuarios de arrecife mixtos y armoniza f\u00e1cilmente con peces, invertebrados y otros corales blandos.<\/p>\n<!-- wp:heading -->\n<h2 class=\"wp-block-heading\">Este coral es \"fuera de serie\".<\/h2>\n<!-- \/wp:heading -->\n\n<!-- wp:paragraph -->\n<p>Esto significa que no se trata de un \u00fanico animal con una foto original. Recibir\u00e1 un reto\u00f1o de la misma especie que aparece en la foto. Al tratarse de animales, el crecimiento y el color pueden variar en funci\u00f3n de los valores del agua, la edad o la luz. En el caso de las zoas, el n\u00famero de p\u00f3lipos tambi\u00e9n puede variar, pero normalmente hay m\u00e1s p\u00f3lipos en los v\u00e1stagos que te enviamos.<\/p>\n<!-- \/wp:paragraph -->","protected":false},"excerpt":{"rendered":"<h3>Uno de tantos<\/h3>\n<p>Recibir\u00e1 una rama de este coral.<\/p>","protected":false},"featured_media":42954,"comment_status":"open","ping_status":"closed","template":"","meta":{"_acf_changed":false},"origin":[305],"product_brand":[],"product_cat":[93,94,132,311,385,413,448],"product_tag":[],"class_list":{"0":"post-42957","1":"product","2":"type-product","3":"status-publish","4":"has-post-thumbnail","6":"origin-farm","7":"product_cat-korallen_kaufen","8":"product_cat-sps","9":"product_cat-von-der-stange","10":"product_cat-sonstige-von-der-stange","11":"product_cat-hart-im-nehmen","12":"product_cat-erste-korallen","13":"product_cat-b2b","14":"product_shipping_class-lebendtierversand","16":"first","17":"instock","18":"taxable","19":"shipping-taxable","20":"purchasable","21":"product-type-simple"},"acf":[],"jetpack_sharing_enabled":true,"_links":{"self":[{"href":"https:\/\/toms-korallen.de\/es\/wp-json\/wp\/v2\/product\/42957","targetHints":{"allow":["GET"]}}],"collection":[{"href":"https:\/\/toms-korallen.de\/es\/wp-json\/wp\/v2\/product"}],"about":[{"href":"https:\/\/toms-korallen.de\/es\/wp-json\/wp\/v2\/types\/product"}],"replies":[{"embeddable":true,"href":"https:\/\/toms-korallen.de\/es\/wp-json\/wp\/v2\/comments?post=42957"}],"version-history":[{"count":0,"href":"https:\/\/toms-korallen.de\/es\/wp-json\/wp\/v2\/product\/42957\/revisions"}],"wp:featuredmedia":[{"embeddable":true,"href":"https:\/\/toms-korallen.de\/es\/wp-json\/wp\/v2\/media\/42954"}],"wp:attachment":[{"href":"https:\/\/toms-korallen.de\/es\/wp-json\/wp\/v2\/media?parent=42957"}],"wp:term":[{"taxonomy":"origin","embeddable":true,"href":"https:\/\/toms-korallen.de\/es\/wp-json\/wp\/v2\/origin?post=42957"},{"taxonomy":"product_brand","embeddable":true,"href":"https:\/\/toms-korallen.de\/es\/wp-json\/wp\/v2\/product_brand?post=42957"},{"taxonomy":"product_cat","embeddable":true,"href":"https:\/\/toms-korallen.de\/es\/wp-json\/wp\/v2\/product_cat?post=42957"},{"taxonomy":"product_tag","embeddable":true,"href":"https:\/\/toms-korallen.de\/es\/wp-json\/wp\/v2\/product_tag?post=42957"}],"curies":[{"name":"wp","href":"https:\/\/api.w.org\/{rel}","templated":true}]}}