{"id":29400,"date":"2022-10-23T20:53:15","date_gmt":"2022-10-23T18:53:15","guid":{"rendered":"https:\/\/server.toms-korallen.de\/?post_type=product&#038;p=29400"},"modified":"2026-04-17T01:30:19","modified_gmt":"2026-04-16T23:30:19","slug":"space-invader-chalice-3","status":"publish","type":"product","link":"https:\/\/toms-korallen.de\/es\/space-invader-chalice-3\/","title":{"rendered":"VDS - C\u00e1liz de Space Invader"},"content":{"rendered":"<!-- wp:heading -->\n<h2 class=\"wp-block-heading\">Este coral es \"fuera de serie\".<\/h2>\n<!-- \/wp:heading -->\n\n<!-- wp:paragraph -->\n<p>Esto significa que no se trata de un \u00fanico animal con una foto original. Recibir\u00e1 un reto\u00f1o de la misma especie que aparece en la foto. Al tratarse de animales, el crecimiento y el color pueden variar en funci\u00f3n de los valores del agua, la edad o la luz. En el caso de las zoas, el n\u00famero de p\u00f3lipos tambi\u00e9n puede variar, pero normalmente hay m\u00e1s p\u00f3lipos en los v\u00e1stagos que te enviamos.<\/p>\n<!-- \/wp:paragraph -->","protected":false},"excerpt":{"rendered":"<h3>Uno de tantos<\/h3>\n<p>Recibir\u00e1 un reto\u00f1o comparable.<\/p>","protected":false},"featured_media":29391,"comment_status":"open","ping_status":"closed","template":"","meta":{"_acf_changed":false},"origin":[305],"product_brand":[],"product_cat":[93,95,132,135,385,414,448,450,451],"product_tag":[],"class_list":{"0":"post-29400","1":"product","2":"type-product","3":"status-publish","4":"has-post-thumbnail","6":"origin-farm","7":"product_cat-korallen_kaufen","8":"product_cat-lps","9":"product_cat-von-der-stange","10":"product_cat-lps-von-der-stange","11":"product_cat-hart-im-nehmen","12":"product_cat-einsteiger-lps","13":"product_cat-b2b","14":"product_cat-sale","15":"product_cat-sale-20","16":"product_shipping_class-lebendtierversand","18":"first","19":"instock","20":"sale","21":"taxable","22":"shipping-taxable","23":"purchasable","24":"product-type-simple"},"acf":[],"jetpack_sharing_enabled":true,"_links":{"self":[{"href":"https:\/\/toms-korallen.de\/es\/wp-json\/wp\/v2\/product\/29400","targetHints":{"allow":["GET"]}}],"collection":[{"href":"https:\/\/toms-korallen.de\/es\/wp-json\/wp\/v2\/product"}],"about":[{"href":"https:\/\/toms-korallen.de\/es\/wp-json\/wp\/v2\/types\/product"}],"replies":[{"embeddable":true,"href":"https:\/\/toms-korallen.de\/es\/wp-json\/wp\/v2\/comments?post=29400"}],"version-history":[{"count":0,"href":"https:\/\/toms-korallen.de\/es\/wp-json\/wp\/v2\/product\/29400\/revisions"}],"wp:featuredmedia":[{"embeddable":true,"href":"https:\/\/toms-korallen.de\/es\/wp-json\/wp\/v2\/media\/29391"}],"wp:attachment":[{"href":"https:\/\/toms-korallen.de\/es\/wp-json\/wp\/v2\/media?parent=29400"}],"wp:term":[{"taxonomy":"origin","embeddable":true,"href":"https:\/\/toms-korallen.de\/es\/wp-json\/wp\/v2\/origin?post=29400"},{"taxonomy":"product_brand","embeddable":true,"href":"https:\/\/toms-korallen.de\/es\/wp-json\/wp\/v2\/product_brand?post=29400"},{"taxonomy":"product_cat","embeddable":true,"href":"https:\/\/toms-korallen.de\/es\/wp-json\/wp\/v2\/product_cat?post=29400"},{"taxonomy":"product_tag","embeddable":true,"href":"https:\/\/toms-korallen.de\/es\/wp-json\/wp\/v2\/product_tag?post=29400"}],"curies":[{"name":"wp","href":"https:\/\/api.w.org\/{rel}","templated":true}]}}