{"id":22633,"date":"2022-03-15T09:57:15","date_gmt":"2022-03-15T08:57:15","guid":{"rendered":"https:\/\/server.toms-korallen.de\/?post_type=product&#038;p=22633"},"modified":"2025-07-10T21:04:11","modified_gmt":"2025-07-10T19:04:11","slug":"6x-paquete-de-inicio-zoa","status":"publish","type":"product","link":"https:\/\/toms-korallen.de\/es\/6x-zoa-starter-pack\/","title":{"rendered":"6x Zoa Starter Pack"},"content":{"rendered":"","protected":false},"excerpt":{"rendered":"<h3>El pack de iniciaci\u00f3n a los corales p\u00e9treos de p\u00f3lipo peque\u00f1o<\/h3>\n<p>El \u201c6x Zoa Starter Pack\u201d consta de una selecci\u00f3n de 6 corales diferentes.<br \/>\nSeleccionamos 6 v\u00e1stagos de las siguientes especies de coral:<\/p>\n<ul>\n<li>Tarta de ar\u00e1ndanos<\/li>\n<li>Red People Eater<\/li>\n<li>Magos<\/li>\n<li>Caos total<\/li>\n<li>Melones de agua<\/li>\n<li>Masticadores de hadas<\/li>\n<li>Mohawks<\/li>\n<li>Rejillas<\/li>\n<li>Sunny Ds<\/li>\n<li>Nebulosa helada<\/li>\n<\/ul>\n<p>En el campo de comentarios de la p\u00e1gina de pago tambi\u00e9n puede indicar qu\u00e9 corales no deben incluirse porque ya los tiene en su acuario. En ese caso, intentaremos satisfacer sus deseos. Lamentablemente, no podemos prometer esto para 100% porque no todas las especies est\u00e1n siempre disponibles como esquejes.<\/p>\n<p>Las fotos son im\u00e1genes de muestra de v\u00e1stagos y no im\u00e1genes WYSIWYG. Cada v\u00e1stago tiene al menos dos p\u00f3lipos.<\/p>","protected":false},"featured_media":22635,"comment_status":"closed","ping_status":"closed","template":"","meta":{"_acf_changed":false},"origin":[],"product_brand":[],"product_cat":[153,93],"product_tag":[],"class_list":{"0":"post-22633","1":"product","2":"type-product","3":"status-publish","4":"has-post-thumbnail","6":"product_cat-korallen-packs","7":"product_cat-korallen_kaufen","8":"product_shipping_class-lebendtierversand","10":"first","11":"outofstock","12":"sale","13":"taxable","14":"shipping-taxable","15":"purchasable","16":"product-type-simple"},"acf":[],"jetpack_sharing_enabled":true,"_links":{"self":[{"href":"https:\/\/toms-korallen.de\/es\/wp-json\/wp\/v2\/product\/22633","targetHints":{"allow":["GET"]}}],"collection":[{"href":"https:\/\/toms-korallen.de\/es\/wp-json\/wp\/v2\/product"}],"about":[{"href":"https:\/\/toms-korallen.de\/es\/wp-json\/wp\/v2\/types\/product"}],"replies":[{"embeddable":true,"href":"https:\/\/toms-korallen.de\/es\/wp-json\/wp\/v2\/comments?post=22633"}],"version-history":[{"count":0,"href":"https:\/\/toms-korallen.de\/es\/wp-json\/wp\/v2\/product\/22633\/revisions"}],"wp:featuredmedia":[{"embeddable":true,"href":"https:\/\/toms-korallen.de\/es\/wp-json\/wp\/v2\/media\/22635"}],"wp:attachment":[{"href":"https:\/\/toms-korallen.de\/es\/wp-json\/wp\/v2\/media?parent=22633"}],"wp:term":[{"taxonomy":"origin","embeddable":true,"href":"https:\/\/toms-korallen.de\/es\/wp-json\/wp\/v2\/origin?post=22633"},{"taxonomy":"product_brand","embeddable":true,"href":"https:\/\/toms-korallen.de\/es\/wp-json\/wp\/v2\/product_brand?post=22633"},{"taxonomy":"product_cat","embeddable":true,"href":"https:\/\/toms-korallen.de\/es\/wp-json\/wp\/v2\/product_cat?post=22633"},{"taxonomy":"product_tag","embeddable":true,"href":"https:\/\/toms-korallen.de\/es\/wp-json\/wp\/v2\/product_tag?post=22633"}],"curies":[{"name":"wp","href":"https:\/\/api.w.org\/{rel}","templated":true}]}}