{"id":22628,"date":"2022-03-15T09:32:11","date_gmt":"2022-03-15T08:32:11","guid":{"rendered":"https:\/\/server.toms-korallen.de\/?post_type=product&#038;p=22628"},"modified":"2026-03-25T09:23:21","modified_gmt":"2026-03-25T08:23:21","slug":"pack-de-inicio-6x-lps","status":"publish","type":"product","link":"https:\/\/toms-korallen.de\/es\/6x-lps-starter-pack\/","title":{"rendered":"Pack de inicio 6x LPS"},"content":{"rendered":"","protected":false},"excerpt":{"rendered":"<h3>El pack con 6 reto\u00f1os de corales p\u00e9treos de p\u00f3lipo grande<\/h3>\n<p>El \u201c6x LPS Starter Pack\u201d consta de una selecci\u00f3n de 6 corales diferentes.<br \/>\nSeleccionamos 6 v\u00e1stagos de las siguientes especies de coral:<\/p>\n<ul>\n<li>Euphyllia bicolor<\/li>\n<li>Acanthastrea Echinata<\/li>\n<li>Acanthastrea Lordensis<\/li>\n<li>C\u00e1liz Ojo de Oro<\/li>\n<li>C\u00e1liz Ojo de momia<\/li>\n<li>Caulastrea Verde<\/li>\n<li>Favia<\/li>\n<li>Alveopora verde<\/li>\n<li>Tubinaria<\/li>\n<\/ul>\n<p>En el campo de comentarios de la p\u00e1gina de pago tambi\u00e9n puede indicar qu\u00e9 corales no deben incluirse porque ya los tiene en su acuario. En ese caso, intentaremos satisfacer sus deseos. Lamentablemente, no podemos prometer esto para 100% porque no todas las especies est\u00e1n siempre disponibles como esquejes.<\/p>\n<p>Las fotos son im\u00e1genes de muestra para los reto\u00f1os y no im\u00e1genes WYSIWYG.<\/p>","protected":false},"featured_media":22630,"comment_status":"open","ping_status":"closed","template":"","meta":{"_acf_changed":false},"origin":[],"product_brand":[],"product_cat":[153],"product_tag":[],"class_list":{"0":"post-22628","1":"product","2":"type-product","3":"status-publish","4":"has-post-thumbnail","6":"product_cat-korallen-packs","7":"product_shipping_class-lebendtierversand","9":"first","10":"instock","11":"taxable","12":"shipping-taxable","13":"purchasable","14":"product-type-simple"},"acf":[],"jetpack_sharing_enabled":true,"_links":{"self":[{"href":"https:\/\/toms-korallen.de\/es\/wp-json\/wp\/v2\/product\/22628","targetHints":{"allow":["GET"]}}],"collection":[{"href":"https:\/\/toms-korallen.de\/es\/wp-json\/wp\/v2\/product"}],"about":[{"href":"https:\/\/toms-korallen.de\/es\/wp-json\/wp\/v2\/types\/product"}],"replies":[{"embeddable":true,"href":"https:\/\/toms-korallen.de\/es\/wp-json\/wp\/v2\/comments?post=22628"}],"version-history":[{"count":0,"href":"https:\/\/toms-korallen.de\/es\/wp-json\/wp\/v2\/product\/22628\/revisions"}],"wp:featuredmedia":[{"embeddable":true,"href":"https:\/\/toms-korallen.de\/es\/wp-json\/wp\/v2\/media\/22630"}],"wp:attachment":[{"href":"https:\/\/toms-korallen.de\/es\/wp-json\/wp\/v2\/media?parent=22628"}],"wp:term":[{"taxonomy":"origin","embeddable":true,"href":"https:\/\/toms-korallen.de\/es\/wp-json\/wp\/v2\/origin?post=22628"},{"taxonomy":"product_brand","embeddable":true,"href":"https:\/\/toms-korallen.de\/es\/wp-json\/wp\/v2\/product_brand?post=22628"},{"taxonomy":"product_cat","embeddable":true,"href":"https:\/\/toms-korallen.de\/es\/wp-json\/wp\/v2\/product_cat?post=22628"},{"taxonomy":"product_tag","embeddable":true,"href":"https:\/\/toms-korallen.de\/es\/wp-json\/wp\/v2\/product_tag?post=22628"}],"curies":[{"name":"wp","href":"https:\/\/api.w.org\/{rel}","templated":true}]}}