{"id":787,"date":"2019-12-16T21:51:21","date_gmt":"2019-12-16T20:51:21","guid":{"rendered":"https:\/\/www.toms-korallen.de\/?page_id=787"},"modified":"2025-11-05T08:38:50","modified_gmt":"2025-11-05T07:38:50","slug":"cloruro-de-lantano","status":"publish","type":"page","link":"https:\/\/toms-korallen.de\/es\/lanthanchlorid\/","title":{"rendered":"Reducci\u00f3n de Po4 con cloruro de lantano"},"content":{"rendered":"\t\t<div data-elementor-type=\"wp-page\" data-elementor-id=\"787\" class=\"elementor elementor-787\">\n\t\t\t\t\t\t<section class=\"elementor-section elementor-top-section elementor-element elementor-element-681fefe elementor-section-boxed elementor-section-height-default elementor-section-height-default\" data-id=\"681fefe\" data-element_type=\"section\" data-e-type=\"section\">\n\t\t\t\t\t\t<div class=\"elementor-container elementor-column-gap-default\">\n\t\t\t\t\t<div class=\"elementor-column elementor-col-100 elementor-top-column elementor-element elementor-element-1101808\" data-id=\"1101808\" data-element_type=\"column\" data-e-type=\"column\">\n\t\t\t<div class=\"elementor-widget-wrap elementor-element-populated\">\n\t\t\t\t\t\t<div class=\"elementor-element elementor-element-3eb5875 elementor-widget elementor-widget-video\" data-id=\"3eb5875\" data-element_type=\"widget\" data-e-type=\"widget\" data-settings=\"{&quot;youtube_url&quot;:&quot;https:\\\/\\\/youtu.be\\\/HYyyjLe63X4&quot;,&quot;video_type&quot;:&quot;youtube&quot;,&quot;controls&quot;:&quot;yes&quot;}\" data-widget_type=\"video.default\">\n\t\t\t\t<div class=\"elementor-widget-container\">\n\t\t\t\t\t\t\t<div class=\"elementor-wrapper elementor-open-inline\">\n\t\t\t<div class=\"elementor-video\"><\/div>\t\t<\/div>\n\t\t\t\t\t\t<\/div>\n\t\t\t\t<\/div>\n\t\t\t\t\t<\/div>\n\t\t<\/div>\n\t\t\t\t\t<\/div>\n\t\t<\/section>\n\t\t\t\t<section class=\"elementor-section elementor-top-section elementor-element elementor-element-cc30f1d elementor-section-boxed elementor-section-height-default elementor-section-height-default\" data-id=\"cc30f1d\" data-element_type=\"section\" data-e-type=\"section\">\n\t\t\t\t\t\t<div class=\"elementor-container elementor-column-gap-default\">\n\t\t\t\t\t<div class=\"elementor-column elementor-col-100 elementor-top-column elementor-element elementor-element-23a5559\" data-id=\"23a5559\" data-element_type=\"column\" data-e-type=\"column\">\n\t\t\t<div class=\"elementor-widget-wrap elementor-element-populated\">\n\t\t\t\t\t\t<section class=\"elementor-section elementor-inner-section elementor-element elementor-element-12c8962 elementor-section-boxed elementor-section-height-default elementor-section-height-default\" data-id=\"12c8962\" data-element_type=\"section\" data-e-type=\"section\">\n\t\t\t\t\t\t<div class=\"elementor-container elementor-column-gap-default\">\n\t\t\t\t\t<div class=\"elementor-column elementor-col-33 elementor-inner-column elementor-element elementor-element-3de0f38\" data-id=\"3de0f38\" data-element_type=\"column\" data-e-type=\"column\">\n\t\t\t<div class=\"elementor-widget-wrap elementor-element-populated\">\n\t\t\t\t\t\t<div class=\"elementor-element elementor-element-6407a0e elementor-widget elementor-widget-text-editor\" data-id=\"6407a0e\" data-element_type=\"widget\" data-e-type=\"widget\" data-widget_type=\"text-editor.default\">\n\t\t\t\t<div class=\"elementor-widget-container\">\n\t\t\t\t\t\t\t\t\t<h1>Nie wieder feste Phosphat-Adsorber benutzen?<\/h1><h4>Lanthanchlorid macht vieles einfacher und g\u00fcnstiger, wenn es richtig eingesetzt wird.<\/h4><p><a href=\"https:\/\/server.toms-korallen.de\/http:\/\/server.toms-korallen.de\/wp-content\/uploads\/2022\/02\/TomsKorallen-Lanthan.pdf\">Hier die Pr\u00e4sentation aus dem Video herunterladen<\/a><\/p>\t\t\t\t\t\t\t\t<\/div>\n\t\t\t\t<\/div>\n\t\t\t\t\t<\/div>\n\t\t<\/div>\n\t\t\t\t<div class=\"elementor-column elementor-col-33 elementor-inner-column elementor-element elementor-element-76b116b\" data-id=\"76b116b\" data-element_type=\"column\" data-e-type=\"column\">\n\t\t\t<div class=\"elementor-widget-wrap elementor-element-populated\">\n\t\t\t\t\t\t<div class=\"elementor-element elementor-element-445c313 elementor-widget elementor-widget-image\" data-id=\"445c313\" data-element_type=\"widget\" data-e-type=\"widget\" data-widget_type=\"image.default\">\n\t\t\t\t<div class=\"elementor-widget-container\">\n\t\t\t\t\t\t\t\t\t\t\t\t<figure class=\"wp-caption\">\n\t\t\t\t\t\t\t\t\t\t\t<a href=\"https:\/\/server.toms-korallen.de\/http:\/\/server.toms-korallen.de\/wp-content\/uploads\/2022\/02\/TomsKorallen-Lanthan.pdf\">\n\t\t\t\t\t\t\t<img fetchpriority=\"high\" decoding=\"async\" width=\"900\" height=\"506\" src=\"https:\/\/toms-korallen.de\/wp-content\/uploads\/2022\/02\/Folie2-jpg-1024x576.webp\" class=\"attachment-large size-large wp-image-21996\" alt=\"\" srcset=\"https:\/\/toms-korallen.de\/wp-content\/uploads\/2022\/02\/Folie2-jpg-1024x576.webp 1024w, https:\/\/toms-korallen.de\/wp-content\/uploads\/2022\/02\/Folie2-jpg-300x169.webp 300w, https:\/\/toms-korallen.de\/wp-content\/uploads\/2022\/02\/Folie2-jpg-768x432.webp 768w, https:\/\/toms-korallen.de\/wp-content\/uploads\/2022\/02\/Folie2-jpg-920x518.webp 920w, https:\/\/toms-korallen.de\/wp-content\/uploads\/2022\/02\/Folie2-jpg.webp 1280w\" sizes=\"(max-width: 900px) 100vw, 900px\">\t\t\t\t\t\t\t\t<\/a>\n\t\t\t\t\t\t\t\t\t\t\t<figcaption class=\"widget-image-caption wp-caption-text\"><\/figcaption>\n\t\t\t\t\t\t\t\t\t\t<\/figure>\n\t\t\t\t\t\t\t\t\t<\/div>\n\t\t\t\t<\/div>\n\t\t\t\t\t<\/div>\n\t\t<\/div>\n\t\t\t\t<div class=\"elementor-column elementor-col-33 elementor-inner-column elementor-element elementor-element-12aee45\" data-id=\"12aee45\" data-element_type=\"column\" data-e-type=\"column\">\n\t\t\t<div class=\"elementor-widget-wrap elementor-element-populated\">\n\t\t\t\t\t\t<div class=\"elementor-element elementor-element-223563d elementor-widget elementor-widget-image\" data-id=\"223563d\" data-element_type=\"widget\" data-e-type=\"widget\" data-widget_type=\"image.default\">\n\t\t\t\t<div class=\"elementor-widget-container\">\n\t\t\t\t\t\t\t\t\t\t\t\t<figure class=\"wp-caption\">\n\t\t\t\t\t\t\t\t\t\t\t<a href=\"https:\/\/tinyreef.de\/produkt\/tropic-marin-elimi-phos-rapid-500ml\/\" rel=\"nofollow noopener\" target=\"_blank\">\n\t\t\t\t\t\t\t<img decoding=\"async\" src=\"https:\/\/server.toms-korallen.de\/http:\/\/server.toms-korallen.de\/wp-content\/uploads\/2024\/10\/G1674224725.png\" title=\"\" alt=\"\" loading=\"lazy\">\t\t\t\t\t\t\t\t<\/a>\n\t\t\t\t\t\t\t\t\t\t\t<figcaption class=\"widget-image-caption wp-caption-text\">Elimi Phos Rapid gibt's bei TinyReef.de<\/figcaption>\n\t\t\t\t\t\t\t\t\t\t<\/figure>\n\t\t\t\t\t\t\t\t\t<\/div>\n\t\t\t\t<\/div>\n\t\t\t\t\t<\/div>\n\t\t<\/div>\n\t\t\t\t\t<\/div>\n\t\t<\/section>\n\t\t\t\t\t<\/div>\n\t\t<\/div>\n\t\t\t\t\t<\/div>\n\t\t<\/section>\n\t\t\t\t<section class=\"elementor-section elementor-top-section elementor-element elementor-element-e9dbc97 elementor-section-boxed elementor-section-height-default elementor-section-height-default\" data-id=\"e9dbc97\" data-element_type=\"section\" data-e-type=\"section\">\n\t\t\t\t\t\t<div class=\"elementor-container elementor-column-gap-default\">\n\t\t\t\t\t<div class=\"elementor-column elementor-col-50 elementor-top-column elementor-element elementor-element-2cfe8c4\" data-id=\"2cfe8c4\" data-element_type=\"column\" data-e-type=\"column\">\n\t\t\t<div class=\"elementor-widget-wrap elementor-element-populated\">\n\t\t\t\t\t\t<div class=\"elementor-element elementor-element-e10c4fe elementor-widget elementor-widget-image\" data-id=\"e10c4fe\" data-element_type=\"widget\" data-e-type=\"widget\" data-widget_type=\"image.default\">\n\t\t\t\t<div class=\"elementor-widget-container\">\n\t\t\t\t\t\t\t\t\t\t\t\t<figure class=\"wp-caption\">\n\t\t\t\t\t\t\t\t\t\t<img decoding=\"async\" width=\"900\" height=\"900\" src=\"https:\/\/toms-korallen.de\/wp-content\/uploads\/2019\/12\/DSCF2541-jpg-1024x1024.webp\" class=\"attachment-large size-large wp-image-790\" alt=\"\" srcset=\"https:\/\/toms-korallen.de\/wp-content\/uploads\/2019\/12\/DSCF2541-jpg-1024x1024.webp 1024w, https:\/\/toms-korallen.de\/wp-content\/uploads\/2019\/12\/DSCF2541-jpg-300x300.webp 300w, https:\/\/toms-korallen.de\/wp-content\/uploads\/2019\/12\/DSCF2541-jpg-150x150.webp 150w, https:\/\/toms-korallen.de\/wp-content\/uploads\/2019\/12\/DSCF2541-jpg-768x768.webp 768w, https:\/\/toms-korallen.de\/wp-content\/uploads\/2019\/12\/DSCF2541-jpg-1536x1536.webp 1536w, https:\/\/toms-korallen.de\/wp-content\/uploads\/2019\/12\/DSCF2541-jpg-350x350.webp 350w, https:\/\/toms-korallen.de\/wp-content\/uploads\/2019\/12\/DSCF2541-jpg-920x920.webp 920w, https:\/\/toms-korallen.de\/wp-content\/uploads\/2019\/12\/DSCF2541-jpg-100x100.webp 100w, https:\/\/toms-korallen.de\/wp-content\/uploads\/2019\/12\/DSCF2541-jpg.webp 2000w\" sizes=\"(max-width: 900px) 100vw, 900px\">\t\t\t\t\t\t\t\t\t\t\t<figcaption class=\"widget-image-caption wp-caption-text\">Acropora anthoceris \"Smurfs Puke\" \ud83d\ude09<\/figcaption>\n\t\t\t\t\t\t\t\t\t\t<\/figure>\n\t\t\t\t\t\t\t\t\t<\/div>\n\t\t\t\t<\/div>\n\t\t\t\t\t<\/div>\n\t\t<\/div>\n\t\t\t\t<div class=\"elementor-column elementor-col-50 elementor-top-column elementor-element elementor-element-8238908\" data-id=\"8238908\" data-element_type=\"column\" data-e-type=\"column\">\n\t\t\t<div class=\"elementor-widget-wrap elementor-element-populated\">\n\t\t\t\t\t\t<div class=\"elementor-element elementor-element-8115f1b elementor-widget elementor-widget-text-editor\" data-id=\"8115f1b\" data-element_type=\"widget\" data-e-type=\"widget\" data-widget_type=\"text-editor.default\">\n\t\t\t\t<div class=\"elementor-widget-container\">\n\t\t\t\t\t\t\t\t\t<p>W\u00e4hrend sich Nitrat am einfachsten biologisch unter Kontrolle halten l\u00e4sst, gibt es f\u00fcr Phosphat eine recht einfache chemische L\u00f6sung. Mit Lanthanchlorid l\u00e4sst es sich recht pr\u00e4zise aus dem Wasser entfernen. Dieser Stoff ist mitunter in dem Mittel Elimi Phos Rapid von Tropic Marin enthalten. Laut Herstellerangabe f\u00e4llen 10ml Elimi Phos Rapid bis zu 1mg\/l Po4 in 100l Aquariumwasser aus. Diese Angaben kann ich best\u00e4tigen. Somit l\u00e4sst sich sehr genau berechnen, wie viel Phosphat man mit der Zugabe von Elimi Phos Rapid aus dem Becken entfernen m\u00f6chte.<\/p><p>Das enthaltene Lanthanchlorid f\u00e4llt gr\u00f6\u00dftenteils als Lanthanphosphat aus. Dieses ist quasi dauerhaft gebunden, weil Lanthanphosphat im Rahmen unserer Meerwasser-Wasserwerte nicht r\u00fcckl\u00f6sbar ist. Dennoch sollte man es aus dem Becken entfernen, da Lanthan mindergiftig ist und man gr\u00f6\u00dfere Ansammlungen vermeiden sollte.<br \/>Am besten kann man das ausgef\u00e4llte Lanthanphosphat entfernen, indem mal das Lanthanchlorid direkt in den Absch\u00e4umer eintropft oder es in den Zulauf eines Vliesfilters gibt. Das Lanthanchlorid f\u00e4llt sehr schnell zu einer klebrigen Masse aus und wird zum gr\u00f6\u00dften Teil vom Vlies gebunden oder sofort abgesch\u00e4umt.<\/p>\t\t\t\t\t\t\t\t<\/div>\n\t\t\t\t<\/div>\n\t\t\t\t\t<\/div>\n\t\t<\/div>\n\t\t\t\t\t<\/div>\n\t\t<\/section>\n\t\t\t\t<section class=\"elementor-section elementor-top-section elementor-element elementor-element-fdcf0eb elementor-section-boxed elementor-section-height-default elementor-section-height-default\" data-id=\"fdcf0eb\" data-element_type=\"section\" data-e-type=\"section\">\n\t\t\t\t\t\t<div class=\"elementor-container elementor-column-gap-default\">\n\t\t\t\t\t<div class=\"elementor-column elementor-col-100 elementor-top-column elementor-element elementor-element-a51480f\" data-id=\"a51480f\" data-element_type=\"column\" data-e-type=\"column\">\n\t\t\t<div class=\"elementor-widget-wrap elementor-element-populated\">\n\t\t\t\t\t\t<div class=\"elementor-element elementor-element-1fec4ef elementor-widget elementor-widget-text-editor\" data-id=\"1fec4ef\" data-element_type=\"widget\" data-e-type=\"widget\" data-widget_type=\"text-editor.default\">\n\t\t\t\t<div class=\"elementor-widget-container\">\n\t\t\t\t\t\t\t\t\t<p>Tropic Marin gibt an, dass Elimi Phos Rapid bis zu einer maximalen Absenkung auf 0.2mg\/l benutzt werden soll. Man kann jedoch mit einem Kniff bis auf 0,01mg\/l genau den Po4-Wert im Wasser steuern. Dies funktioniert, wenn das Lanthanchlorid stark genug verd\u00fcnnt wird und anstatt sto\u00dfweise besser permanent zugegeben wird.<\/p><p>Bei meiner Anlage strecke ich die berechnete Menge Elimi Phos Rapid mit 5l Osmosewasser und gebe diese in einer Dauerdosierung \u00fcber einen Zeitraum von einer Woche dem Becken zu. Somit wird immer nur sehr wenig Elimi Phos Rapid dosiert und das im Wasser gel\u00f6ste Phosphat wird langsam gebunden. Das ist wichtig, denn eine zu schnelle Absenkung schadet den Korallen. Zudem gibt es Berichte, dass die Ausf\u00e4llungsprodukte sich in den Kiemen von Fischen ablagern k\u00f6nnen und etwa Doktorfische daran zugrunde gehen. Deswegen w\u00fcrde ich nicht empfehlen, das Mittel direkt ins Becken zu geben.<\/p><p><strong>Tipp: Das gel\u00f6ste Lanthanchlorid sollte nicht vor Pumpen oder unter Wasser einged\u00fcst werden, da dies den Austritt des Schlauches oder die Pumpe verkleben kann. Mir ist dadurch eine Pumpe zerst\u00f6rt worden.\u00a0<\/strong><\/p>\t\t\t\t\t\t\t\t<\/div>\n\t\t\t\t<\/div>\n\t\t\t\t\t<\/div>\n\t\t<\/div>\n\t\t\t\t\t<\/div>\n\t\t<\/section>\n\t\t<div class=\"elementor-element elementor-element-200406b e-flex e-con-boxed e-con e-parent\" data-id=\"200406b\" data-element_type=\"container\" data-e-type=\"container\">\n\t\t\t\t\t<div class=\"e-con-inner\">\n\t\t\t\t<div class=\"elementor-element elementor-element-e1859d5 elementor-widget elementor-widget-woocommerce-products\" data-id=\"e1859d5\" data-element_type=\"widget\" data-e-type=\"widget\" data-widget_type=\"woocommerce-products.default\">\n\t\t\t\t<div class=\"elementor-widget-container\">\n\t\t\t\t\t \t\t\t\t<\/div>\n\t\t\t\t<\/div>\n\t\t\t\t\t<\/div>\n\t\t\t\t<\/div>\n\t\t\t\t<section class=\"elementor-section elementor-top-section elementor-element elementor-element-2a58a61 elementor-section-boxed elementor-section-height-default elementor-section-height-default\" data-id=\"2a58a61\" data-element_type=\"section\" data-e-type=\"section\">\n\t\t\t\t\t\t<div class=\"elementor-container elementor-column-gap-default\">\n\t\t\t\t\t<div class=\"elementor-column elementor-col-100 elementor-top-column elementor-element elementor-element-c8e180c\" data-id=\"c8e180c\" data-element_type=\"column\" data-e-type=\"column\">\n\t\t\t<div class=\"elementor-widget-wrap elementor-element-populated\">\n\t\t\t\t\t\t<div class=\"elementor-element elementor-element-42820d4 elementor-widget elementor-widget-text-editor\" data-id=\"42820d4\" data-element_type=\"widget\" data-e-type=\"widget\" data-widget_type=\"text-editor.default\">\n\t\t\t\t<div class=\"elementor-widget-container\">\n\t\t\t\t\t\t\t\t\t<h4>Der Behandlungszyklus:<\/h4>\n<p style=\"margin-left: 36.0pt; text-indent: -18.0pt; mso-list: l0 level1 lfo1;\"><!-- [if !supportLists]-->1.<span style=\"font-variant-numeric: normal; font-variant-east-asian: normal; font-stretch: normal; font-size: 7pt; line-height: normal; font-family: 'Times New Roman';\">&nbsp;&nbsp;&nbsp;&nbsp;&nbsp; <\/span><!--[endif]-->Ben\u00f6tigte Menge Elimi Phos Rapid berechnen<br>Zun\u00e4chst sollte man den Po4-Wert ermitteln und notieren.<br>Pro Woche sollte man den Po4-Wert um maximal 0,07mg\/l senken, da die Korallen sonst Schaden nehmen k\u00f6nnten. Auch wenn man den Phosphatgehalt deutlich schneller dr\u00fccken kann, w\u00fcrde ich dieses nicht empfehlen.<br>Um bei meinen 3000l Wasservolumen Po4 um 0,1mg\/l zu senken, br\u00e4uchte ich also eine Menge von gerade mal 30ml Elimi Phos rapid.<\/p>\n<p style=\"margin-left: 36.0pt; text-indent: -18.0pt; mso-list: l0 level1 lfo1;\"><!-- [if !supportLists]-->2.<span style=\"font-variant-numeric: normal; font-variant-east-asian: normal; font-stretch: normal; font-size: 7pt; line-height: normal; font-family: 'Times New Roman';\">&nbsp;&nbsp;&nbsp;&nbsp;&nbsp; <\/span><!--[endif]-->Dosierpumpe r\u00fcsten<br>Meine Dosierpumpe gibt pro Woche 5l zu. Dazu habe ich einen 5l-Kanister, den ich zu Beginn der Periode mit Osmosewasser auff\u00fclle. Auf diese 5l wird dann die berechnete Menge Elimi Phos Rapid gegeben.<\/p>\n<p style=\"margin-left: 36.0pt; text-indent: -18.0pt; mso-list: l0 level1 lfo1;\"><!-- [if !supportLists]-->3.<span style=\"font-variant-numeric: normal; font-variant-east-asian: normal; font-stretch: normal; font-size: 7pt; line-height: normal; font-family: 'Times New Roman';\">&nbsp;&nbsp;&nbsp;&nbsp;&nbsp; <\/span><!--[endif]-->Auswertung und Neuberechnung<br>Wenn die 5l dosiert wurden, wird wieder der Phosphatgehalt im Wasser bestimmt. Ist dieser um den berechneten Anteil gesunken? Wenn nicht, liegt das daran, dass h\u00f6chstwahrscheinlich Phosphatdepots in L\u00f6sung gegangen sind und das Defizit im Freiwasser ausgeglichen haben. Das ist normal und geschieht so lange, bis die Depots aufgebraucht sind \u2013 \u00fcbrigens ein sehr praktischer Nebeneffekt.<br>Nun geht es in den n\u00e4chsten Zyklus, wieder zu 1.<\/p>\t\t\t\t\t\t\t\t<\/div>\n\t\t\t\t<\/div>\n\t\t\t\t\t<\/div>\n\t\t<\/div>\n\t\t\t\t\t<\/div>\n\t\t<\/section>\n\t\t\t\t<section class=\"elementor-section elementor-top-section elementor-element elementor-element-d88a78a elementor-section-boxed elementor-section-height-default elementor-section-height-default\" data-id=\"d88a78a\" data-element_type=\"section\" data-e-type=\"section\">\n\t\t\t\t\t\t<div class=\"elementor-container elementor-column-gap-default\">\n\t\t\t\t\t<div class=\"elementor-column elementor-col-100 elementor-top-column elementor-element elementor-element-f3a768d\" data-id=\"f3a768d\" data-element_type=\"column\" data-e-type=\"column\">\n\t\t\t<div class=\"elementor-widget-wrap elementor-element-populated\">\n\t\t\t\t\t\t<div class=\"elementor-element elementor-element-d70bfff elementor-widget elementor-widget-text-editor\" data-id=\"d70bfff\" data-element_type=\"widget\" data-e-type=\"widget\" data-widget_type=\"text-editor.default\">\n\t\t\t\t<div class=\"elementor-widget-container\">\n\t\t\t\t\t\t\t\t\t<p>Dies wiederholt man nun so lange, bis der Zielwert erreicht ist.<\/p>\t\t\t\t\t\t\t\t<\/div>\n\t\t\t\t<\/div>\n\t\t\t\t\t<\/div>\n\t\t<\/div>\n\t\t\t\t\t<\/div>\n\t\t<\/section>\n\t\t\t\t<section class=\"elementor-section elementor-top-section elementor-element elementor-element-7d3742b elementor-section-boxed elementor-section-height-default elementor-section-height-default\" data-id=\"7d3742b\" data-element_type=\"section\" data-e-type=\"section\">\n\t\t\t\t\t\t\t<div class=\"elementor-background-overlay\"><\/div>\n\t\t\t\t\t\t\t<div class=\"elementor-container elementor-column-gap-default\">\n\t\t\t\t\t<div class=\"elementor-column elementor-col-100 elementor-top-column elementor-element elementor-element-03d86f5\" data-id=\"03d86f5\" data-element_type=\"column\" data-e-type=\"column\">\n\t\t\t<div class=\"elementor-widget-wrap elementor-element-populated\">\n\t\t\t\t\t\t<div class=\"elementor-element elementor-element-413e7a7 elementor-widget elementor-widget-text-editor\" data-id=\"413e7a7\" data-element_type=\"widget\" data-e-type=\"widget\" data-widget_type=\"text-editor.default\">\n\t\t\t\t<div class=\"elementor-widget-container\">\n\t\t\t\t\t\t\t\t\t<p><strong>Nochmal zur Erinnerung:<\/strong><\/p><p>Das optimale <strong>Verh\u00e4ltnis von No3 zu Po4 ist in etwa 1:100<\/strong>. Wenn dieses erreicht ist, sollte Po4 nicht weiter unabh\u00e4ngig von No3 reduziert werden. Hier macht dann wieder der Einsatz von Bakterien und einer Kohlenstoffquelle Sinn.<\/p>\t\t\t\t\t\t\t\t<\/div>\n\t\t\t\t<\/div>\n\t\t\t\t\t<\/div>\n\t\t<\/div>\n\t\t\t\t\t<\/div>\n\t\t<\/section>\n\t\t<div class=\"elementor-element elementor-element-1ff8104 e-flex e-con-boxed e-con e-parent\" data-id=\"1ff8104\" data-element_type=\"container\" data-e-type=\"container\">\n\t\t\t\t\t<div class=\"e-con-inner\">\n\t\t\t\t\t<\/div>\n\t\t\t\t<\/div>\n\t\t\t\t<\/div>\n\t\t","protected":false},"excerpt":{"rendered":"<p>https:\/\/youtu.be\/HYyyjLe63X4 Nie wieder feste Phosphat-Adsorber benutzen? Lanthanchlorid macht vieles einfacher und g\u00fcnstiger, wenn es richtig eingesetzt wird. Hier die Pr\u00e4sentation aus dem Video herunterladen Elimi Phos Rapid gibt&#8217;s bei TinyReef.de Acropora anthoceris &#8220;Smurfs Puke&#8221; \ud83d\ude09 W\u00e4hrend sich Nitrat am einfachsten biologisch unter Kontrolle halten l\u00e4sst, gibt es f\u00fcr Phosphat eine recht einfache chemische L\u00f6sung. Mit [&hellip;]<\/p>\n","protected":false},"author":145,"featured_media":0,"parent":0,"menu_order":0,"comment_status":"closed","ping_status":"closed","template":"","meta":{"_acf_changed":false,"footnotes":""},"class_list":["post-787","page","type-page","status-publish","hentry"],"acf":[],"jetpack_sharing_enabled":true,"_links":{"self":[{"href":"https:\/\/toms-korallen.de\/es\/wp-json\/wp\/v2\/pages\/787","targetHints":{"allow":["GET"]}}],"collection":[{"href":"https:\/\/toms-korallen.de\/es\/wp-json\/wp\/v2\/pages"}],"about":[{"href":"https:\/\/toms-korallen.de\/es\/wp-json\/wp\/v2\/types\/page"}],"author":[{"embeddable":true,"href":"https:\/\/toms-korallen.de\/es\/wp-json\/wp\/v2\/users\/145"}],"replies":[{"embeddable":true,"href":"https:\/\/toms-korallen.de\/es\/wp-json\/wp\/v2\/comments?post=787"}],"version-history":[{"count":0,"href":"https:\/\/toms-korallen.de\/es\/wp-json\/wp\/v2\/pages\/787\/revisions"}],"wp:attachment":[{"href":"https:\/\/toms-korallen.de\/es\/wp-json\/wp\/v2\/media?parent=787"}],"curies":[{"name":"wp","href":"https:\/\/api.w.org\/{rel}","templated":true}]}}