{"id":87305,"date":"2026-03-27T15:00:02","date_gmt":"2026-03-27T14:00:02","guid":{"rendered":"https:\/\/toms-korallen.de\/?post_type=product&#038;p=87305"},"modified":"2026-04-23T18:43:41","modified_gmt":"2026-04-23T16:43:41","slug":"aqualed-acrylglashalter","status":"publish","type":"product","link":"https:\/\/toms-korallen.de\/en\/aqualed-acrylglashalter\/","title":{"rendered":"aquaBAR Acrylglashalter"},"content":{"rendered":"<div class=\"product__description rte quick-add-hidden\">\n<h1>aquaBAR Acrylglashalter<\/h1>\n<p>Vielseitige Multifunktionshalter zur Auflage der aquaBAR mit Abstand \u00fcber dem Aquarienrand.<br \/>\nEin Set (2 St\u00fcck) \u2013 ausreichend f\u00fcr eine Beleuchtungseinheit.<\/p>\n<h3>Bietet die M\u00f6glichkeit f\u00fcr zwei verschiedene H\u00f6hen:<\/h3>\n<ul>\n<li>6cm<\/li>\n<li>11cm<\/li>\n<\/ul>\n<p>Au\u00dferdem kann die Beleuchtung damit auch gekippt angebracht werden und leuchtet so noch mehr ins Aquarium.<\/p>\n<\/div>","protected":false},"excerpt":{"rendered":"<p>3-5 Werktage<\/p>","protected":false},"featured_media":87320,"comment_status":"open","ping_status":"closed","template":"","meta":{"_acf_changed":false},"origin":[],"product_brand":[],"product_cat":[466,500,501],"product_tag":[],"class_list":{"0":"post-87305","1":"product","2":"type-product","3":"status-publish","4":"has-post-thumbnail","6":"product_cat-technik-zubehoer","7":"product_cat-beleuchtung","8":"product_cat-aqualeds","9":"product_shipping_class-standardversand","11":"first","12":"instock","13":"featured","14":"taxable","15":"shipping-taxable","16":"purchasable","17":"product-type-simple"},"acf":[],"_links":{"self":[{"href":"https:\/\/toms-korallen.de\/en\/wp-json\/wp\/v2\/product\/87305","targetHints":{"allow":["GET"]}}],"collection":[{"href":"https:\/\/toms-korallen.de\/en\/wp-json\/wp\/v2\/product"}],"about":[{"href":"https:\/\/toms-korallen.de\/en\/wp-json\/wp\/v2\/types\/product"}],"replies":[{"embeddable":true,"href":"https:\/\/toms-korallen.de\/en\/wp-json\/wp\/v2\/comments?post=87305"}],"version-history":[{"count":0,"href":"https:\/\/toms-korallen.de\/en\/wp-json\/wp\/v2\/product\/87305\/revisions"}],"wp:featuredmedia":[{"embeddable":true,"href":"https:\/\/toms-korallen.de\/en\/wp-json\/wp\/v2\/media\/87320"}],"wp:attachment":[{"href":"https:\/\/toms-korallen.de\/en\/wp-json\/wp\/v2\/media?parent=87305"}],"wp:term":[{"taxonomy":"origin","embeddable":true,"href":"https:\/\/toms-korallen.de\/en\/wp-json\/wp\/v2\/origin?post=87305"},{"taxonomy":"product_brand","embeddable":true,"href":"https:\/\/toms-korallen.de\/en\/wp-json\/wp\/v2\/product_brand?post=87305"},{"taxonomy":"product_cat","embeddable":true,"href":"https:\/\/toms-korallen.de\/en\/wp-json\/wp\/v2\/product_cat?post=87305"},{"taxonomy":"product_tag","embeddable":true,"href":"https:\/\/toms-korallen.de\/en\/wp-json\/wp\/v2\/product_tag?post=87305"}],"curies":[{"name":"wp","href":"https:\/\/api.w.org\/{rel}","templated":true}]}}