{"id":83361,"date":"2025-12-10T11:02:52","date_gmt":"2025-12-10T10:02:52","guid":{"rendered":"https:\/\/toms-korallen.de\/?post_type=product&#038;p=83361"},"modified":"2026-05-01T22:50:10","modified_gmt":"2026-05-01T20:50:10","slug":"monetaria-annulus-goldring-kauri","status":"publish","type":"product","link":"https:\/\/toms-korallen.de\/en\/monetaria-annulus-goldring-kauri\/","title":{"rendered":"Monetaria annulus \u2018Goldring Kauri\u2019"},"content":{"rendered":"<h2 data-start=\"0\" data-end=\"78\">Monetaria annulus - The elegant gold ring cowrie for the marine aquarium<\/h2>\n<h3 data-start=\"80\" data-end=\"113\"><strong data-start=\"84\" data-end=\"113\">Description and features<\/strong><\/h3>\n<p data-start=\"115\" data-end=\"548\"><em data-start=\"115\" data-end=\"134\">Monetaria annulus<\/em>, also known as the golden-ringed cowrie, is a small to medium-sized cowrie snail with a characteristic, shiny shell surface. The shell has a light to cream-colored base with the typical golden-yellow ring on the dorsal surface - an unmistakable feature of this species. The underside is smooth and slightly serrated, as is typical for cowries. With a size of 2-4 cm, it remains manageable and decorative.<\/p>\n<h3 data-start=\"550\" data-end=\"587\"><strong data-start=\"554\" data-end=\"587\">Keeping in a marine aquarium<\/strong><\/h3>\n<p data-start=\"589\" data-end=\"1034\">The golden-ringed cowrie is a robust and peaceful snail that is well suited to reef aquariums of various sizes. It is mainly nocturnal and often spends the day in caves or under rocks. It can easily be kept with fish, shrimps and most invertebrates.<\/p>\n<h3 data-start=\"1036\" data-end=\"1064\"><strong data-start=\"1040\" data-end=\"1064\">Care and nutrition<\/strong><\/h3>\n<p data-start=\"1066\" data-end=\"1379\"><em data-start=\"1066\" data-end=\"1085\">Monetaria annulus<\/em> feeds mainly on algae films, biofilms and detritus. It thus contributes to the cleanliness of rocks and glass surfaces. In very clean aquaria, it can be supplemented with nori algae or fine frozen food. A well-established tank with sufficient growth is ideal.<\/p>\n<p data-start=\"1381\" data-end=\"1568\" data-is-last-node=\"\" data-is-only-node=\"\">With its shiny gold ring, elegant body and useful cleaning work, the gold ring cowrie is an attractive and easy-to-care-for inhabitant of any marine aquarium.<\/p>","protected":false},"excerpt":{"rendered":"<p>Monetaria annulus \u2013 Die elegante Goldring-Kauri f\u00fcr das Meerwasseraquarium Beschreibung und Merkmale Monetaria annulus, auch Goldring-Kauri genannt, ist eine kleine bis mittelgro\u00dfe Kaurischnecke mit charakteristischer, gl\u00e4nzender Geh\u00e4useoberfl\u00e4che. Das Geh\u00e4use zeigt eine helle bis cremefarbene Grundfarbe mit dem typischen goldgelben Ring auf der R\u00fcckenfl\u00e4che \u2013 ein unverkennbares Merkmal dieser Art. Die Unterseite ist glatt und leicht [&hellip;]<\/p>\n","protected":false},"featured_media":83350,"comment_status":"open","ping_status":"closed","template":"","meta":{"_acf_changed":false},"origin":[],"product_brand":[],"product_cat":[483,484],"product_tag":[],"class_list":{"0":"post-83361","1":"product","2":"type-product","3":"status-publish","4":"has-post-thumbnail","6":"product_cat-wirbellose","7":"product_cat-schnecken","8":"product_shipping_class-lebendtierversand","10":"first","11":"outofstock","12":"taxable","13":"shipping-taxable","14":"purchasable","15":"product-type-simple"},"acf":[],"_links":{"self":[{"href":"https:\/\/toms-korallen.de\/en\/wp-json\/wp\/v2\/product\/83361","targetHints":{"allow":["GET"]}}],"collection":[{"href":"https:\/\/toms-korallen.de\/en\/wp-json\/wp\/v2\/product"}],"about":[{"href":"https:\/\/toms-korallen.de\/en\/wp-json\/wp\/v2\/types\/product"}],"replies":[{"embeddable":true,"href":"https:\/\/toms-korallen.de\/en\/wp-json\/wp\/v2\/comments?post=83361"}],"version-history":[{"count":0,"href":"https:\/\/toms-korallen.de\/en\/wp-json\/wp\/v2\/product\/83361\/revisions"}],"wp:featuredmedia":[{"embeddable":true,"href":"https:\/\/toms-korallen.de\/en\/wp-json\/wp\/v2\/media\/83350"}],"wp:attachment":[{"href":"https:\/\/toms-korallen.de\/en\/wp-json\/wp\/v2\/media?parent=83361"}],"wp:term":[{"taxonomy":"origin","embeddable":true,"href":"https:\/\/toms-korallen.de\/en\/wp-json\/wp\/v2\/origin?post=83361"},{"taxonomy":"product_brand","embeddable":true,"href":"https:\/\/toms-korallen.de\/en\/wp-json\/wp\/v2\/product_brand?post=83361"},{"taxonomy":"product_cat","embeddable":true,"href":"https:\/\/toms-korallen.de\/en\/wp-json\/wp\/v2\/product_cat?post=83361"},{"taxonomy":"product_tag","embeddable":true,"href":"https:\/\/toms-korallen.de\/en\/wp-json\/wp\/v2\/product_tag?post=83361"}],"curies":[{"name":"wp","href":"https:\/\/api.w.org\/{rel}","templated":true}]}}