{"id":83352,"date":"2025-12-10T10:46:05","date_gmt":"2025-12-10T09:46:05","guid":{"rendered":"https:\/\/toms-korallen.de\/?post_type=product&#038;p=83352"},"modified":"2026-05-03T22:22:15","modified_gmt":"2026-05-03T20:22:15","slug":"tripneustes-gratilla-peacock-hat-sea-urchin","status":"publish","type":"product","link":"https:\/\/toms-korallen.de\/en\/tripneustes-gratilla-pfaffenhut-seeigel\/","title":{"rendered":"Tripneustes gratilla \u2018Pfaffenhut sea urchin\u2019"},"content":{"rendered":"<h2 data-start=\"0\" data-end=\"92\">Tripneustes gratilla - The colorful peacock urchin for the marine aquarium<\/h2>\n<h3 data-start=\"94\" data-end=\"127\"><strong data-start=\"98\" data-end=\"127\">Description and features<\/strong><\/h3>\n<p data-start=\"129\" data-end=\"819\">The <em data-start=\"133\" data-end=\"155\">Tripneustes gratilla<\/em>, also known as the Peacock Urchin, Collector Urchin or sometimes \u201eSea Egg\u201c, is an eye-catching and extremely useful sea urchin for larger marine aquariums. Its name \u201ePfaffenhut\u201c is derived from its characteristic appearance: The round, densely spiny body is covered with colorful, often contrasting patterns that can range from white to brown to purple. Also typical are the numerous, sticky tube feet and pedicellariae, with which it likes to \u201ecollect\u201c small objects, algae or even grains of sand on its body - a behavior that gave it its English trivial name <em data-start=\"784\" data-end=\"802\">Collector Urchin<\/em> has contributed.<\/p>\n<p data-start=\"821\" data-end=\"1030\">With a diameter of up to 10-12 cm, it is one of the larger sea urchin species in the aquarium hobby and its lively, natural-looking play of colors makes it an impressive inhabitant in the reef aquarium.<\/p>\n<h3 data-start=\"1037\" data-end=\"1074\"><strong data-start=\"1041\" data-end=\"1074\">Keeping in a marine aquarium<\/strong><\/h3>\n<p data-start=\"1076\" data-end=\"1485\">The Pfaffenhut sea urchin is an extremely industrious algae eater and makes a significant contribution to biological cleaning in the aquarium. Its high feeding rate makes it particularly suitable for tanks with a sufficient amount of algae and stable water parameters. Due to its size and high nutritional requirements, it should preferably be kept in medium to large aquaria (from approx. 300 liters).<\/p>\n<p data-start=\"1487\" data-end=\"1941\"><em data-start=\"1487\" data-end=\"1509\">Tripneustes gratilla<\/em> is peaceful and can be safely kept with fish, crustacean anemones, shrimps and most corals. However, due to its \u201ecollecting behavior\u201c it can occasionally pick up loose coral offshoots or small pieces of decoration and carry them around - sensitive offshoots should therefore be well secured.<\/p>\n<h3 data-start=\"1948\" data-end=\"1976\"><strong data-start=\"1952\" data-end=\"1976\">Care and nutrition<\/strong><\/h3>\n<p data-start=\"1978\" data-end=\"2259\">The main food source of the <em data-start=\"2006\" data-end=\"2028\">Tripneustes gratilla<\/em> are algae growth, filamentous algae and microalgae. In well-established aquariums, it usually finds sufficient food, but its appetite can be so pronounced that targeted supplementary feeding makes sense. Particularly suitable are<\/p>\n<ul data-start=\"2261\" data-end=\"2365\">\n<li data-start=\"2261\" data-end=\"2282\">\n<p data-start=\"2263\" data-end=\"2282\">Nori seaweed leaves<\/p>\n<\/li>\n<li data-start=\"2283\" data-end=\"2317\">\n<p data-start=\"2285\" data-end=\"2317\">Spirulina-containing feed<\/p>\n<\/li>\n<li data-start=\"2318\" data-end=\"2365\">\n<p data-start=\"2320\" data-end=\"2365\">Special sea urchin or herbivore preparations<\/p>\n<\/li>\n<\/ul>\n<p data-start=\"2367\" data-end=\"2578\">Macroalgae such as <em data-start=\"2387\" data-end=\"2393\">Ulva<\/em> or <em data-start=\"2399\" data-end=\"2411\">Gracilaria<\/em> are readily accepted. A regular, secure food supply is important, as the Pfaffenhut sea urchin loses strength and becomes more vulnerable when there is a lack of food.<\/p>\n<p data-start=\"2580\" data-end=\"2879\" data-is-last-node=\"\" data-is-only-node=\"\">Due to its tireless care for algae and its interesting, often amusing behavior <em data-start=\"2677\" data-end=\"2699\">Tripneustes gratilla<\/em> an extremely useful and at the same time decorative fish - ideal for aquarists who have larger reef tanks and are looking for active support in controlling algae.<\/p>","protected":false},"excerpt":{"rendered":"<p>Tripneustes gratilla \u2013 Der farbenpr\u00e4chtige Pfaffenhut-Seeigel f\u00fcr das Meerwasseraquarium Beschreibung und Merkmale Der Tripneustes gratilla, auch als Pfaffenhut-Seeigel, Collector Urchin oder manchmal \u201eSea Egg\u201c bezeichnet, ist ein auff\u00e4lliger und \u00e4u\u00dferst n\u00fctzlicher Seeigel f\u00fcr gr\u00f6\u00dfere Meerwasseraquarien. Sein Name \u201ePfaffenhut\u201c leitet sich von seiner charakteristischen Erscheinung ab: Der runde, dicht bestachelte K\u00f6rper ist mit farbenfrohen, oft kontrastreichen [&hellip;]<\/p>\n","protected":false},"featured_media":83346,"comment_status":"open","ping_status":"closed","template":"","meta":{"_acf_changed":false},"origin":[],"product_brand":[],"product_cat":[483,485],"product_tag":[],"class_list":{"0":"post-83352","1":"product","2":"type-product","3":"status-publish","4":"has-post-thumbnail","6":"product_cat-wirbellose","7":"product_cat-seeigel","8":"product_shipping_class-lebendtierversand","10":"first","11":"instock","12":"taxable","13":"shipping-taxable","14":"purchasable","15":"product-type-simple"},"acf":[],"_links":{"self":[{"href":"https:\/\/toms-korallen.de\/en\/wp-json\/wp\/v2\/product\/83352","targetHints":{"allow":["GET"]}}],"collection":[{"href":"https:\/\/toms-korallen.de\/en\/wp-json\/wp\/v2\/product"}],"about":[{"href":"https:\/\/toms-korallen.de\/en\/wp-json\/wp\/v2\/types\/product"}],"replies":[{"embeddable":true,"href":"https:\/\/toms-korallen.de\/en\/wp-json\/wp\/v2\/comments?post=83352"}],"version-history":[{"count":0,"href":"https:\/\/toms-korallen.de\/en\/wp-json\/wp\/v2\/product\/83352\/revisions"}],"wp:featuredmedia":[{"embeddable":true,"href":"https:\/\/toms-korallen.de\/en\/wp-json\/wp\/v2\/media\/83346"}],"wp:attachment":[{"href":"https:\/\/toms-korallen.de\/en\/wp-json\/wp\/v2\/media?parent=83352"}],"wp:term":[{"taxonomy":"origin","embeddable":true,"href":"https:\/\/toms-korallen.de\/en\/wp-json\/wp\/v2\/origin?post=83352"},{"taxonomy":"product_brand","embeddable":true,"href":"https:\/\/toms-korallen.de\/en\/wp-json\/wp\/v2\/product_brand?post=83352"},{"taxonomy":"product_cat","embeddable":true,"href":"https:\/\/toms-korallen.de\/en\/wp-json\/wp\/v2\/product_cat?post=83352"},{"taxonomy":"product_tag","embeddable":true,"href":"https:\/\/toms-korallen.de\/en\/wp-json\/wp\/v2\/product_tag?post=83352"}],"curies":[{"name":"wp","href":"https:\/\/api.w.org\/{rel}","templated":true}]}}