{"id":82172,"date":"2025-11-18T17:23:52","date_gmt":"2025-11-18T16:23:52","guid":{"rendered":"https:\/\/toms-korallen.de\/?post_type=product&#038;p=82172"},"modified":"2026-05-01T22:50:10","modified_gmt":"2026-05-01T20:50:10","slug":"nerita-albicilla-oxtongue-nerita","status":"publish","type":"product","link":"https:\/\/toms-korallen.de\/en\/nerita-albicilla-ochsenzungen-nerita\/","title":{"rendered":"Nerita albicilla \u2018Ox-tongue Nerita\u2019"},"content":{"rendered":"<h1 data-start=\"0\" data-end=\"77\">Nerita albicilla - The ox-tongue Nerita as a reliable algae eater<\/h1>\n<h2 data-start=\"79\" data-end=\"109\">Description and features<\/h2>\n<p data-start=\"110\" data-end=\"800\">The <strong data-start=\"114\" data-end=\"134\">Nerita albicilla<\/strong>, also known as <strong data-start=\"153\" data-end=\"176\">Ox tongue nerita<\/strong>, is an extremely robust and active seawater snail that is particularly valued for its effective algae care. With its compact, usually dark-patterned shell and the characteristic light-colored underside of the shell, it is not only functional but also visually appealing. It reliably grazes <strong data-start=\"489\" data-end=\"521\">Algae, growth and biofilms<\/strong> from glass, stones and equipment and thus contributes significantly to the cleanliness and stability of the aquarium. Due to its high resistance, peaceful nature and continuous activity, it is ideal as a beneficial organism in reef tanks of any size.<\/p>","protected":false},"excerpt":{"rendered":"<p>Nerita albicilla \u2013 Die Ochsenzungen-Nerita als zuverl\u00e4ssiger Algenfresser Beschreibung und Merkmale Die Nerita albicilla, auch bekannt als Ochsenzungen-Nerita, ist eine \u00e4u\u00dferst robuste und aktive Meerwasserschnecke, die besonders f\u00fcr ihre effektive Algenpflege gesch\u00e4tzt wird. Mit ihrem kompakten, meist dunkel gemusterten Geh\u00e4use und der charakteristischen, hellen Geh\u00e4useunterseite ist sie nicht nur funktional, sondern auch optisch ansprechend. Sie [&hellip;]<\/p>\n","protected":false},"featured_media":82141,"comment_status":"open","ping_status":"closed","template":"","meta":{"_acf_changed":false},"origin":[],"product_brand":[],"product_cat":[483,484],"product_tag":[],"class_list":{"0":"post-82172","1":"product","2":"type-product","3":"status-publish","4":"has-post-thumbnail","6":"product_cat-wirbellose","7":"product_cat-schnecken","8":"product_shipping_class-lebendtierversand","10":"first","11":"instock","12":"taxable","13":"shipping-taxable","14":"purchasable","15":"product-type-simple"},"acf":[],"_links":{"self":[{"href":"https:\/\/toms-korallen.de\/en\/wp-json\/wp\/v2\/product\/82172","targetHints":{"allow":["GET"]}}],"collection":[{"href":"https:\/\/toms-korallen.de\/en\/wp-json\/wp\/v2\/product"}],"about":[{"href":"https:\/\/toms-korallen.de\/en\/wp-json\/wp\/v2\/types\/product"}],"replies":[{"embeddable":true,"href":"https:\/\/toms-korallen.de\/en\/wp-json\/wp\/v2\/comments?post=82172"}],"version-history":[{"count":0,"href":"https:\/\/toms-korallen.de\/en\/wp-json\/wp\/v2\/product\/82172\/revisions"}],"wp:featuredmedia":[{"embeddable":true,"href":"https:\/\/toms-korallen.de\/en\/wp-json\/wp\/v2\/media\/82141"}],"wp:attachment":[{"href":"https:\/\/toms-korallen.de\/en\/wp-json\/wp\/v2\/media?parent=82172"}],"wp:term":[{"taxonomy":"origin","embeddable":true,"href":"https:\/\/toms-korallen.de\/en\/wp-json\/wp\/v2\/origin?post=82172"},{"taxonomy":"product_brand","embeddable":true,"href":"https:\/\/toms-korallen.de\/en\/wp-json\/wp\/v2\/product_brand?post=82172"},{"taxonomy":"product_cat","embeddable":true,"href":"https:\/\/toms-korallen.de\/en\/wp-json\/wp\/v2\/product_cat?post=82172"},{"taxonomy":"product_tag","embeddable":true,"href":"https:\/\/toms-korallen.de\/en\/wp-json\/wp\/v2\/product_tag?post=82172"}],"curies":[{"name":"wp","href":"https:\/\/api.w.org\/{rel}","templated":true}]}}