{"id":82154,"date":"2025-11-18T11:31:47","date_gmt":"2025-11-18T10:31:47","guid":{"rendered":"https:\/\/toms-korallen.de\/?post_type=product&#038;p=82154"},"modified":"2026-03-29T13:08:13","modified_gmt":"2026-03-29T11:08:13","slug":"conomurex-luhuanus","status":"publish","type":"product","link":"https:\/\/toms-korallen.de\/en\/conomurex-luhuanus\/","title":{"rendered":"Conomurex luhuanus \u2018Cone Fencer Snail\u2019"},"content":{"rendered":"<h1 data-start=\"0\" data-end=\"85\">Conomurex luhuanus - The cyano-eating cone snail for the marine aquarium<\/h1>\n<h2 data-start=\"87\" data-end=\"117\">Description and features<\/h2>\n<p data-start=\"118\" data-end=\"608\">The <strong data-start=\"122\" data-end=\"144\">Conomurex luhuanus<\/strong>, better known as <strong data-start=\"165\" data-end=\"189\">Cone fencing snail<\/strong>, is an unusual and extremely useful inhabitant of the marine aquarium. Its distinctive, cone-shaped shell and its characteristic, protruding <strong data-start=\"364\" data-end=\"384\">\u201efunny eyes\u201c<\/strong> make them a real eye-catcher, while their active behavior visibly enlivens the reef tank. This snail species is robust, peaceful and ideal for positively supporting biological processes in the substrate.<\/p>\n<h2 data-start=\"610\" data-end=\"660\">Useful properties in the marine aquarium<\/h2>\n<p data-start=\"661\" data-end=\"1350\">The cone fencer snail is one of the most valuable <strong data-start=\"712\" data-end=\"729\">Floor caretakers<\/strong> in modern marine aquaristics. It is specialized in the grazing of <strong data-start=\"811\" data-end=\"827\">Cyano saws<\/strong> and thus contributes effectively to the control of unwanted deposits on the soil substrate. At the same time, it eats with great stamina <strong data-start=\"959\" data-end=\"974\">Diatoms<\/strong>, which often occur in newly set up or nutrient-rich tanks. With its continuous cleaning behavior, it ensures a clean, loose substrate and supports the biological balance in the aquarium. Its inquisitive gaze and widely stretched eyestalks offer a charming, lively observation during the course of the day.<\/p>\n<h2 data-start=\"1352\" data-end=\"1375\">Keeping and care<\/h2>\n<p data-start=\"1376\" data-end=\"1918\">The Conomurex luhuanus prefers a fine to medium-grained sandy bottom on which it can actively move around and search for food. It is easy to care for and can easily be kept in mixed reef tanks, as it shows no interest in corals or invertebrates. In addition to its natural food sources, it also accepts supplementary feeds such as algae leaves or fine frozen food if the supply in the aquarium becomes scarce.<\/p>","protected":false},"excerpt":{"rendered":"<p>Conomurex luhuanus \u2013 Die Cyano-fressende Kegelfechterschnecke f\u00fcrs Meerwasseraquarium Beschreibung und Merkmale Die Conomurex luhuanus, besser bekannt als Kegelfechterschnecke, ist ein au\u00dfergew\u00f6hnlicher und \u00e4u\u00dferst n\u00fctzlicher Bewohner f\u00fcr das Meerwasseraquarium. Ihr markantes, kegelf\u00f6rmiges Geh\u00e4use und ihre charakteristischen, weit hervortretenden \u201elustigen Augen\u201c machen sie zu einem echten Hingucker, w\u00e4hrend ihr aktives Verhalten das Riffbecken sichtbar belebt. Diese Schneckenart [&hellip;]<\/p>\n","protected":false},"featured_media":82145,"comment_status":"open","ping_status":"closed","template":"","meta":{"_acf_changed":false},"origin":[],"product_brand":[],"product_cat":[483,484],"product_tag":[],"class_list":{"0":"post-82154","1":"product","2":"type-product","3":"status-publish","4":"has-post-thumbnail","6":"product_cat-wirbellose","7":"product_cat-schnecken","8":"product_shipping_class-lebendtierversand","10":"first","11":"instock","12":"taxable","13":"shipping-taxable","14":"purchasable","15":"product-type-simple"},"acf":[],"jetpack_sharing_enabled":true,"_links":{"self":[{"href":"https:\/\/toms-korallen.de\/en\/wp-json\/wp\/v2\/product\/82154","targetHints":{"allow":["GET"]}}],"collection":[{"href":"https:\/\/toms-korallen.de\/en\/wp-json\/wp\/v2\/product"}],"about":[{"href":"https:\/\/toms-korallen.de\/en\/wp-json\/wp\/v2\/types\/product"}],"replies":[{"embeddable":true,"href":"https:\/\/toms-korallen.de\/en\/wp-json\/wp\/v2\/comments?post=82154"}],"version-history":[{"count":0,"href":"https:\/\/toms-korallen.de\/en\/wp-json\/wp\/v2\/product\/82154\/revisions"}],"wp:featuredmedia":[{"embeddable":true,"href":"https:\/\/toms-korallen.de\/en\/wp-json\/wp\/v2\/media\/82145"}],"wp:attachment":[{"href":"https:\/\/toms-korallen.de\/en\/wp-json\/wp\/v2\/media?parent=82154"}],"wp:term":[{"taxonomy":"origin","embeddable":true,"href":"https:\/\/toms-korallen.de\/en\/wp-json\/wp\/v2\/origin?post=82154"},{"taxonomy":"product_brand","embeddable":true,"href":"https:\/\/toms-korallen.de\/en\/wp-json\/wp\/v2\/product_brand?post=82154"},{"taxonomy":"product_cat","embeddable":true,"href":"https:\/\/toms-korallen.de\/en\/wp-json\/wp\/v2\/product_cat?post=82154"},{"taxonomy":"product_tag","embeddable":true,"href":"https:\/\/toms-korallen.de\/en\/wp-json\/wp\/v2\/product_tag?post=82154"}],"curies":[{"name":"wp","href":"https:\/\/api.w.org\/{rel}","templated":true}]}}