{"id":82140,"date":"2025-11-18T11:20:11","date_gmt":"2025-11-18T10:20:11","guid":{"rendered":"https:\/\/toms-korallen.de\/?post_type=product&#038;p=82140"},"modified":"2026-04-21T09:39:51","modified_gmt":"2026-04-21T07:39:51","slug":"mespilia-globulus-ball-sea-urchin","status":"publish","type":"product","link":"https:\/\/toms-korallen.de\/en\/mespilia-globulus-kugel-seeigel\/","title":{"rendered":"Mespilia globulus \u2018Spherical sea urchin\u2019"},"content":{"rendered":"<h1 data-start=\"0\" data-end=\"79\">Mespilia globulus - The popular spherical sea urchin for the marine aquarium<\/h1>\n<h2 data-start=\"81\" data-end=\"109\">Description and features<\/h2>\n<p data-start=\"110\" data-end=\"589\">The <strong data-start=\"114\" data-end=\"135\">Mespilia globulus<\/strong>, also as <strong data-start=\"146\" data-end=\"167\">Blue star sea urchin<\/strong> or <strong data-start=\"173\" data-end=\"195\">Blue Tuxedo Urchin<\/strong> is an extremely attractive and peaceful sea urchin for saltwater aquariums. With its characteristic deep blue or turquoise bands and round, compact body shape, it is one of the most popular invertebrates in reef aquariums. Its intense coloration makes it a real eye-catcher and ensures a natural and lively look in the aquarium.<\/p>\n<h2 data-start=\"591\" data-end=\"623\">Keeping in a marine aquarium<\/h2>\n<p data-start=\"624\" data-end=\"1235\">Mespilia globulus is an ideal algae eater and makes an effective contribution to biological cleaning in the reef aquarium. It moves leisurely over the rock and eats various types of algae, including stubborn deposits. Stable water quality with good carbonate hardness and calcium levels is particularly important for its health. Sufficient live rock should also be available so that it can find enough food and hiding places. The blue star urchin is considered to be absolutely peaceful and can easily be kept together with fish, shrimps, corals and other invertebrates.<\/p>\n<h2 data-start=\"1237\" data-end=\"1260\">Care and nutrition<\/h2>\n<p data-start=\"1261\" data-end=\"1670\">The diet of Mespilia globulus consists mainly of growth and microalgae, which it finds independently in the aquarium. In tanks with low algae growth, it should be supplemented with nori algae or special sea urchin food to ensure an optimal supply. Its regular, natural algae care makes it a valuable and useful inhabitant in any reef aquarium.<\/p>","protected":false},"excerpt":{"rendered":"<p>Mespilia globulus \u2013 Der beliebte Kugel-Seeigel f\u00fcr das Meerwasseraquarium Beschreibung und Merkmale Der Mespilia globulus, auch als Blaustern-Seeigel oder Blue Tuxedo Urchin bekannt, ist ein \u00e4u\u00dferst attraktiver und friedlicher Seeigel f\u00fcr Meerwasseraquarien. Mit seinen charakteristischen, tiefblauen oder t\u00fcrkisfarbenen B\u00e4ndern und der runden, kompakten K\u00f6rperform z\u00e4hlt er zu den beliebtesten wirbellosen Pfleglingen in der Riffaquaristik. Seine [&hellip;]<\/p>\n","protected":false},"featured_media":82146,"comment_status":"open","ping_status":"closed","template":"","meta":{"_acf_changed":false},"origin":[],"product_brand":[],"product_cat":[483,485],"product_tag":[],"class_list":{"0":"post-82140","1":"product","2":"type-product","3":"status-publish","4":"has-post-thumbnail","6":"product_cat-wirbellose","7":"product_cat-seeigel","8":"product_shipping_class-lebendtierversand","10":"first","11":"instock","12":"taxable","13":"shipping-taxable","14":"purchasable","15":"product-type-simple"},"acf":[],"_links":{"self":[{"href":"https:\/\/toms-korallen.de\/en\/wp-json\/wp\/v2\/product\/82140","targetHints":{"allow":["GET"]}}],"collection":[{"href":"https:\/\/toms-korallen.de\/en\/wp-json\/wp\/v2\/product"}],"about":[{"href":"https:\/\/toms-korallen.de\/en\/wp-json\/wp\/v2\/types\/product"}],"replies":[{"embeddable":true,"href":"https:\/\/toms-korallen.de\/en\/wp-json\/wp\/v2\/comments?post=82140"}],"version-history":[{"count":0,"href":"https:\/\/toms-korallen.de\/en\/wp-json\/wp\/v2\/product\/82140\/revisions"}],"wp:featuredmedia":[{"embeddable":true,"href":"https:\/\/toms-korallen.de\/en\/wp-json\/wp\/v2\/media\/82146"}],"wp:attachment":[{"href":"https:\/\/toms-korallen.de\/en\/wp-json\/wp\/v2\/media?parent=82140"}],"wp:term":[{"taxonomy":"origin","embeddable":true,"href":"https:\/\/toms-korallen.de\/en\/wp-json\/wp\/v2\/origin?post=82140"},{"taxonomy":"product_brand","embeddable":true,"href":"https:\/\/toms-korallen.de\/en\/wp-json\/wp\/v2\/product_brand?post=82140"},{"taxonomy":"product_cat","embeddable":true,"href":"https:\/\/toms-korallen.de\/en\/wp-json\/wp\/v2\/product_cat?post=82140"},{"taxonomy":"product_tag","embeddable":true,"href":"https:\/\/toms-korallen.de\/en\/wp-json\/wp\/v2\/product_tag?post=82140"}],"curies":[{"name":"wp","href":"https:\/\/api.w.org\/{rel}","templated":true}]}}