{"id":100,"date":"2019-03-27T09:34:25","date_gmt":"2019-03-27T08:34:25","guid":{"rendered":"http:\/\/shop.toms-korallen.de\/?page_id=100"},"modified":"2026-05-05T10:23:41","modified_gmt":"2026-05-05T08:23:41","slug":"zahlung-und-versand","status":"publish","type":"page","link":"https:\/\/toms-korallen.de\/en\/zahlung-und-versand\/","title":{"rendered":"Payment, shipping &amp; collection of orders"},"content":{"rendered":"<h3>Collection<\/h3>\n<p>If you can pick up your orders, this saves on shipping materials and protects the environment. You also have the option of choosing your own corals for \u2018off-the-peg\u2019 corals, i.e. cuttings without an original photo.<\/p>\n<p>However, Tom's Coral Farm is not a retail store. We are focused on breeding and online shipping. The processes are quite tight and time is always tight because Tom's Corals is only a part-time project and everything that needs to be done has to be accommodated in the limited time available.<\/p>\n<p>I therefore offer the following windows for collection with prior notification:<\/p>\n<p><strong>Mondays and Wednesdays 5:00 pm - 6:00 pm<\/strong><\/p>\n<h3>General information on shipping<\/h3>\n<p>The corals are carefully packed. I send the animals in packaging specially developed for this purpose. The corals are packed hanging upside down and activated charcoal is added. The packaging is placed in a polystyrene box and secured against slipping. This polystyrene box, in turn, is wrapped in cardboard. Depending on the weather, heat packs are placed between the polystyrene box and the cardboard. This creates an insulating layer of warm air that compensates for fluctuations in the ambient temperature. This packaging system has also proved its worth in winter.<\/p>\n<h3>Changes to delivery date or delivery address<\/h3>\n<p>A change of delivery date or delivery address must be sent as an email and is only considered accepted if we confirm it by email.<\/p>\n<h3>Live arrival guarantee<\/h3>\n<p>If one or more corals do not survive shipping, there is a live arrival guarantee, simply because of the legal basis that I, as a trader, have to ensure that the shipped goods reach the customer undamaged. Incidentally, this applies to all online retailers. It means that you will be refunded the money for a coral that has been damaged in transit. In order for me to initiate the refund, however, it must be clear to me that the animal has perished due to damage that occurred during transportation.<\/p>\n<p>In general:<br \/>\nWe will find a solution if there are any defects. Please contact me, I look forward to your feedback.<\/p>\n<h3>Live animal shipping<\/h3>\n<p>Within Germany and Austria, corals are shipped with General Overnight GO! and with UPS Express Saver certified live animal shipping. The other countries are shipped with UPS Express Saver. The shipping costs to your destination country can be found in the table below. If the actual shipping costs are significantly higher than stated in the flat rate, I reserve the right to add these to the invoice in consultation with you. Unfortunately, UPS has increased my shipping costs considerably. In principle, shipping costs will not be refunded.<\/p>\n<div id=\"footable_parent_4240\"\n         class=\"footable_parent ninja_table_wrapper loading_ninja_table wp_table_data_press_parent semantic_ui\">\n                <table data-ninja_table_instance=\"ninja_table_instance_0\" data-footable_id=\"4240\" data-filter-delay=\"1000\" aria-label=\"Shipping with General Overnight\"            id=\"footable_4240\"\n           data-unique_identifier=\"ninja_table_unique_id_326444176_4240\"\n           class=\"foo-table ninja_footable foo_table_4240 ninja_table_unique_id_326444176_4240 ui table  nt_type_ajax_table selectable striped vertical_centered  footable-paging-right\">\n                <colgroup>\n                            <col class=\"ninja_column_0\">\n                            <col class=\"ninja_column_1\">\n                            <col class=\"ninja_column_2\">\n                            <col class=\"ninja_column_3\">\n                    <\/colgroup>\n            <\/table>\n    \n    \n    \n<\/div>","protected":false},"excerpt":{"rendered":"<p>Abholung Wenn ihr eure Bestellungen abholen k\u00f6nnt, spart das Versandmaterialien und schont die Umwelt. Au\u00dferdem habt ihr dann die M\u00f6glichkeit bei Korallen &#8216;Von der Stange&#8217;, also bei Ablegern ohne Originalfoto, mitunter die Korallen selbst auszusuchen. Allerdings ist die Farm von Toms Korallen kein Ladengesch\u00e4ft. Wir sind auf die Zucht und den Online-Versand ausgerichtet. Die Prozesse [&hellip;]<\/p>\n","protected":false},"author":145,"featured_media":0,"parent":0,"menu_order":0,"comment_status":"closed","ping_status":"closed","template":"","meta":{"_acf_changed":false,"footnotes":""},"class_list":["post-100","page","type-page","status-publish","hentry"],"acf":[],"_links":{"self":[{"href":"https:\/\/toms-korallen.de\/en\/wp-json\/wp\/v2\/pages\/100","targetHints":{"allow":["GET"]}}],"collection":[{"href":"https:\/\/toms-korallen.de\/en\/wp-json\/wp\/v2\/pages"}],"about":[{"href":"https:\/\/toms-korallen.de\/en\/wp-json\/wp\/v2\/types\/page"}],"author":[{"embeddable":true,"href":"https:\/\/toms-korallen.de\/en\/wp-json\/wp\/v2\/users\/145"}],"replies":[{"embeddable":true,"href":"https:\/\/toms-korallen.de\/en\/wp-json\/wp\/v2\/comments?post=100"}],"version-history":[{"count":0,"href":"https:\/\/toms-korallen.de\/en\/wp-json\/wp\/v2\/pages\/100\/revisions"}],"wp:attachment":[{"href":"https:\/\/toms-korallen.de\/en\/wp-json\/wp\/v2\/media?parent=100"}],"curies":[{"name":"wp","href":"https:\/\/api.w.org\/{rel}","templated":true}]}}